{"id":506080,"date":"2025-09-24T14:05:21","date_gmt":"2025-09-24T12:05:21","guid":{"rendered":"https:\/\/lucacastelli.com\/prodotto\/scarpa-ribelle-hd\/"},"modified":"2026-03-02T16:11:12","modified_gmt":"2026-03-02T15:11:12","slug":"scarpa-ribelle-hd","status":"publish","type":"product","link":"https:\/\/lucacastelli.com\/fr\/produit\/scarpa-ribelle-hd\/","title":{"rendered":"SCARPA Ribelle HD"},"content":{"rendered":"<p>Ligne Ribelle, Alpinisme rapide et l\u00e9ger<\/p>\n<p>Chaussure l\u00e9g\u00e8re et rapide pour l&#8217;alpinisme, les via ferrata et le backpacking exigeant m\u00eame avec des charges lourdes. Compatible avec les crampons semi-automatiques. <\/p>\n<p>CARACT\u00c9RISTIQUES<\/p>\n<p>PREMI\u00c8RE DE MONTAGE<br \/>\nPro Fiber Roll en Polypropyl\u00e8ne + Fibre de verre, anatomique et structurelle, avec diff\u00e9rentes \u00e9paisseurs, l\u00e9g\u00e8re et avec diff\u00e9rentes rigidit\u00e9s anti-torsion. Performance, stabilit\u00e9 et confort maximaux. <\/p>\n<p>TIGE<br \/>\nEn cuir su\u00e8de hydrofuge Perwanger 2,5 mm + inserts en microfibre hydrofuge et col en tissu \u00e9lastique pour plus de confort. Syst\u00e8me de construction Sock-Fit XT qui enveloppe le pied comme une chaussette. Protection en PU sur la partie externe pour plus de l\u00e9g\u00e8ret\u00e9 et en caoutchouc sur la partie interne et la pointe pour plus de protection. La construction de la tige, lamin\u00e9e avec la technologie HDry\u00ae pour une imperm\u00e9abilit\u00e9 et un confort maximaux, associ\u00e9e \u00e0 la semelle garantit pr\u00e9cision, maintien, confort et synergie optimaux entre le pied et la tige.   <\/p>\n<p>LA\u00c7AGE<br \/>\n&#8220;Speed Lacing&#8221; de nouvelle conception avec pi\u00e8ces bi-composantes en acier l\u00e9ger et plastique. Le la\u00e7age avanc\u00e9 sur l&#8217;avant est diff\u00e9renci\u00e9 en deux parties. La partie inf\u00e9rieure avec passants permet un glissement rapide du lacet et le r\u00e9glage du volume en un seul mouvement. La partie sup\u00e9rieure dispose d&#8217;un bloque-lacet qui s\u00e9pare les zones de tension du la\u00e7age et des crochets pour un maintien homog\u00e8ne et progressif de la cheville, pour obtenir un chaussant confortable et sans contraintes.   <\/p>\n<p>DOUBLURE<br \/>\nEn tissu 37.5\u00ae lamin\u00e9 avec technologie HDry\u00ae pour une imperm\u00e9abilit\u00e9 et un confort maximaux.<\/p>\n<p>SEMELLE<br \/>\nPrecision Tech Roll con\u00e7ue et d\u00e9velopp\u00e9e par SCARPA, le r\u00e9sultat est une semelle aux volumes contenus, au chaussant pr\u00e9cis, rapide, l\u00e9g\u00e8re et confortable.<\/p>\n<p>SEMELLE EXT\u00c9RIEURE<br \/>\nEn m\u00e9lange Mont de Vibram\u00ae assure stabilit\u00e9 et durabilit\u00e9. Compatible avec les crampons semi-automatiques. <\/p>\n","protected":false},"excerpt":{"rendered":"<p>Ligne Ribelle, Alpinisme rapide et l\u00e9ger Chaussure l\u00e9g\u00e8re et rapide pour l&#8217;alpinisme, les via ferrata et le backpacking exigeant m\u00eame<\/p>\n","protected":false},"featured_media":632226,"template":"","meta":{"_seopress_robots_primary_cat":"none","_seopress_titles_title":"","_seopress_titles_desc":"","_seopress_robots_index":""},"product_brand":[4719],"product_cat":[173,1420,1432],"product_tag":[],"class_list":{"0":"post-506080","1":"product","2":"type-product","3":"status-publish","4":"has-post-thumbnail","6":"product_brand-scarpa-fr","7":"product_cat-chaussures","8":"product_cat-chaussures-de-loisirs","9":"product_cat-chaussures-pour-hommes","10":"sws-gruppo-abb-libero-fr","11":"sws-conto-ricavi-merci-rivendita-abbigliamento-fr","12":"sws-gruppo-iva-iva81-fr","14":"first","15":"instock","16":"shipping-taxable","17":"purchasable","18":"product-type-variable","19":"has-default-attributes"},"_links":{"self":[{"href":"https:\/\/lucacastelli.com\/fr\/wp-json\/wp\/v2\/product\/506080","targetHints":{"allow":["GET"]}}],"collection":[{"href":"https:\/\/lucacastelli.com\/fr\/wp-json\/wp\/v2\/product"}],"about":[{"href":"https:\/\/lucacastelli.com\/fr\/wp-json\/wp\/v2\/types\/product"}],"wp:featuredmedia":[{"embeddable":true,"href":"https:\/\/lucacastelli.com\/fr\/wp-json\/wp\/v2\/media\/632226"}],"wp:attachment":[{"href":"https:\/\/lucacastelli.com\/fr\/wp-json\/wp\/v2\/media?parent=506080"}],"wp:term":[{"taxonomy":"product_brand","embeddable":true,"href":"https:\/\/lucacastelli.com\/fr\/wp-json\/wp\/v2\/product_brand?post=506080"},{"taxonomy":"product_cat","embeddable":true,"href":"https:\/\/lucacastelli.com\/fr\/wp-json\/wp\/v2\/product_cat?post=506080"},{"taxonomy":"product_tag","embeddable":true,"href":"https:\/\/lucacastelli.com\/fr\/wp-json\/wp\/v2\/product_tag?post=506080"}],"curies":[{"name":"wp","href":"https:\/\/api.w.org\/{rel}","templated":true}]}}