{"id":506055,"date":"2022-08-17T14:32:29","date_gmt":"2022-08-17T12:32:29","guid":{"rendered":"https:\/\/lucacastelli.com\/prodotto\/sip-protection-kletterhose-1ssh\/"},"modified":"2022-08-17T14:32:29","modified_gmt":"2022-08-17T12:32:29","slug":"sip-protection-kletterhose-1ssh","status":"publish","type":"product","link":"https:\/\/lucacastelli.com\/fr\/produit\/sip-protection-kletterhose-1ssh\/","title":{"rendered":"SIP PROTECTION Kletterhose 1SSH"},"content":{"rendered":"<p>PANTALON D\u2019ESCALADE HAUTE VISIBILIT\u00c9 EN ISO 20471 CLASSE 2<br \/>\nCe pantalon d\u2019escalade haute visibilit\u00e9 classe 2 EN ISO 20471 sans protection contre les coupures poss\u00e8de toutes les caract\u00e9ristiques de la gamme Progress. Tissu ext\u00e9rieur Texxion enti\u00e8rement extensible avec finition en t\u00e9flon\u2122 hydrofuge, anti-salissures et ol\u00e9ofuge. De plus, toutes les poches sont \u00e9quip\u00e9es de fermetures \u00e9clair et le pantalon est renforc\u00e9 au niveau des genoux avec du tissu Armortex\u00ae.  <\/p>\n<p>EXTERNE<br \/>\n&#8211; Harnais arri\u00e8re avec attache pour renfort, harnais arri\u00e8re avec mousse<br \/>\n&#8211; Fente zipp\u00e9e sur le devant &#8211; Fermeture \u00e0 la taille avec 2 boutons m\u00e9talliques<br \/>\n&#8211; Ceinture \u00e9lastiqu\u00e9e avec passants de ceinture et attache porte-jarretelles<br \/>\n&#8211; R\u00e9tr\u00e9cissement du bas de la jambe gr\u00e2ce \u00e0 la languette velcro<br \/>\n&#8211; 1 poche m\u00e8tre \u00e0 rabat et pressions cach\u00e9es, 1 poche hanche \u00e0 rabat et zip, 1 poche cuisse zipp\u00e9e, 1 poche plaqu\u00e9e t\u00e9l\u00e9phone portable sur la jambe droite avec zip \u00e9tanche, 2 poches int\u00e9rieures zipp\u00e9es<br \/>\n&#8211; Triple couture \u00e0 l\u2019arri\u00e8re de la croix<\/p>\n<p>INT\u00c9RIEUR-<br \/>\n Gu\u00eatre \u00e9lastique avec crochet de la\u00e7age m\u00e9tallique int\u00e9gr\u00e9 pour la fixation aux lacets<\/p>\n<p>TISSU-<br \/>\n R\u00e9sistant \u00e0 la d\u00e9chirure et hydrofuge et \u00e0 la salet\u00e9 gr\u00e2ce au tissu sup\u00e9rieur TeFlon\u2122 TeXXion HV (89&nbsp;% polyester &#8211; 11&nbsp;% \u00e9lasthanne&nbsp;; \u00b1250 g\/m\u00b2).<br \/>\n&#8211; Renforts \u00e9lastiques l\u00e9gers Armortex (30,7&nbsp;% para-aramide &#8211; 60,6&nbsp;% polyamide &#8211; 6,5&nbsp;% \u00e9lasthanne &#8211; 2,2&nbsp;% polyur\u00e9thane \u00b1340g\/m2)<\/p>\n","protected":false},"excerpt":{"rendered":"<p>PANTALON D\u2019ESCALADE HAUTE VISIBILIT\u00c9 EN ISO 20471 CLASSE 2 Ce pantalon d\u2019escalade haute visibilit\u00e9 classe 2 EN ISO 20471 sans<\/p>\n","protected":false},"featured_media":43265,"template":"","meta":{"_seopress_robots_primary_cat":"","_seopress_titles_title":"","_seopress_titles_desc":"","_seopress_robots_index":""},"product_brand":[4716],"product_cat":[81,1381],"product_tag":[],"class_list":{"0":"post-506055","1":"product","2":"type-product","3":"status-publish","4":"has-post-thumbnail","6":"product_brand-sip-protection-fr","7":"product_cat-vetements","8":"product_cat-vetements-de-travail","9":"sws-gruppo-abb-libero-fr","10":"sws-conto-ricavi-merci-rivendita-abbigliamento-fr","11":"sws-gruppo-iva-iva81-fr","13":"first","14":"instock","15":"shipping-taxable","16":"purchasable","17":"product-type-variable"},"_links":{"self":[{"href":"https:\/\/lucacastelli.com\/fr\/wp-json\/wp\/v2\/product\/506055","targetHints":{"allow":["GET"]}}],"collection":[{"href":"https:\/\/lucacastelli.com\/fr\/wp-json\/wp\/v2\/product"}],"about":[{"href":"https:\/\/lucacastelli.com\/fr\/wp-json\/wp\/v2\/types\/product"}],"wp:featuredmedia":[{"embeddable":true,"href":"https:\/\/lucacastelli.com\/fr\/wp-json\/wp\/v2\/media\/43265"}],"wp:attachment":[{"href":"https:\/\/lucacastelli.com\/fr\/wp-json\/wp\/v2\/media?parent=506055"}],"wp:term":[{"taxonomy":"product_brand","embeddable":true,"href":"https:\/\/lucacastelli.com\/fr\/wp-json\/wp\/v2\/product_brand?post=506055"},{"taxonomy":"product_cat","embeddable":true,"href":"https:\/\/lucacastelli.com\/fr\/wp-json\/wp\/v2\/product_cat?post=506055"},{"taxonomy":"product_tag","embeddable":true,"href":"https:\/\/lucacastelli.com\/fr\/wp-json\/wp\/v2\/product_tag?post=506055"}],"curies":[{"name":"wp","href":"https:\/\/api.w.org\/{rel}","templated":true}]}}