{"id":506037,"date":"2022-06-18T16:39:20","date_gmt":"2022-06-18T14:39:20","guid":{"rendered":"https:\/\/lucacastelli.com\/prodotto\/protection-sip-auvent-w-air\/"},"modified":"2022-06-18T16:39:20","modified_gmt":"2022-06-18T14:39:20","slug":"protection-sip-auvent-w-air","status":"publish","type":"product","link":"https:\/\/lucacastelli.com\/fr\/produit\/protection-sip-auvent-w-air\/","title":{"rendered":"PROTECTION SIP AUVENT W-AIR"},"content":{"rendered":"<p>Pantalon anti-coupure classe 1 type A<\/p>\n<p>Con\u00e7u pour les arboriculteurs, le pantalon de protection contre les coupures W-AIR Canopy combine les principales caract\u00e9ristiques de la ligne W-AIR dans le programme Innovation, une grande surface de ventilation bas\u00e9e sur un tissu en maille, leur nouvelle coupe et l\u2019introduction d\u2019un syst\u00e8me d\u2019\u00e9lastique Texxion \u00e0 4 voies pour une libert\u00e9 de mouvement optimale. Il est disponible en diff\u00e9rentes longueurs d\u2019entrejambe : court, standard (longueur d\u2019entrejambe 82 cm) ou long (88 cm). De plus, d\u2019autres caract\u00e9ristiques telles que la gu\u00eatre au bas de la jambe et les genouill\u00e8res imperm\u00e9ables Pezaflex Aqua (Cordura\u00ae) font que le pantalon Canopy W-Air est toujours le premier choix des arboriculteurs. Et tout cela avec un poids d\u2019environ 1100g en taille M !   <\/p>\n<p>CARACT\u00c9RISTIQUES PRINCIPALES-<br \/>\n Tissu ext\u00e9rieur extensible dans les 4 sens Texxion avec rev\u00eatement en t\u00e9flon\u2122 hydrofuge et anti-salissures.<br \/>\n&#8211; Renforts imperm\u00e9ables Pezaflex Aqua sur les genoux<br \/>\n&#8211; Gu\u00eatre \u00e9lastique avec crochets m\u00e9talliques pour s\u00e9curiser les lacets<br \/>\n&#8211; Tissu en maille pour une meilleure circulation de l\u2019air<br \/>\n&#8211; Disponible en 3 longueurs d\u2019entrejambe diff\u00e9rentes : SHORT (court 75cm) \/ NORMAL (longueur standard 82cm) \/ LONG (long 88cm)<br \/>\n&#8211; Tr\u00e8s l\u00e9ger : ~1100g<\/p>\n<p>EXT\u00c9RIEUR-<br \/>\n Fente zipp\u00e9e sur le devant &#8211; Fermeture \u00e0 la taille par agrafe et bouton-pression<br \/>\n&#8211; 2 poches zipp\u00e9es<br \/>\n&#8211; 1 poche arri\u00e8re zipp\u00e9e avec rabat et fermeture \u00e9clair<br \/>\n&#8211; 1 poche plaqu\u00e9e zipp\u00e9e<br \/>\nsur la cuisse &#8211; 1 poche plaqu\u00e9e pour t\u00e9l\u00e9phone portable sur la jambe droite avec fermeture \u00e9clair \u00e9tanche<br \/>\n&#8211; Ceinture \u00e9lastique avec passants de ceinture et porte-jarretelles (R\u00e9f. 5SD4)<br \/>\n&#8211; Triple couture \u00e0 l\u2019arri\u00e8re de la zone transversale<\/p>\n<p>INT\u00c9RIEUR-<br \/>\n Doublure en nylnet pour un confort optimal (100&nbsp;% polyester)<br \/>\n&#8211; Barri\u00e8re contre l\u2019humidit\u00e9 sur le bas, au-dessus de l\u2019insert de protection<br \/>\n&#8211; Gu\u00eatre \u00e9lastique avec crochets m\u00e9talliques pour fixer les lacets<br \/>\n&#8211; Insert de protection \u00e0 6 couches sur le devant \u00e0 base de fils Dyneema\u00ae.<\/p>\n<p>TISSU  <\/p>\n<p>Tissu ext\u00e9rieur Pezatec trait\u00e9 au t\u00e9flon\u2122 (100&nbsp;% Cordura\u00ae \u00b1 155g\/m2) Inserts Pezaflex trait\u00e9s au t\u00e9flon\u2122 (94&nbsp;% polyamide Cordura\u00ae haute t\u00e9nacit\u00e9 &#8211; 6&nbsp;% \u00e9lasthanne ; \u00b1200 g\/m\u00b2) Plus r\u00e9sistant \u00e0 la d\u00e9chirure et \u00e0 l\u2019eau et \u00e0 la salet\u00e9 gr\u00e2ce au t\u00e9flon\u2122 TeXXion HV (89&nbsp;% polyester &#8211; 11&nbsp;% \u00e9lasthanne ; \u00b1250 g\/m\u00b2) Tissu sup\u00e9rieur en maille : 40&nbsp;% polyamide + 60&nbsp;% PET recycl\u00e9 ; \u00b1 230 g\/m2 Pezatec HV (100 % polyester \u00b1185 g\/m2) Tissu sup\u00e9rieur avec finition t\u00e9flon\u2122 hydrofuge Rev\u00eatement imperm\u00e9able Pezaflex Aqua (94 % Cordura \u00ae haute r\u00e9sistance &#8211; 6 % \u00e9lasthanne avec rev\u00eatement PU ; \u00b1 250 g\/m\u00b2)<\/p>\n<table class=\"product--properties-table\">\n<tbody>\n<tr class=\"product--properties-row\">\n<td class=\"product--properties-label is--bold\">Taille&nbsp;:<\/td>\n<td class=\"product--properties-value\">XS, S, M, L, XL, XXL<\/td>\n<\/tr>\n<tr class=\"product--properties-row\">\n<td class=\"product--properties-label is--bold\">Type d\u2019article&nbsp;:<\/td>\n<td class=\"product--properties-value\">Schnittschutzhosen<\/td>\n<\/tr>\n<tr class=\"product--properties-row\">\n<td class=\"product--properties-label is--bold\">Longueur&nbsp;:<\/td>\n<td class=\"product--properties-value\">Court, Normal, Long<\/td>\n<\/tr>\n<\/tbody>\n<\/table>\n","protected":false},"excerpt":{"rendered":"<p>Pantalon anti-coupure classe 1 type A Con\u00e7u pour les arboriculteurs, le pantalon de protection contre les coupures W-AIR Canopy combine<\/p>\n","protected":false},"featured_media":40181,"template":"","meta":{"_seopress_robots_primary_cat":"","_seopress_titles_title":"","_seopress_titles_desc":"","_seopress_robots_index":""},"product_brand":[4406],"product_cat":[21,284],"product_tag":[],"class_list":{"0":"post-506037","1":"product","2":"type-product","3":"status-publish","4":"has-post-thumbnail","6":"product_brand-sip-protection","7":"product_cat-abbigliamento","8":"product_cat-abbigliamento-da-lavoro","9":"sws-gruppo-abb-libero-de","10":"sws-conto-ricavi-merci-rivendita-abbigliamento","11":"sws-gruppo-iva-iva81","13":"first","14":"outofstock","15":"shipping-taxable","16":"product-type-variable"},"_links":{"self":[{"href":"https:\/\/lucacastelli.com\/fr\/wp-json\/wp\/v2\/product\/506037","targetHints":{"allow":["GET"]}}],"collection":[{"href":"https:\/\/lucacastelli.com\/fr\/wp-json\/wp\/v2\/product"}],"about":[{"href":"https:\/\/lucacastelli.com\/fr\/wp-json\/wp\/v2\/types\/product"}],"wp:featuredmedia":[{"embeddable":true,"href":"https:\/\/lucacastelli.com\/fr\/wp-json\/wp\/v2\/media\/40181"}],"wp:attachment":[{"href":"https:\/\/lucacastelli.com\/fr\/wp-json\/wp\/v2\/media?parent=506037"}],"wp:term":[{"taxonomy":"product_brand","embeddable":true,"href":"https:\/\/lucacastelli.com\/fr\/wp-json\/wp\/v2\/product_brand?post=506037"},{"taxonomy":"product_cat","embeddable":true,"href":"https:\/\/lucacastelli.com\/fr\/wp-json\/wp\/v2\/product_cat?post=506037"},{"taxonomy":"product_tag","embeddable":true,"href":"https:\/\/lucacastelli.com\/fr\/wp-json\/wp\/v2\/product_tag?post=506037"}],"curies":[{"name":"wp","href":"https:\/\/api.w.org\/{rel}","templated":true}]}}