{"id":505950,"date":"2023-05-20T14:11:50","date_gmt":"2023-05-20T12:11:50","guid":{"rendered":"https:\/\/lucacastelli.com\/prodotto\/stema-schlegelmaher\/"},"modified":"2025-08-05T13:44:32","modified_gmt":"2025-08-05T11:44:32","slug":"stema-schlegelmaher","status":"publish","type":"product","link":"https:\/\/lucacastelli.com\/fr\/produit\/stema-schlegelmaher\/","title":{"rendered":"STEMA Schlegelm\u00e4her"},"content":{"rendered":"<p>Faucheuse \u00e0 fl\u00e9aux avec patins et roues  <\/p>\n","protected":false},"excerpt":{"rendered":"<p>Faucheuse \u00e0 fl\u00e9aux avec patins et roues<\/p>\n","protected":false},"featured_media":55717,"template":"","meta":{"_seopress_robots_primary_cat":"","_seopress_titles_title":"","_seopress_titles_desc":"","_seopress_robots_index":""},"product_brand":[4712],"product_cat":[167,1453,1523],"product_tag":[],"class_list":{"0":"post-505950","1":"product","2":"type-product","3":"status-publish","4":"has-post-thumbnail","6":"product_brand-stema-fr","7":"product_cat-machines","8":"product_cat-autres-appareils","9":"product_cat-machines-polyvalentes","11":"first","12":"onbackorder","13":"shipping-taxable","14":"purchasable","15":"product-type-variable"},"_links":{"self":[{"href":"https:\/\/lucacastelli.com\/fr\/wp-json\/wp\/v2\/product\/505950","targetHints":{"allow":["GET"]}}],"collection":[{"href":"https:\/\/lucacastelli.com\/fr\/wp-json\/wp\/v2\/product"}],"about":[{"href":"https:\/\/lucacastelli.com\/fr\/wp-json\/wp\/v2\/types\/product"}],"wp:featuredmedia":[{"embeddable":true,"href":"https:\/\/lucacastelli.com\/fr\/wp-json\/wp\/v2\/media\/55717"}],"wp:attachment":[{"href":"https:\/\/lucacastelli.com\/fr\/wp-json\/wp\/v2\/media?parent=505950"}],"wp:term":[{"taxonomy":"product_brand","embeddable":true,"href":"https:\/\/lucacastelli.com\/fr\/wp-json\/wp\/v2\/product_brand?post=505950"},{"taxonomy":"product_cat","embeddable":true,"href":"https:\/\/lucacastelli.com\/fr\/wp-json\/wp\/v2\/product_cat?post=505950"},{"taxonomy":"product_tag","embeddable":true,"href":"https:\/\/lucacastelli.com\/fr\/wp-json\/wp\/v2\/product_tag?post=505950"}],"curies":[{"name":"wp","href":"https:\/\/api.w.org\/{rel}","templated":true}]}}