{"id":505945,"date":"2023-05-20T13:55:13","date_gmt":"2023-05-20T11:55:13","guid":{"rendered":"https:\/\/lucacastelli.com\/prodotto\/stema-gh7-9\/"},"modified":"2025-08-05T13:42:10","modified_gmt":"2025-08-05T11:42:10","slug":"stema-gh7-9","status":"publish","type":"product","link":"https:\/\/lucacastelli.com\/fr\/produit\/stema-gh7-9\/","title":{"rendered":"STEMA GH7\/9"},"content":{"rendered":"<p>Multipurpose machine with hydrostatic transmission \/ stema Monoaxe \u00e0 transmission hydrostatique<\/p>\n<p>Petite machine polyvalente et maniable \u00e0 transmission hydrostatique continue. Pour une utilisation<br \/>\n. Pour le d\u00e9neigement, le balayage et la tonte. Les diff\u00e9rents accessoires peuvent \u00eatre<br \/>\nLes diff\u00e9rents accessoires peuvent \u00eatre chang\u00e9s rapidement gr\u00e2ce \u00e0 l&#8217;attache rapide.   <\/p>\n<p>Petite machine polyvalente \u00e0 transmission hydrostatique. Id\u00e9ale pour les professionnels et les particuliers.<br \/>\nPour le nettoyage, la pose de filets et le tarage. Les diff\u00e9rents \u00e9l\u00e9ments peuvent \u00eatre remplac\u00e9s rapidement gr\u00e2ce \u00e0 l&#8217;accouplement rapide.  <\/p>\n<p>Engine \/ Moteur HONDA GX200 6 hp OHV \/ hp or \/ or GX270 9 hp OHV \/ hp<br \/>\nClutch \/ separate clutch for power take-off \/ s\u00e9par\u00e9 pour prise de force<br \/>\nTransmission \/ hydrostatic continuously variable transmission \/ hydrostatique progressive<br \/>\nBrake \/ Frein ja \/ oui<br \/>\nSpeed \/ Vitesse d&#8217;avancement V \/ avant 0 &#8211; 8 km\/h, R \/ arri\u00e8re 0 &#8211; 3 km\/h<br \/>\nDifferenziale \/ Diff\u00e9rentiel via hand lever left and right \/ par levier \u00e0 gauche et \u00e0 droite<br \/>\nHandlebar \/ Mancheron adjustable in height and laterally \/ r\u00e9glable en hauteur et lat\u00e9ralement<br \/>\nTyres \/ Pneus 16&#215;6.50-8 oder \/ ou 4.00-8<br \/>\nRaccordement rapide \/ Raccordement rapide for accessories \/ pour les accessoires<br \/>\nGewicht \/ Poids Grundmaschine ca. 75 kg \/ machine de base, environ. 75 kg<br \/>\nAbmessung \/ Dimensions L 112 cm, L 66 \/ 54 cm, H 104 cm<\/p>\n","protected":false},"excerpt":{"rendered":"<p>Multipurpose machine with hydrostatic transmission \/ stema Monoaxe \u00e0 transmission hydrostatique Petite machine polyvalente et maniable \u00e0 transmission hydrostatique continue.<\/p>\n","protected":false},"featured_media":55687,"template":"","meta":{"_seopress_robots_primary_cat":"","_seopress_titles_title":"","_seopress_titles_desc":"","_seopress_robots_index":""},"product_brand":[4712],"product_cat":[167,1453,1523],"product_tag":[],"class_list":{"0":"post-505945","1":"product","2":"type-product","3":"status-publish","4":"has-post-thumbnail","6":"product_brand-stema-fr","7":"product_cat-machines","8":"product_cat-autres-appareils","9":"product_cat-machines-polyvalentes","11":"first","12":"onbackorder","13":"shipping-taxable","14":"purchasable","15":"product-type-variable"},"_links":{"self":[{"href":"https:\/\/lucacastelli.com\/fr\/wp-json\/wp\/v2\/product\/505945","targetHints":{"allow":["GET"]}}],"collection":[{"href":"https:\/\/lucacastelli.com\/fr\/wp-json\/wp\/v2\/product"}],"about":[{"href":"https:\/\/lucacastelli.com\/fr\/wp-json\/wp\/v2\/types\/product"}],"wp:featuredmedia":[{"embeddable":true,"href":"https:\/\/lucacastelli.com\/fr\/wp-json\/wp\/v2\/media\/55687"}],"wp:attachment":[{"href":"https:\/\/lucacastelli.com\/fr\/wp-json\/wp\/v2\/media?parent=505945"}],"wp:term":[{"taxonomy":"product_brand","embeddable":true,"href":"https:\/\/lucacastelli.com\/fr\/wp-json\/wp\/v2\/product_brand?post=505945"},{"taxonomy":"product_cat","embeddable":true,"href":"https:\/\/lucacastelli.com\/fr\/wp-json\/wp\/v2\/product_cat?post=505945"},{"taxonomy":"product_tag","embeddable":true,"href":"https:\/\/lucacastelli.com\/fr\/wp-json\/wp\/v2\/product_tag?post=505945"}],"curies":[{"name":"wp","href":"https:\/\/api.w.org\/{rel}","templated":true}]}}