{"id":505937,"date":"2023-05-20T11:01:59","date_gmt":"2023-05-20T09:01:59","guid":{"rendered":"https:\/\/lucacastelli.com\/prodotto\/stema-fc-30\/"},"modified":"2025-08-05T13:48:21","modified_gmt":"2025-08-05T11:48:21","slug":"stema-fc-30","status":"publish","type":"product","link":"https:\/\/lucacastelli.com\/fr\/produit\/stema-fc-30\/","title":{"rendered":"STEMA FC 30"},"content":{"rendered":"<p>Bar mower \/ Motofaucheuse<\/p>\n<p>Une motofaucheuse puissante et confortable avec un moteur \u00e0 essence de 9 ch. La bo\u00eete de vitesses \u00e0 4 rapports avant et 3 rapports arri\u00e8re<br \/>\nLa bo\u00eete de vitesses \u00e0 4 rapports avant et 3 rapports arri\u00e8re, le diff\u00e9rentiel verrouillable et l&#8217;attache rapide pour divers accessoires vous permettent de travailler rapidement. Le guidon r\u00e9glable en hauteur et amortissant les vibrations permet de travailler sans effort et confortablement.<br \/>\net confortable, m\u00eame sur les grandes surfaces. Mulching ou barres \u00e0 doigts jusqu&#8217;\u00e0 175 cm sont disponibles.<br \/>\nbarres \u00e0 doigts jusqu&#8217;\u00e0 175 cm, entra\u00een\u00e9es par une bo\u00eete de vitesses \u00e0 bain d&#8217;huile \u00e0 faible usure. Gr\u00e2ce \u00e0 son faible niveau<br \/>\net \u00e0 ses freins de s\u00e9rie, la machine est \u00e9galement un outil id\u00e9al et s\u00fbr pour le fauchage des pentes et des talus.<br \/>\npentes et des talus.    <\/p>\n<p>Motofaucheuse puissante et confortable \u00e9quip\u00e9e d&#8217;un moteur essence de 9 cv. 4 vitesses avant et 3 vitesses arri\u00e8re.<br \/>\nvitesses avant et 3 vitesses arri\u00e8re, un diff\u00e9rentiel verrouillable et un dispositif de montage rapide.<br \/>\npour les diff\u00e9rents outils garantissent une utilisation rapide et efficace. Le mancheron est r\u00e9glable en hauteur et est \u00e9quip\u00e9 d&#8217;un syst\u00e8me d&#8217;amortissement des vibrations.<br \/>\nLe syst\u00e8me d&#8217;amortissement des vibrations assure un fonctionnement souple et agr\u00e9able, m\u00eame sur de grandes surfaces. La machine peut \u00eatre \u00e9quip\u00e9e sur<br \/>\nd&#8217;une barre de coupe ESM ou d&#8217;une barre de doigt, d&#8217;une taille maximale de 175 cm et fonctionnant avec une transmission \u00e0 bain d&#8217;huile (faible consommation). Sa construction basse et son outil int\u00e9gr\u00e9 de s\u00e9rie en font un outil s\u00fbr et id\u00e9al<br \/>\npour le fauchage des terrains en pente.    <\/p>\n<p>Moteur \/ Engine HONDA GX270 9 HP OHV \/ hp<br \/>\nGearbox \/ Transmission Transmission in an oil bath \/ par engrenages \u00e0 bain d&#8217;huile<br \/>\nBrake \/ Frein Lockable drum brake \/ \u00e0 tambour, blocable<br \/>\nGears \/ Vitesses 4 forwards and 3 backwards \/ 4 marches avant et 3 marches arri\u00e8re<br \/>\nSpeed \/ Vitesse d&#8217;avancement V 1,2 \/ 2,5 \/ 4,2 \/ 13,0 km\/h R 1,2 \/ 2,6 \/ 4,4 km\/h<br \/>\nClutch \/ Clutch dry multi-disc \/ multi-disc a sec.<br \/>\nDifferential \/ Diff\u00e9rentiel lockable \/ blocable<br \/>\nTyres \/ Roues 16x 6.50-8 Wide tyres \/ pneus larges<br \/>\nHandlebar \/ Mancheron h\u00f6henverstellbar \/ r\u00e9glable en hauteur<br \/>\nraccordement rapide \/ Raccordement rapide pour les implements \/ pour les outils<br \/>\nCutter deck \/ Syst\u00e8me de coupe low-maintenance swing arm transmission in oil bath with anti-clogging cutter bar<br \/>\nESM 122 &#8211; 168 cm ou barre de coupe jusqu&#8217;\u00e0 175 cm \/ transmission \u00e0 bain d&#8217;huile, n\u00e9cessitant peu<br \/>\nd&#8217;entretien avec barre mulching ESM 122 &#8211; 168 cm \u00e9quip\u00e9e d&#8217;un dispositif antibourrage ou barre de coupe<br \/>\nd&#8217;une hauteur maximale de 175 cm<br \/>\nGewicht \/ Poids mit M\u00e4hwerk ca. 125 kg \/ environ, avec la barre de coupe<br \/>\nAbmessung \/ Dimensions L 145 cm, L 58 cm, H 70 cm<\/p>\n","protected":false},"excerpt":{"rendered":"<p>Bar mower \/ Motofaucheuse Une motofaucheuse puissante et confortable avec un moteur \u00e0 essence de 9 ch. La bo\u00eete de<\/p>\n","protected":false},"featured_media":55677,"template":"","meta":{"_seopress_robots_primary_cat":"","_seopress_titles_title":"","_seopress_titles_desc":"","_seopress_robots_index":""},"product_brand":[4390],"product_cat":[29,514,544],"product_tag":[],"class_list":{"0":"post-505937","1":"product","2":"type-product","3":"status-publish","4":"has-post-thumbnail","6":"product_brand-stema","7":"product_cat-macchinari","8":"product_cat-altri-dispositivi","9":"product_cat-falciatrici","11":"first","12":"onbackorder","13":"shipping-taxable","14":"purchasable","15":"product-type-simple"},"_links":{"self":[{"href":"https:\/\/lucacastelli.com\/fr\/wp-json\/wp\/v2\/product\/505937","targetHints":{"allow":["GET"]}}],"collection":[{"href":"https:\/\/lucacastelli.com\/fr\/wp-json\/wp\/v2\/product"}],"about":[{"href":"https:\/\/lucacastelli.com\/fr\/wp-json\/wp\/v2\/types\/product"}],"wp:featuredmedia":[{"embeddable":true,"href":"https:\/\/lucacastelli.com\/fr\/wp-json\/wp\/v2\/media\/55677"}],"wp:attachment":[{"href":"https:\/\/lucacastelli.com\/fr\/wp-json\/wp\/v2\/media?parent=505937"}],"wp:term":[{"taxonomy":"product_brand","embeddable":true,"href":"https:\/\/lucacastelli.com\/fr\/wp-json\/wp\/v2\/product_brand?post=505937"},{"taxonomy":"product_cat","embeddable":true,"href":"https:\/\/lucacastelli.com\/fr\/wp-json\/wp\/v2\/product_cat?post=505937"},{"taxonomy":"product_tag","embeddable":true,"href":"https:\/\/lucacastelli.com\/fr\/wp-json\/wp\/v2\/product_tag?post=505937"}],"curies":[{"name":"wp","href":"https:\/\/api.w.org\/{rel}","templated":true}]}}