{"id":505934,"date":"2023-05-20T11:14:18","date_gmt":"2023-05-20T09:14:18","guid":{"rendered":"https:\/\/lucacastelli.com\/prodotto\/stema-fc-30m\/"},"modified":"2025-08-05T13:44:32","modified_gmt":"2025-08-05T11:44:32","slug":"stema-fc-30m","status":"publish","type":"product","link":"https:\/\/lucacastelli.com\/fr\/produit\/stema-fc-30m\/","title":{"rendered":"STEMA FC 30M"},"content":{"rendered":"<p>Bar mower \/ Motofaucheuse<\/p>\n<p>La tondeuse de montagne avec frein de direction et empattement extra-large pour les pentes raides ou les talus. Gr\u00e2ce aux freins<br \/>\n, la machine est facile \u00e0 diriger m\u00eame dans des conditions extr\u00eames. La bo\u00eete de vitesses facile \u00e0 utiliser<br \/>\navec 4 vitesses avant et 3 vitesses arri\u00e8re vous permet de travailler rapidement avec les outils respectifs.<br \/>\noutils. Gr\u00e2ce \u00e0 l&#8217;attache rapide, qui peut \u00eatre actionn\u00e9e depuis le guidon, les outils peuvent \u00eatre chang\u00e9s rapidement et sans effort.   <\/p>\n<p>La tondeuse de montagne avec une tr\u00e8s grande puissance pour les terrains en pente. Gr\u00e2ce \u00e0 son syst\u00e8me de contr\u00f4le directionnel<br \/>\n, elle reste facilement man\u0153uvrable m\u00eame dans des conditions extr\u00eamement difficiles. Les 4 vitesses avant et les 3 vitesses arri\u00e8re<br \/>\nassurent un travail rapide et efficace. Le dispositif de connexion rapide<br \/>\n, qui peut \u00eatre actionn\u00e9 depuis le mancheron, permet de changer facilement d&#8217;outil.   <\/p>\n<p>Moteur HONDA GX340 11 HP OHV \/ hp<br \/>\nGearbox \/ Transmission Transmission in oil bath \/ par engrenages \u00e0 bain d&#8217;huile, d\u00e9brayable<br \/>\nBrake \/ Frein Lockable drum brake \/ \u00e0 tambour, blocable<br \/>\nGears \/ Vitesses 4 forwards and 3 rears \/ 4 marches avant et 3 marches arri\u00e8re<br \/>\nSpeed \/ Vitesse d&#8217;avancement V 1,2 \/ 2,5 \/ 4,2 \/ 13,0 km\/h, R 1,2 \/ 2,6 \/ 4,4 km\/h<br \/>\nClutch \/ Clutch multi-disc dry \/ a sec.<br \/>\nDifferenziale \/ Diff\u00e9rentiel par le dispositif de frein de direction \/ par le dispositif de frein de direction<br \/>\nPneus \/ Pneus 5.00-10 AS<br \/>\nHandholmen \/ Mancheron h\u00f6henverstellbar \/ regolabile in altezza<br \/>\nAttacco rapido \/ Raccordement rapide per gli attrezzi \/ pour les outils<br \/>\nPiatto falciante \/ Syst\u00e8me de coupe low-maintenance swing arm transmission in oil bath with anti-clogging cutter bar<br \/>\nESM 122 &#8211; 168 cm or finger cutter bar up to 190 cm \/ transmission \u00e0 bain d&#8217;huile, n\u00e9cessitant peu<br \/>\nof maintenance with anti-clogging cutter bar ESM 122 &#8211; 168 cm or finger cutter bar up to 190 cm.<br \/>\nd&#8217;une hauteur maximale de 190 cm<br \/>\nGewicht \/ Poids mit M\u00e4hwerk ca. 150 kg \/ environ, avec la barre de coupe<br \/>\nAbmessung \/ Dimensions L 185 cm, L 75 cm, H 100 cm<\/p>\n","protected":false},"excerpt":{"rendered":"<p>Bar mower \/ Motofaucheuse La tondeuse de montagne avec frein de direction et empattement extra-large pour les pentes raides ou<\/p>\n","protected":false},"featured_media":55682,"template":"","meta":{"_seopress_robots_primary_cat":"","_seopress_titles_title":"","_seopress_titles_desc":"","_seopress_robots_index":""},"product_brand":[4390],"product_cat":[29,514,544],"product_tag":[],"class_list":{"0":"post-505934","1":"product","2":"type-product","3":"status-publish","4":"has-post-thumbnail","6":"product_brand-stema","7":"product_cat-macchinari","8":"product_cat-altri-dispositivi","9":"product_cat-falciatrici","11":"first","12":"onbackorder","13":"shipping-taxable","14":"purchasable","15":"product-type-simple"},"_links":{"self":[{"href":"https:\/\/lucacastelli.com\/fr\/wp-json\/wp\/v2\/product\/505934","targetHints":{"allow":["GET"]}}],"collection":[{"href":"https:\/\/lucacastelli.com\/fr\/wp-json\/wp\/v2\/product"}],"about":[{"href":"https:\/\/lucacastelli.com\/fr\/wp-json\/wp\/v2\/types\/product"}],"wp:featuredmedia":[{"embeddable":true,"href":"https:\/\/lucacastelli.com\/fr\/wp-json\/wp\/v2\/media\/55682"}],"wp:attachment":[{"href":"https:\/\/lucacastelli.com\/fr\/wp-json\/wp\/v2\/media?parent=505934"}],"wp:term":[{"taxonomy":"product_brand","embeddable":true,"href":"https:\/\/lucacastelli.com\/fr\/wp-json\/wp\/v2\/product_brand?post=505934"},{"taxonomy":"product_cat","embeddable":true,"href":"https:\/\/lucacastelli.com\/fr\/wp-json\/wp\/v2\/product_cat?post=505934"},{"taxonomy":"product_tag","embeddable":true,"href":"https:\/\/lucacastelli.com\/fr\/wp-json\/wp\/v2\/product_tag?post=505934"}],"curies":[{"name":"wp","href":"https:\/\/api.w.org\/{rel}","templated":true}]}}