{"id":505931,"date":"2023-05-20T11:00:20","date_gmt":"2023-05-20T09:00:20","guid":{"rendered":"https:\/\/lucacastelli.com\/prodotto\/stema-fc-20\/"},"modified":"2025-08-05T13:48:24","modified_gmt":"2025-08-05T11:48:24","slug":"stema-fc-20","status":"publish","type":"product","link":"https:\/\/lucacastelli.com\/fr\/produit\/stema-fc-20\/","title":{"rendered":"STEMA FC 20"},"content":{"rendered":"<p>Bar mower \/ Motofaucheuse  <\/p>\n<p>Petite tondeuse professionnelle pour les grandes surfaces, dot\u00e9e d&#8217;un moteur \u00e0 essence de 6 ch, silencieux et facile \u00e0 d\u00e9marrer.<br \/>\nLa bo\u00eete de vitesses \u00e0 4 rapports avant et 3 rapports arri\u00e8re vous permet de travailler efficacement avec diff\u00e9rents outils.<br \/>\noutils. Le guidon est bien amorti et r\u00e9glable en hauteur. L&#8217;attache rapide<br \/>\nL&#8217;attache rapide, qui peut \u00eatre actionn\u00e9e depuis le guidon, vous permet de changer rapidement d&#8217;outil. La conception basse et le frein de vitesse int\u00e9gr\u00e9<br \/>\nfont de cette machine une aide s\u00fbre sur les terrains escarp\u00e9s.   <\/p>\n<p>Petite motofaucheuse professionnelle pour les grandes surfaces. Son moteur \u00e0 essence de 6 cv est silencieux et facile \u00e0 d\u00e9marrer<br \/>\n. L&#8217;inverseur 4 vitesses et 3 vitesses \u00e0 l&#8217;avant vous permet de travailler efficacement sur diff\u00e9rents types de terrain.<br \/>\nefficace avec diff\u00e9rents outils. Le mancheron est \u00e9quip\u00e9 d&#8217;un syst\u00e8me anti-vibration et peut \u00eatre r\u00e9gl\u00e9 en hauteur. Le dispositif de connexion rapide<br \/>\n, actionnable depuis le mancheron, facilite le changement d&#8217;outils.<br \/>\nGr\u00e2ce \u00e0 sa structure basse et \u00e0 la transmission \u00e0 frein int\u00e9gr\u00e9e, la machine est s\u00fbre et id\u00e9ale pour le travail sur chantier.<br \/>\nen pente.    <\/p>\n<p>Moteur \/ Engine HONDA GX200 6 HP OHV \/ hp<br \/>\nGearbox \/ Transmission bathed in oil \/ par engrenages \u00e0 bain d&#8217;huile<br \/>\nBrake \/ Automatic transmission brake \/ a transmission automatic<br \/>\nGears \/ Vitesses 4 forward and 3 reverse \/ 4 marches avant et 3 marches arri\u00e8re<br \/>\nSpeed \/ Vitesse d&#8217;avancement V 1,2 \/ 2.5 \/ 4.2 \/ 13 km\/h, R 1.2 \/ 2.6 \/ 4.4 km\/h<br \/>\nClutch \/ Multi-disc dry clutch \/ multi-disc sec.<br \/>\nDifferenziale \/ Diff\u00e9rentiel rigid axle \/ axe rigide<br \/>\nTyres \/ Wide tyres 16&#215;6,50-8 AS \/ pneus larges<br \/>\nHandlebar \/ Mancheron adjustable in height \/ r\u00e9glable en hauteur<br \/>\nQuick hitch \/ Raccordement rapide per les implements \/ pour les outils<br \/>\nMowing deck \/ Syst\u00e8me de coupe low-maintenance swing arm transmission in oil bath with anti-wear mulching bar<br \/>\n ESM 122 cm \/ ESM 122 cm mulching bar, \u00e9quip\u00e9 d&#8217;un dispositif anti-usure avec transmission en bain d&#8217;huile.<br \/>\n  de l&#8217;huile et n\u00e9cessite peu d&#8217;intervention.<br \/>\nGewicht \/ Poids mit M\u00e4hwerk ca. 115 kg \/ environ avec la barre de coupe<br \/>\nAbmessung \/ Dimensions L 145 cm, L 58 cm, H 90 cm<\/p>\n","protected":false},"excerpt":{"rendered":"<p>Bar mower \/ Motofaucheuse Petite tondeuse professionnelle pour les grandes surfaces, dot\u00e9e d&#8217;un moteur \u00e0 essence de 6 ch, silencieux<\/p>\n","protected":false},"featured_media":55672,"template":"","meta":{"_seopress_robots_primary_cat":"","_seopress_titles_title":"","_seopress_titles_desc":"","_seopress_robots_index":""},"product_brand":[4390],"product_cat":[29,514,544],"product_tag":[],"class_list":{"0":"post-505931","1":"product","2":"type-product","3":"status-publish","4":"has-post-thumbnail","6":"product_brand-stema","7":"product_cat-macchinari","8":"product_cat-altri-dispositivi","9":"product_cat-falciatrici","11":"first","12":"onbackorder","13":"shipping-taxable","14":"purchasable","15":"product-type-simple"},"_links":{"self":[{"href":"https:\/\/lucacastelli.com\/fr\/wp-json\/wp\/v2\/product\/505931","targetHints":{"allow":["GET"]}}],"collection":[{"href":"https:\/\/lucacastelli.com\/fr\/wp-json\/wp\/v2\/product"}],"about":[{"href":"https:\/\/lucacastelli.com\/fr\/wp-json\/wp\/v2\/types\/product"}],"wp:featuredmedia":[{"embeddable":true,"href":"https:\/\/lucacastelli.com\/fr\/wp-json\/wp\/v2\/media\/55672"}],"wp:attachment":[{"href":"https:\/\/lucacastelli.com\/fr\/wp-json\/wp\/v2\/media?parent=505931"}],"wp:term":[{"taxonomy":"product_brand","embeddable":true,"href":"https:\/\/lucacastelli.com\/fr\/wp-json\/wp\/v2\/product_brand?post=505931"},{"taxonomy":"product_cat","embeddable":true,"href":"https:\/\/lucacastelli.com\/fr\/wp-json\/wp\/v2\/product_cat?post=505931"},{"taxonomy":"product_tag","embeddable":true,"href":"https:\/\/lucacastelli.com\/fr\/wp-json\/wp\/v2\/product_tag?post=505931"}],"curies":[{"name":"wp","href":"https:\/\/api.w.org\/{rel}","templated":true}]}}