{"id":505919,"date":"2023-05-20T10:45:08","date_gmt":"2023-05-20T08:45:08","guid":{"rendered":"https:\/\/lucacastelli.com\/prodotto\/stema-c-70\/"},"modified":"2025-08-05T13:44:24","modified_gmt":"2025-08-05T11:44:24","slug":"stema-c-70","status":"publish","type":"product","link":"https:\/\/lucacastelli.com\/fr\/produit\/stema-c-70\/","title":{"rendered":"STEMA C 70"},"content":{"rendered":"<p>Bar mower \/ Motofaucheuse<\/p>\n<p>Une tondeuse professionnelle maniable pour les surfaces moyennes. La structure basse et le frein d&#8217;engrenage permettent de travailler en toute s\u00e9curit\u00e9, m\u00eame sur les pentes.<br \/>\ntravailler en toute s\u00e9curit\u00e9, m\u00eame sur les pentes. Les diff\u00e9rents outils peuvent \u00eatre chang\u00e9s sans probl\u00e8me gr\u00e2ce \u00e0 l&#8217;accouplement rapide.  <\/p>\n<p>Motofaucheuse professionnelle et maniable pour les surfaces moyennes. Gr\u00e2ce \u00e0 sa construction basse et au syst\u00e8me de transmission<br \/>\n, la machine est s\u00fbre et id\u00e9ale pour les travaux en pente. La connexion rapide<br \/>\npermet de changer facilement d&#8217;outil.  <\/p>\n<p>Moteur \/ Engine HONDA GX200 6 HP OHV \/ hp<br \/>\nGearbox \/ gearbox with oil bath \/ par engrenages \u00e0 bain d&#8217;huile<br \/>\nFrein \/ Frein de transmission automatique<br \/>\nGears \/ Vitesses 2 forward and 2 reverse gears \/ 2 marches avant et 2 marches arri\u00e8re<br \/>\nSpeed \/ Vitesse d&#8217;avancement 2,4 \/ 4,5 km\/h<br \/>\nClutch \/ Multi-disc dry clutch \/ mulitdisque \u00e0 sec<br \/>\nDifferenziale \/ Diff\u00e9rentiel Nein \/ Non<br \/>\nPneus \/ Pneus 4.00-8 AS ou 16&#215;6.50-8 \/ pneus larges<br \/>\nHandholmen \/ Mancheron h\u00f6henverstellbar \/ adjustable in height<br \/>\nQuick-attachment \/ Raccordement rapide per gli attrezzi \/ pour les outils<br \/>\nMowing deck \/ Syst\u00e8me de coupe Low-maintenance swing arm transmission in oil bath, clog-free cutterbar<br \/>\n117 cm or low-cost transmission with 117 cm cutterbar \/ transmission \u00e0 bain d&#8217;huile n\u00e9cessitant<br \/>\nlow-maintenance, 117 cm cutterbar equipped with an anti-clogging device or low-cost transmission with 117 cm cutterbar or oil-bath transmission<br \/>\navec la barre de broyage de 117 cm (transmission \u00e0 vide).<br \/>\nGewicht \/ Poids mit M\u00e4hwerk ca. 110 kg \/ environ, avec la barre de coupe<br \/>\nDimensions L 155 cm, L 55 cm, H 92 cm<\/p>\n","protected":false},"excerpt":{"rendered":"<p>Bar mower \/ Motofaucheuse Une tondeuse professionnelle maniable pour les surfaces moyennes. La structure basse et le frein d&#8217;engrenage permettent<\/p>\n","protected":false},"featured_media":55657,"template":"","meta":{"_seopress_robots_primary_cat":"","_seopress_titles_title":"","_seopress_titles_desc":"","_seopress_robots_index":""},"product_brand":[4712],"product_cat":[1453,167,1501],"product_tag":[],"class_list":{"0":"post-505919","1":"product","2":"type-product","3":"status-publish","4":"has-post-thumbnail","6":"product_brand-stema-fr","7":"product_cat-autres-appareils","8":"product_cat-machines","9":"product_cat-tondeuses","11":"first","12":"onbackorder","13":"shipping-taxable","14":"purchasable","15":"product-type-variable"},"_links":{"self":[{"href":"https:\/\/lucacastelli.com\/fr\/wp-json\/wp\/v2\/product\/505919","targetHints":{"allow":["GET"]}}],"collection":[{"href":"https:\/\/lucacastelli.com\/fr\/wp-json\/wp\/v2\/product"}],"about":[{"href":"https:\/\/lucacastelli.com\/fr\/wp-json\/wp\/v2\/types\/product"}],"wp:featuredmedia":[{"embeddable":true,"href":"https:\/\/lucacastelli.com\/fr\/wp-json\/wp\/v2\/media\/55657"}],"wp:attachment":[{"href":"https:\/\/lucacastelli.com\/fr\/wp-json\/wp\/v2\/media?parent=505919"}],"wp:term":[{"taxonomy":"product_brand","embeddable":true,"href":"https:\/\/lucacastelli.com\/fr\/wp-json\/wp\/v2\/product_brand?post=505919"},{"taxonomy":"product_cat","embeddable":true,"href":"https:\/\/lucacastelli.com\/fr\/wp-json\/wp\/v2\/product_cat?post=505919"},{"taxonomy":"product_tag","embeddable":true,"href":"https:\/\/lucacastelli.com\/fr\/wp-json\/wp\/v2\/product_tag?post=505919"}],"curies":[{"name":"wp","href":"https:\/\/api.w.org\/{rel}","templated":true}]}}