{"id":505902,"date":"2023-05-20T10:28:16","date_gmt":"2023-05-20T08:28:16","guid":{"rendered":"https:\/\/lucacastelli.com\/prodotto\/systeme-mono\/"},"modified":"2025-08-05T13:42:07","modified_gmt":"2025-08-05T11:42:07","slug":"systeme-mono","status":"publish","type":"product","link":"https:\/\/lucacastelli.com\/fr\/produit\/systeme-mono\/","title":{"rendered":"TIGE MONO"},"content":{"rendered":"<p>Balkenm\u00e4her \/ Faucheuse \u00e0 moteur<\/p>\n<p>Petite tondeuse durable et robuste pour la tonte, le d\u00e9broussaillage et le d\u00e9neigement. Le syst\u00e8me d&#8217;entra\u00eenement robuste de l&#8217;Oelbad garantit une longue dur\u00e9e de vie \u00e0 la machine. Un bon amortissement des vibrations au niveau des poign\u00e9es assure un fonctionnement en douceur de la machine. L&#8217;arbre d&#8217;entra\u00eenement des machines de travail est s\u00e9par\u00e9<br \/>\net ausschaltbar.   <\/p>\n<p>Une petite tondeuse robuste et maniable aux multiples fonctions : la machine coupe l&#8217;herbe, balaie, ramasse les d\u00e9chets ou d\u00e9blaie la neige. La transmission robuste avec engrenages \u00e0 bain d&#8217;huile garantit une longue dur\u00e9e de vie. Le bon amortissement des vibrations au niveau du guidon rend le travail agr\u00e9able. Le dispositif d&#8217;attache rapide<br \/>\nLe dispositif d&#8217;attache rapide permet de changer facilement d&#8217;outil de travail. L&#8217;entra\u00eenement de l&#8217;outil peut \u00eatre connect\u00e9 et d\u00e9connect\u00e9 s\u00e9par\u00e9ment.    <\/p>\n<p>Moteur \/ Engine HONDA GP160 5 PS OHV \/ hp<br \/>\nGetriebe \/ Transmission Zahnradgetriebe im \u00d6lbad, ausschaltbar\/par engrenage \u00e0 bain d&#8217;huile, d\u00e9brayable<br \/>\nBremsen \/ Brakes automatische Getriebebremse \/ avec transmission automatique<br \/>\nG\u00e4nge \/ Speed 1 Vorw\u00e4rtsgang \/ 1 forward gear<br \/>\nGeschwindigkeit \/ Vitesse de conduite 2,3 km\/h<br \/>\nKupplung \/ Clutch verschleissarmer Keilriemen \/ wear-resistant belt drive<br \/>\nDiff\u00e9rentiel Nein \/ Non<br \/>\nZapfwelle \/ power take-off Separat schaltbar \/ can be connected separately<br \/>\nBereifung \/ Roues 3.50-6 AS<br \/>\nHandholmen \/ Mancheron werkzeuglos h\u00f6henverstellbar, vibrationsged\u00e4mpft \/ adjustable in height without tools,<br \/>\n\u00e9quip\u00e9 d&#8217;un amortisseur de vibrations<br \/>\nSchnellanschluss \/ Raccord rapide pour outils<br \/>\nM\u00e4hwerk \/ Cutting system verstopfungsfreier Mulchbalken ESM 71 oder 91cm \/ ESM mulching bar<br \/>\n71 ou 91 cm, \u00e9quip\u00e9 d&#8217;un dispositif anti-colmatage<br \/>\nGewicht \/ Weight mit M\u00e4hwerk ca. 58 kg \/ ca. 58 kg with cutter bar<br \/>\nAbmessung \/ Dimensions L 140 cm, B 45 cm, H 95 cm<\/p>\n","protected":false},"excerpt":{"rendered":"<p>Balkenm\u00e4her \/ Faucheuse \u00e0 moteur Petite tondeuse durable et robuste pour la tonte, le d\u00e9broussaillage et le d\u00e9neigement. Le syst\u00e8me<\/p>\n","protected":false},"featured_media":55622,"template":"","meta":{"_seopress_robots_primary_cat":"","_seopress_titles_title":"","_seopress_titles_desc":"","_seopress_robots_index":""},"product_brand":[4712],"product_cat":[1453,167,1501],"product_tag":[],"class_list":{"0":"post-505902","1":"product","2":"type-product","3":"status-publish","4":"has-post-thumbnail","6":"product_brand-stema-fr","7":"product_cat-autres-appareils","8":"product_cat-machines","9":"product_cat-tondeuses","11":"first","12":"onbackorder","13":"shipping-taxable","14":"purchasable","15":"product-type-variable"},"_links":{"self":[{"href":"https:\/\/lucacastelli.com\/fr\/wp-json\/wp\/v2\/product\/505902","targetHints":{"allow":["GET"]}}],"collection":[{"href":"https:\/\/lucacastelli.com\/fr\/wp-json\/wp\/v2\/product"}],"about":[{"href":"https:\/\/lucacastelli.com\/fr\/wp-json\/wp\/v2\/types\/product"}],"wp:featuredmedia":[{"embeddable":true,"href":"https:\/\/lucacastelli.com\/fr\/wp-json\/wp\/v2\/media\/55622"}],"wp:attachment":[{"href":"https:\/\/lucacastelli.com\/fr\/wp-json\/wp\/v2\/media?parent=505902"}],"wp:term":[{"taxonomy":"product_brand","embeddable":true,"href":"https:\/\/lucacastelli.com\/fr\/wp-json\/wp\/v2\/product_brand?post=505902"},{"taxonomy":"product_cat","embeddable":true,"href":"https:\/\/lucacastelli.com\/fr\/wp-json\/wp\/v2\/product_cat?post=505902"},{"taxonomy":"product_tag","embeddable":true,"href":"https:\/\/lucacastelli.com\/fr\/wp-json\/wp\/v2\/product_tag?post=505902"}],"curies":[{"name":"wp","href":"https:\/\/api.w.org\/{rel}","templated":true}]}}