{"id":505897,"date":"2023-05-20T10:27:21","date_gmt":"2023-05-20T08:27:21","guid":{"rendered":"https:\/\/lucacastelli.com\/prodotto\/stema-m-150-rg\/"},"modified":"2025-08-05T13:44:20","modified_gmt":"2025-08-05T11:44:20","slug":"stema-m-150-rg","status":"publish","type":"product","link":"https:\/\/lucacastelli.com\/fr\/produit\/stema-m-150-rg\/","title":{"rendered":"STEMA M 150 RG"},"content":{"rendered":"<p>Tondeuse \u00e0 gazon \/ Tondeuse \u00e0 moteur<\/p>\n<p>Petite tondeuse compacte avec 1 marche avant et 1 marche arri\u00e8re. Convient pour la tonte de pelouses jusqu&#8217;\u00e0 une surface de<br \/>\n1500 m2.<br \/>\n.<br \/>\nPetite tondeuse compacte avec 1 marche avant et 1 marche arri\u00e8re. Convient pour la tonte de prairies<br \/>\njusqu&#8217;\u00e0 une surface de 1500 m2.  <\/p>\n<p>Engine \/ Moteur B&amp;S 625 5 cv \/ cv<br \/>\nGears \/ Vitesses 1 forward and 1 reverse gear \/ 1 marche avant et 1 marche arri\u00e8re<br \/>\nAntrieb \/ Transmission V-belt and oil-bath gearbox \/ courroie et bain d&#8217;huile<br \/>\nKupplung \/ Embrayage unabh\u00e4ngig f\u00fcr Fahr- u. M\u00e4hantrieb \/ ind\u00e9pendant pour l&#8217;entra\u00eenement des roues et de l&#8217;outil<br \/>\nHandlebar \/ Mancheron h\u00f6henverstellbar \/ height-adjustable<br \/>\nTyres \/ Wheels 13&#215;5.00-6, \u00d8 33 cm<br \/>\nMowing deck \/ Syst\u00e8me de coupe 87 cm \/ mulching bar 87 cm<br \/>\nWeight \/ Poids approx. 59 kg<br \/>\nAbmessung \/ Dimensions L 127 cm, W 94 cm, H 100 cm <\/p>\n","protected":false},"excerpt":{"rendered":"<p>Tondeuse \u00e0 gazon \/ Tondeuse \u00e0 moteur Petite tondeuse compacte avec 1 marche avant et 1 marche arri\u00e8re. Convient pour<\/p>\n","protected":false},"featured_media":55612,"template":"","meta":{"_seopress_robots_primary_cat":"","_seopress_titles_title":"","_seopress_titles_desc":"","_seopress_robots_index":""},"product_brand":[4390],"product_cat":[29,514,544],"product_tag":[],"class_list":{"0":"post-505897","1":"product","2":"type-product","3":"status-publish","4":"has-post-thumbnail","6":"product_brand-stema","7":"product_cat-macchinari","8":"product_cat-altri-dispositivi","9":"product_cat-falciatrici","11":"first","12":"onbackorder","13":"shipping-taxable","14":"purchasable","15":"product-type-simple"},"_links":{"self":[{"href":"https:\/\/lucacastelli.com\/fr\/wp-json\/wp\/v2\/product\/505897","targetHints":{"allow":["GET"]}}],"collection":[{"href":"https:\/\/lucacastelli.com\/fr\/wp-json\/wp\/v2\/product"}],"about":[{"href":"https:\/\/lucacastelli.com\/fr\/wp-json\/wp\/v2\/types\/product"}],"wp:featuredmedia":[{"embeddable":true,"href":"https:\/\/lucacastelli.com\/fr\/wp-json\/wp\/v2\/media\/55612"}],"wp:attachment":[{"href":"https:\/\/lucacastelli.com\/fr\/wp-json\/wp\/v2\/media?parent=505897"}],"wp:term":[{"taxonomy":"product_brand","embeddable":true,"href":"https:\/\/lucacastelli.com\/fr\/wp-json\/wp\/v2\/product_brand?post=505897"},{"taxonomy":"product_cat","embeddable":true,"href":"https:\/\/lucacastelli.com\/fr\/wp-json\/wp\/v2\/product_cat?post=505897"},{"taxonomy":"product_tag","embeddable":true,"href":"https:\/\/lucacastelli.com\/fr\/wp-json\/wp\/v2\/product_tag?post=505897"}],"curies":[{"name":"wp","href":"https:\/\/api.w.org\/{rel}","templated":true}]}}