{"id":505894,"date":"2023-05-20T10:27:48","date_gmt":"2023-05-20T08:27:48","guid":{"rendered":"https:\/\/lucacastelli.com\/prodotto\/stema-m-210\/"},"modified":"2025-08-05T13:44:24","modified_gmt":"2025-08-05T11:44:24","slug":"stema-m-210","status":"publish","type":"product","link":"https:\/\/lucacastelli.com\/fr\/produit\/stema-m-210\/","title":{"rendered":"STEMA M 210"},"content":{"rendered":"<p>Faucheuse \/ motofaucheuse<\/p>\n<p>Tondeuse maniable et robuste pour une surface allant jusqu&#8217;\u00e0 2000 m2. Pas de vibrations sur la poign\u00e9e gr\u00e2ce au Doppelmesserbalken. <\/p>\n<p>Faucheuse maniable et robuste pour les terrains jusqu&#8217;\u00e0 2000 m2<br \/>\n. Le lamier \u00e0 double lame \u00e9vite les vibrations<br \/>\nau niveau du guidon. Les pneus agricoles en caoutchouc plein \u00e9liminent le besoin de regonflage et le risque de crevaison.<br \/>\ncrevaisons.  <\/p>\n<p>Engine \/ Moteur B&amp;S 625 5 PS \/ HP<br \/>\nG\u00e4nge \/ Speed 1 Vorw\u00e4rtsgang \/ 1 forward gear<br \/>\nAntrieb \/ Transmission Keilriemen und \u00d6lbadgetriebe \/ belt and oil bath<br \/>\nKupplung \/ Clutch unabh\u00e4ngig f. Fahr- u. M\u00e4hwerk \/ independent drive for wheels and implements<br \/>\nHandles \/ Mancheron h\u00f6hen- und seitenverstellbar \/ height- and side-adjustable<br \/>\nBereifung \/ Wheels 13&#215;5.00 &#8211; 6 \/ agricultural tyres<br \/>\nM\u00e4hwerk \/ Cutting system Doppelmesserbalken 87 cm \/ double blade bar 87 cm<br \/>\nGewicht \/ Weight approx. 57 kg \/ approx.<br \/>\nAbmessung \/ Dimensions L 142 cm, B 87 cm, H 97 cm  <\/p>\n","protected":false},"excerpt":{"rendered":"<p>Faucheuse \/ motofaucheuse Tondeuse maniable et robuste pour une surface allant jusqu&#8217;\u00e0 2000 m2. Pas de vibrations sur la poign\u00e9e<\/p>\n","protected":false},"featured_media":55617,"template":"","meta":{"_seopress_robots_primary_cat":"","_seopress_titles_title":"","_seopress_titles_desc":"","_seopress_robots_index":""},"product_brand":[4390],"product_cat":[29,514,544],"product_tag":[],"class_list":{"0":"post-505894","1":"product","2":"type-product","3":"status-publish","4":"has-post-thumbnail","6":"product_brand-stema","7":"product_cat-macchinari","8":"product_cat-altri-dispositivi","9":"product_cat-falciatrici","11":"first","12":"onbackorder","13":"shipping-taxable","14":"purchasable","15":"product-type-simple"},"_links":{"self":[{"href":"https:\/\/lucacastelli.com\/fr\/wp-json\/wp\/v2\/product\/505894","targetHints":{"allow":["GET"]}}],"collection":[{"href":"https:\/\/lucacastelli.com\/fr\/wp-json\/wp\/v2\/product"}],"about":[{"href":"https:\/\/lucacastelli.com\/fr\/wp-json\/wp\/v2\/types\/product"}],"wp:featuredmedia":[{"embeddable":true,"href":"https:\/\/lucacastelli.com\/fr\/wp-json\/wp\/v2\/media\/55617"}],"wp:attachment":[{"href":"https:\/\/lucacastelli.com\/fr\/wp-json\/wp\/v2\/media?parent=505894"}],"wp:term":[{"taxonomy":"product_brand","embeddable":true,"href":"https:\/\/lucacastelli.com\/fr\/wp-json\/wp\/v2\/product_brand?post=505894"},{"taxonomy":"product_cat","embeddable":true,"href":"https:\/\/lucacastelli.com\/fr\/wp-json\/wp\/v2\/product_cat?post=505894"},{"taxonomy":"product_tag","embeddable":true,"href":"https:\/\/lucacastelli.com\/fr\/wp-json\/wp\/v2\/product_tag?post=505894"}],"curies":[{"name":"wp","href":"https:\/\/api.w.org\/{rel}","templated":true}]}}