{"id":505889,"date":"2023-05-20T09:59:33","date_gmt":"2023-05-20T07:59:33","guid":{"rendered":"https:\/\/lucacastelli.com\/prodotto\/systeme-terrible\/"},"modified":"2025-08-05T13:44:05","modified_gmt":"2025-08-05T11:44:05","slug":"systeme-terrible","status":"publish","type":"product","link":"https:\/\/lucacastelli.com\/fr\/produit\/systeme-terrible\/","title":{"rendered":"TIGE \u00c9NORME"},"content":{"rendered":"<p>Flail mower with radio control \/ Broyeuse avec t\u00e9l\u00e9command\u00e9e<\/p>\n<p>La tondeuse professionnelle radiocommand\u00e9e convient pour des surfaces allant jusqu&#8217;\u00e0 10 000 m2 avec des pentes allant jusqu&#8217;\u00e0 40\u00b0. La machine<br \/>\ncoupe et broie l&#8217;herbe et les petits arbustes. Gr\u00e2ce au disque de coupe \u00e0 lames mobiles,<br \/>\nne subit aucun dommage en cas de grosses pierres ou de souches. Gr\u00e2ce \u00e0 la batterie int\u00e9gr\u00e9e, la machine peut \u00eatre utilis\u00e9e sans le moteur<br \/>\npour le chargement et le d\u00e9chargement. La machine est con\u00e7ue pour tondre les pelouses, les vignobles, les vergers<br \/>\net les pentes o\u00f9 l&#8217;utilisation de machines manuelles est p\u00e9nible et dangereuse.    <\/p>\n<p>La faucheuse-broyeuse radio professionnelle convient pour des surfaces allant jusqu&#8217;\u00e0 10 000 m2<br \/>\n et avec une pente allant jusqu&#8217;\u00e0<br \/>\n40\u00b0. La machine coupe et broche l&#8217;herbe et les petits morceaux. Gr\u00e2ce \u00e0 son disque de cisaillement compos\u00e9 de couteaux mobiles<br \/>\n, les grandes perforations ou les scories ne causent aucun dommage. Gr\u00e2ce \u00e0 l&#8217;accumulateur int\u00e9gr\u00e9, la machine<br \/>\npeut \u00eatre d\u00e9plac\u00e9e sans utiliser le moteur. La machine est id\u00e9ale pour les pr\u00e9s, vignobles, vergers et pentes.<br \/>\nvergers e sur les pentes o\u00f9 l&#8217;utilisation des petites machines est fatigante et dangereuse.    <\/p>\n<p>Moteur SUBARU EA190V 6 HP OHV \/ hp<br \/>\nFour-wheel drive \/ Toutes roues motrices 4 Elektromotoren \/ 4 moteurs \u00e9lectriques<br \/>\nSpeed \/ Vitesse d&#8217;avancement 0 &#8211; 3.4 km\/h<br \/>\nRemote control \/ T\u00e9l\u00e9commande Range up to 100 m \/ Port\u00e9e jusqu&#8217; \u00e0 100 m<br \/>\nFrame \/ Cadre stainless steel chrome INOX \/ acier chrom\u00e9 inoxydable INOX<br \/>\nCutting system \/ Syst\u00e8me de coupe 4 protected knives \/ 4 couteaux prot\u00e9g\u00e9s<br \/>\nCutting width \/ Largeur de coupe 52 cm<br \/>\nCutting height \/ Hauteur de coupe 20 &#8211; 80 mm, adjustable \/ r\u00e9glable<br \/>\nPneus \/ Pneus Ackerstollenprofil 13&#215;5.00-6 \/ profil agricole<br \/>\nWeight \/ Poids ca. 100 kg \/ environ 100 kg<br \/>\nAbmessung \/ Dimensions L 100 cm, L 62 cm, H 43 cm<\/p>\n","protected":false},"excerpt":{"rendered":"<p>Flail mower with radio control \/ Broyeuse avec t\u00e9l\u00e9command\u00e9e La tondeuse professionnelle radiocommand\u00e9e convient pour des surfaces allant jusqu&#8217;\u00e0 10<\/p>\n","protected":false},"featured_media":55597,"template":"","meta":{"_seopress_robots_primary_cat":"","_seopress_titles_title":"","_seopress_titles_desc":"","_seopress_robots_index":""},"product_brand":[4390],"product_cat":[29,262,278],"product_tag":[],"class_list":{"0":"post-505889","1":"product","2":"type-product","3":"status-publish","4":"has-post-thumbnail","6":"product_brand-stema","7":"product_cat-macchinari","8":"product_cat-tosaerba-e-robot","9":"product_cat-robot-tosaerba","11":"first","12":"onbackorder","13":"shipping-taxable","14":"purchasable","15":"product-type-simple"},"_links":{"self":[{"href":"https:\/\/lucacastelli.com\/fr\/wp-json\/wp\/v2\/product\/505889","targetHints":{"allow":["GET"]}}],"collection":[{"href":"https:\/\/lucacastelli.com\/fr\/wp-json\/wp\/v2\/product"}],"about":[{"href":"https:\/\/lucacastelli.com\/fr\/wp-json\/wp\/v2\/types\/product"}],"wp:featuredmedia":[{"embeddable":true,"href":"https:\/\/lucacastelli.com\/fr\/wp-json\/wp\/v2\/media\/55597"}],"wp:attachment":[{"href":"https:\/\/lucacastelli.com\/fr\/wp-json\/wp\/v2\/media?parent=505889"}],"wp:term":[{"taxonomy":"product_brand","embeddable":true,"href":"https:\/\/lucacastelli.com\/fr\/wp-json\/wp\/v2\/product_brand?post=505889"},{"taxonomy":"product_cat","embeddable":true,"href":"https:\/\/lucacastelli.com\/fr\/wp-json\/wp\/v2\/product_cat?post=505889"},{"taxonomy":"product_tag","embeddable":true,"href":"https:\/\/lucacastelli.com\/fr\/wp-json\/wp\/v2\/product_tag?post=505889"}],"curies":[{"name":"wp","href":"https:\/\/api.w.org\/{rel}","templated":true}]}}