{"id":505886,"date":"2023-05-20T10:11:22","date_gmt":"2023-05-20T08:11:22","guid":{"rendered":"https:\/\/lucacastelli.com\/prodotto\/stema-4coupe\/"},"modified":"2025-08-05T13:44:10","modified_gmt":"2025-08-05T11:44:10","slug":"stema-4coupe","status":"publish","type":"product","link":"https:\/\/lucacastelli.com\/fr\/produit\/stema-4coupe\/","title":{"rendered":"STEM 4CUT"},"content":{"rendered":"<p>Petrol mower\/ D\u00e9broussailleuse<\/p>\n<p>La faucheuse automotrice de v\u00e9g\u00e9tation sauvage comble le foss\u00e9 entre les outils manuels et les tracteurs. La machine<br \/>\nconvient \u00e0 l&#8217;entretien des prairies naturelles et de la v\u00e9g\u00e9tation sauvage. Elle peut \u00e9galement \u00eatre utilis\u00e9e dans les vignobles et pour l&#8217;entretien des for\u00eats. Gr\u00e2ce \u00e0 ses quatre roues motrices, elle peut \u00eatre fauch\u00e9e en toute s\u00e9curit\u00e9 sur des pentes raides et des terrains accident\u00e9s sans aucun probl\u00e8me.<br \/>\nprobl\u00e8mes. Le ch\u00e2ssis continu et solide r\u00e9siste sans probl\u00e8me aux contraintes des terrains accident\u00e9s.<br \/>\nterrain    <\/p>\n<p>Cette tondeuse de si\u00e8ge est la transition id\u00e9ale entre les outils principaux et les tracteurs. Elle convient \u00e0 l&#8217;entretien des prairies naturelles et de la v\u00e9g\u00e9tation sauvage, ainsi que des vignobles et des for\u00eats.<br \/>\nfor\u00eats. La transmission int\u00e9grale et le ch\u00e2ssis solide et continu permettent un travail fiable sur les terrains accident\u00e9s.<br \/>\nraide comme sur les terrains accident\u00e9s.  <\/p>\n<p>Moteur Kawasaki 2 cylindres 24 cv OHV \/ cv<br \/>\nR\u00e9servoir 8 l<br \/>\nSteering \/ Direction steering \/ exacte et facile<br \/>\nTraction \/ Transmission Four-wheel drive with hydrostatic transmission \/ Traction 4 roues motrices, hydrostat<br \/>\nPedal and hand pedal \/ P\u00e9dale et levier \u00e0 main for forward and reverse \/ pour marche avant et arri\u00e8re<br \/>\nSpeed \/ Vitesse d&#8217;avancement 0 &#8211; 8 km\/h<br \/>\nDifferenziale \/ Diff\u00e9rentiel bloccabile \/ blocable<br \/>\nBrake \/ Hand and foot brake on front axle and hydrostatic \/ frein \u00e0 main et \u00e0 pied sur l&#8217;axe<br \/>\navant et avant<br \/>\nZapfwelle \/ Prise de force mechanisch schaltbar \/ commande m\u00e9canique<br \/>\nCutting width \/ Largeur 95 cm<br \/>\nTyres \/ Pneus front \/ \u00e0 l&#8217;avant 4.00-7, rear \/ \u00e0 l&#8217;arri\u00e8re 17&#215;8.00-8<br \/>\nWeight \/ Poids 330 kg<br \/>\nAbmessung \/ Dimensions L 197 cm, L 107 cm, H 96 cm<\/p>\n","protected":false},"excerpt":{"rendered":"<p>Petrol mower\/ D\u00e9broussailleuse La faucheuse automotrice de v\u00e9g\u00e9tation sauvage comble le foss\u00e9 entre les outils manuels et les tracteurs. La<\/p>\n","protected":false},"featured_media":55602,"template":"","meta":{"_seopress_robots_primary_cat":"","_seopress_titles_title":"","_seopress_titles_desc":"","_seopress_robots_index":""},"product_brand":[4390],"product_cat":[29,262,487],"product_tag":[],"class_list":{"0":"post-505886","1":"product","2":"type-product","3":"status-publish","4":"has-post-thumbnail","6":"product_brand-stema","7":"product_cat-macchinari","8":"product_cat-tosaerba-e-robot","9":"product_cat-trattorini-tosaerba","11":"first","12":"onbackorder","13":"shipping-taxable","14":"purchasable","15":"product-type-simple"},"_links":{"self":[{"href":"https:\/\/lucacastelli.com\/fr\/wp-json\/wp\/v2\/product\/505886","targetHints":{"allow":["GET"]}}],"collection":[{"href":"https:\/\/lucacastelli.com\/fr\/wp-json\/wp\/v2\/product"}],"about":[{"href":"https:\/\/lucacastelli.com\/fr\/wp-json\/wp\/v2\/types\/product"}],"wp:featuredmedia":[{"embeddable":true,"href":"https:\/\/lucacastelli.com\/fr\/wp-json\/wp\/v2\/media\/55602"}],"wp:attachment":[{"href":"https:\/\/lucacastelli.com\/fr\/wp-json\/wp\/v2\/media?parent=505886"}],"wp:term":[{"taxonomy":"product_brand","embeddable":true,"href":"https:\/\/lucacastelli.com\/fr\/wp-json\/wp\/v2\/product_brand?post=505886"},{"taxonomy":"product_cat","embeddable":true,"href":"https:\/\/lucacastelli.com\/fr\/wp-json\/wp\/v2\/product_cat?post=505886"},{"taxonomy":"product_tag","embeddable":true,"href":"https:\/\/lucacastelli.com\/fr\/wp-json\/wp\/v2\/product_tag?post=505886"}],"curies":[{"name":"wp","href":"https:\/\/api.w.org\/{rel}","templated":true}]}}