{"id":505859,"date":"2023-05-19T13:57:39","date_gmt":"2023-05-19T11:57:39","guid":{"rendered":"https:\/\/lucacastelli.com\/prodotto\/stema-l-390\/"},"modified":"2025-08-05T13:43:28","modified_gmt":"2025-08-05T11:43:28","slug":"stema-l-390","status":"publish","type":"product","link":"https:\/\/lucacastelli.com\/fr\/produit\/stema-l-390\/","title":{"rendered":"STEMA L 390"},"content":{"rendered":"<p>La coupeuse de gazon est utilis\u00e9e pour couper le gazon et les feuilles peuvent \u00eatre facilement enroul\u00e9es pour<br \/>\nen vue de la pose ou de l&#8217;\u00e9limination. Gr\u00e2ce au guidon facilement amovible, la machine peut \u00e9galement \u00eatre transport\u00e9e dans de petits v\u00e9hicules.<br \/>\ntransportable dans de petits v\u00e9hicules. <\/p>\n<p>L&#8217;herbe est coup\u00e9e avec la trancheuse \u00e0 motte ; on pourra facilement rouler les bandes pour les d\u00e9placer ou s&#8217;en<br \/>\ndislocation ou disarming. Gr\u00e2ce au mancheron amovible, la machine peut \u00e9galement \u00eatre transport\u00e9e sur de petits v\u00e9hicules. <\/p>\n<p>Engine \/ Motore HONDA GX200 6 PS OHC \/ cv<br \/>\nTrasmissione \/ Trasmissione a bagno d&#8217;olio \/ \u00e0 bain d&#8217;huile<br \/>\nIngranaggi \/ Vitesses 2 marce avanti \/ 2 marce avanti<br \/>\nDepth of cut \/ Profondeur de coupe fino a 35 mm, regolabile su 6 livelli \/ jusqu&#8217;\u00e0 35 mm, 6 niveaux<br \/>\nLarghezza di taglio \/ Largeur de coupe 39 cm<br \/>\nPneumatici \/ Pneus 3.00-4<br \/>\nWeight \/ Poids 78 kg<br \/>\nDimensions \/ Dimensions L 76, W 40, H 115\/74 cm<\/p>\n","protected":false},"excerpt":{"rendered":"<p>La coupeuse de gazon est utilis\u00e9e pour couper le gazon et les feuilles peuvent \u00eatre facilement enroul\u00e9es pour en vue<\/p>\n","protected":false},"featured_media":55497,"template":"","meta":{"_seopress_robots_primary_cat":"","_seopress_titles_title":"","_seopress_titles_desc":"","_seopress_robots_index":""},"product_brand":[4390],"product_cat":[29,514,545],"product_tag":[],"class_list":{"0":"post-505859","1":"product","2":"type-product","3":"status-publish","4":"has-post-thumbnail","6":"product_brand-stema","7":"product_cat-macchinari","8":"product_cat-altri-dispositivi","9":"product_cat-levazolle","11":"first","12":"onbackorder","13":"shipping-taxable","14":"purchasable","15":"product-type-simple"},"_links":{"self":[{"href":"https:\/\/lucacastelli.com\/fr\/wp-json\/wp\/v2\/product\/505859","targetHints":{"allow":["GET"]}}],"collection":[{"href":"https:\/\/lucacastelli.com\/fr\/wp-json\/wp\/v2\/product"}],"about":[{"href":"https:\/\/lucacastelli.com\/fr\/wp-json\/wp\/v2\/types\/product"}],"wp:featuredmedia":[{"embeddable":true,"href":"https:\/\/lucacastelli.com\/fr\/wp-json\/wp\/v2\/media\/55497"}],"wp:attachment":[{"href":"https:\/\/lucacastelli.com\/fr\/wp-json\/wp\/v2\/media?parent=505859"}],"wp:term":[{"taxonomy":"product_brand","embeddable":true,"href":"https:\/\/lucacastelli.com\/fr\/wp-json\/wp\/v2\/product_brand?post=505859"},{"taxonomy":"product_cat","embeddable":true,"href":"https:\/\/lucacastelli.com\/fr\/wp-json\/wp\/v2\/product_cat?post=505859"},{"taxonomy":"product_tag","embeddable":true,"href":"https:\/\/lucacastelli.com\/fr\/wp-json\/wp\/v2\/product_tag?post=505859"}],"curies":[{"name":"wp","href":"https:\/\/api.w.org\/{rel}","templated":true}]}}