{"id":505853,"date":"2023-05-19T13:44:55","date_gmt":"2023-05-19T11:44:55","guid":{"rendered":"https:\/\/lucacastelli.com\/prodotto\/stema-athena-2\/"},"modified":"2025-08-05T13:43:32","modified_gmt":"2025-08-05T11:43:32","slug":"stema-athena-2","status":"publish","type":"product","link":"https:\/\/lucacastelli.com\/fr\/produit\/stema-athena-2\/","title":{"rendered":"STEMA ATHENA 2"},"content":{"rendered":"<p>Rasen-Hochgrasm\u00e4her \/ Tondeuse- Broyeuse<\/p>\n<p>Cette machine peut \u00eatre utilis\u00e9e comme d\u00e9chiqueteur et broyeur. Pour le nettoyage et le broyage<br \/>\nRasen wird der Fangsack von 70 Litern eingeh\u00e4ngt, das Mulchen von hohem Gras und Gestr\u00fcpp erfolgt mit dem leicht<br \/>\nmontierbaren Seitenauswurf. Gr\u00e2ce \u00e0 la disposition libre des deux races, cet animal est tr\u00e8s confortable et facile \u00e0 manipuler.<br \/>\nlenken. En raison des gros moteurs auxiliaires, la conduite de la machine est \u00e9galement probl\u00e9matique \u00e0 l&#8217;ext\u00e9rieur. Avec la machine \u00e0 deux crochets, l&#8217;homme dispose d&#8217;une flexibilit\u00e9 maximale pour chaque travail. Cette machine puissante est \u00e9galement tr\u00e8s fiable avec<br \/>\nnassem Gras fertig.     <\/p>\n<p>  Cette machine polyvalente est \u00e0 la fois une tondeuse et un broyeur. Un bac \u00e0 herbe de 70 litres peut \u00eatre fix\u00e9 \u00e0 l&#8217;arri\u00e8re de la tondeuse.<br \/>\nL&#8217;herbe coup\u00e9e peut \u00eatre ramass\u00e9e directement dans le bac \u00e0 herbe. Pour les herbes hautes et les broussailles, la machine est \u00e9quip\u00e9e d&#8217;un syst\u00e8me d&#8217;\u00e9jection lat\u00e9rale facile \u00e0 installer. La machine est facile \u00e0 man\u0153uvrer gr\u00e2ce \u00e0 son syst\u00e8me diff\u00e9rentiel avec<br \/>\nLa machine est facile \u00e0 man\u0153uvrer gr\u00e2ce \u00e0 son syst\u00e8me diff\u00e9rentiel avec taquets agissant sur les deux roues. Les terrains accident\u00e9s ne sont pas un probl\u00e8me pour cette machine.<br \/>\navec deux grandes roues motrices. Avec ses deux vitesses, elle offre un rythme de travail adapt\u00e9 \u00e0 chaque situation.<br \/>\nGr\u00e2ce \u00e0 son puissant m\u00e9canisme de coupe, l&#8217;herbe mouill\u00e9e ne pose aucun probl\u00e8me.     <\/p>\n<p>Moteur HONDA GCV 160 5 PS OHC \/ HP<br \/>\nG\u00e4nge \/ Speed 2 Vorw\u00e4rtsg\u00e4nge \/ 2 steps forward<br \/>\nVitesse de d\u00e9placement 2,3 \/ 4,0 km\/h<br \/>\nKupplung \/ Clutch f\u00fcr Radantrieb im Oelbad \/ pour roues motrices \u00e0 bain d&#8217;huile<br \/>\nMesserantrieb \/ direct blade drive with third bearing and safety screw \/ direct with<br \/>\ndirect avec 3\u00e8me palier et vis de s\u00e9curit\u00e9<br \/>\nAntriebsr\u00e4der \/ Drive wheels 300 mm Durchmesser \/ diameter 300 mm<br \/>\nAchse \/ Differential leichtes Lenken durch Freilaufschaltung \/ cleat system for easy driving<br \/>\nSchwenkr\u00e4der \/ Swivel castors vorne 2 \/ 2 \u00e0 l\u02bcavant<br \/>\nHandholmen \/ Handlebar h\u00f6henverstellbar \/ height adjustable<br \/>\nSchnitth\u00f6he \/ Cutting height in 7 positions einstellbar \/ 7 positions<br \/>\nMulchgeh\u00e4use \/ Carter umstellbar von Seitenauswurf auf Heckaufnahme mit Fangkorb \/<br \/>\ninterchangeable for side discharge or rear collection<br \/>\nGrasfangkorb \/ Collection box 70 l<br \/>\nSchnittbreite \/ Cutting width 50 cm<br \/>\nGewicht \/ Weight approx. 58 kg \/ approx.<br \/>\nAbmessung \/ Dimensions L 147 cm, B 58 cm, H 100 cm<\/p>\n","protected":false},"excerpt":{"rendered":"<p>Rasen-Hochgrasm\u00e4her \/ Tondeuse- Broyeuse Cette machine peut \u00eatre utilis\u00e9e comme d\u00e9chiqueteur et broyeur. Pour le nettoyage et le broyage Rasen<\/p>\n","protected":false},"featured_media":55492,"template":"","meta":{"_seopress_robots_primary_cat":"","_seopress_titles_title":"","_seopress_titles_desc":"","_seopress_robots_index":""},"product_brand":[4390],"product_cat":[29,514,544],"product_tag":[],"class_list":{"0":"post-505853","1":"product","2":"type-product","3":"status-publish","4":"has-post-thumbnail","6":"product_brand-stema","7":"product_cat-macchinari","8":"product_cat-altri-dispositivi","9":"product_cat-falciatrici","11":"first","12":"onbackorder","13":"shipping-taxable","14":"purchasable","15":"product-type-simple"},"_links":{"self":[{"href":"https:\/\/lucacastelli.com\/fr\/wp-json\/wp\/v2\/product\/505853","targetHints":{"allow":["GET"]}}],"collection":[{"href":"https:\/\/lucacastelli.com\/fr\/wp-json\/wp\/v2\/product"}],"about":[{"href":"https:\/\/lucacastelli.com\/fr\/wp-json\/wp\/v2\/types\/product"}],"wp:featuredmedia":[{"embeddable":true,"href":"https:\/\/lucacastelli.com\/fr\/wp-json\/wp\/v2\/media\/55492"}],"wp:attachment":[{"href":"https:\/\/lucacastelli.com\/fr\/wp-json\/wp\/v2\/media?parent=505853"}],"wp:term":[{"taxonomy":"product_brand","embeddable":true,"href":"https:\/\/lucacastelli.com\/fr\/wp-json\/wp\/v2\/product_brand?post=505853"},{"taxonomy":"product_cat","embeddable":true,"href":"https:\/\/lucacastelli.com\/fr\/wp-json\/wp\/v2\/product_cat?post=505853"},{"taxonomy":"product_tag","embeddable":true,"href":"https:\/\/lucacastelli.com\/fr\/wp-json\/wp\/v2\/product_tag?post=505853"}],"curies":[{"name":"wp","href":"https:\/\/api.w.org\/{rel}","templated":true}]}}