{"id":505850,"date":"2025-10-31T01:00:02","date_gmt":"2025-10-31T00:00:02","guid":{"rendered":"https:\/\/lucacastelli.com\/prodotto\/stiga-st-5262-p\/"},"modified":"2026-03-01T00:10:19","modified_gmt":"2026-02-28T23:10:19","slug":"stiga-st-5262-p","status":"publish","type":"product","link":"https:\/\/lucacastelli.com\/fr\/produit\/stiga-st-5262-p\/","title":{"rendered":"STIGA ST 5262 P"},"content":{"rendered":"<p>Souffleuse \u00e0 neige \u00e0 essence \u00e0 deux \u00e9tages d\u2019une largeur de travail de 62 cm<br \/>\nSouffleuse \u00e0 neige \u00e0 essence \u00e0 deux \u00e9tages d\u2019une largeur de travail de 62 cm et \u00e9quip\u00e9e d\u2019un moteur.<br \/>\nSyst\u00e8me de d\u00e9neigement et de jet en deux \u00e9tapes<br \/>\nLargeur de travail de 62 cm<br \/>\nPropuls\u00e9 par un moteur \u00e0 essence de 252 cm\u00b3<br \/>\nAvant : disque d\u2019embrayage &#8211; 8 vitesses (6 en marche avant\/2 en marche arri\u00e8re)<br \/>\nAvec technologie STIGA Easy-Turn<\/p>\n<p>Con\u00e7ue pour ceux qui recherchent une souffleuse \u00e0 neige \u00e0 deux phases fiable et durable, la ST 5262 P est adapt\u00e9e pour s\u2019attaquer \u00e0 la neige jusqu\u2019\u00e0 50 cm de profondeur dans les zones moyennes \u00e0 grandes telles que les all\u00e9es, les trottoirs et les parkings. Les patins r\u00e9versibles et les pneus Snow Hog de 14 po conf\u00e8rent \u00e0 la souffleuse \u00e0 neige une traction \u00e9lev\u00e9e, tandis que la vitesse est r\u00e9glable \u00e0 6 vitesses avant et 2 vitesses arri\u00e8re. Le puissant moteur WS 250 de 252 cm\u00b3 et la turbine crant\u00e9e de 62 cm permettent \u00e0 cette souffleuse \u00e0 neige de s\u2019attaquer \u00e0 tout type de neige et de la d\u00e9placer jusqu\u2019\u00e0 10 m\u00e8tres de distance. Le nouveau syst\u00e8me de conduite avec la technologie Easy-Turn pour le d\u00e9verrouillage automatique du diff\u00e9rentiel am\u00e9liore la maniabilit\u00e9 de la souffleuse \u00e0 neige, tandis que les phares \u00e0 LED, la poign\u00e9e chauffante et le d\u00e9marrage \u00e9lectrique 230 V permettent une utilisation m\u00eame dans les conditions les plus extr\u00eames. Le panneau de commande vous permet de g\u00e9rer facilement toutes les commandes de cette souffleuse \u00e0 neige essence.    <\/p>\n<p>Commandes ergonomiques<br \/>\nLes commandes sont situ\u00e9es sur le panneau de commande pour une utilisation pratique.<\/p>\n<p>Phares \u00e0 LED<br \/>\nLes phares \u00e0 LED vous permettent d\u2019utiliser cette souffleuse \u00e0 neige m\u00eame dans de mauvaises conditions de visibilit\u00e9.<\/p>\n<p>Deux<br \/>\npatins r\u00e9versibles en m\u00e9tal et en PEHD permettent d\u2019utiliser la souffleuse \u00e0 neige sur n\u2019importe quelle surface.<\/p>\n<p>La<br \/>\npoign\u00e9e chauffante est activ\u00e9e par un bouton sur le panneau de commande et vous permet d\u2019utiliser la souffleuse \u00e0 neige dans des conditions de gel.<\/p>\n<p>D\u00e9marrage \u00e9lectrique<br \/>\nLe d\u00e9marrage \u00e9lectrique 230 V permet de d\u00e9marrer facilement la souffleuse \u00e0 neige, m\u00eame dans des conditions tr\u00e8s froides.<\/p>\n","protected":false},"excerpt":{"rendered":"<p>Souffleuse \u00e0 neige \u00e0 essence \u00e0 deux \u00e9tages d\u2019une largeur de travail de 62 cm Souffleuse \u00e0 neige \u00e0 essence<\/p>\n","protected":false},"featured_media":57528,"template":"","meta":{"_seopress_robots_primary_cat":"none","_seopress_titles_title":"","_seopress_titles_desc":"","_seopress_robots_index":""},"product_brand":[4404],"product_cat":[29,514,559],"product_tag":[],"class_list":{"0":"post-505850","1":"product","2":"type-product","3":"status-publish","4":"has-post-thumbnail","6":"product_brand-stiga","7":"product_cat-macchinari","8":"product_cat-altri-dispositivi","9":"product_cat-frese-neve","11":"first","12":"instock","13":"shipping-taxable","14":"purchasable","15":"product-type-simple"},"_links":{"self":[{"href":"https:\/\/lucacastelli.com\/fr\/wp-json\/wp\/v2\/product\/505850","targetHints":{"allow":["GET"]}}],"collection":[{"href":"https:\/\/lucacastelli.com\/fr\/wp-json\/wp\/v2\/product"}],"about":[{"href":"https:\/\/lucacastelli.com\/fr\/wp-json\/wp\/v2\/types\/product"}],"wp:featuredmedia":[{"embeddable":true,"href":"https:\/\/lucacastelli.com\/fr\/wp-json\/wp\/v2\/media\/57528"}],"wp:attachment":[{"href":"https:\/\/lucacastelli.com\/fr\/wp-json\/wp\/v2\/media?parent=505850"}],"wp:term":[{"taxonomy":"product_brand","embeddable":true,"href":"https:\/\/lucacastelli.com\/fr\/wp-json\/wp\/v2\/product_brand?post=505850"},{"taxonomy":"product_cat","embeddable":true,"href":"https:\/\/lucacastelli.com\/fr\/wp-json\/wp\/v2\/product_cat?post=505850"},{"taxonomy":"product_tag","embeddable":true,"href":"https:\/\/lucacastelli.com\/fr\/wp-json\/wp\/v2\/product_tag?post=505850"}],"curies":[{"name":"wp","href":"https:\/\/api.w.org\/{rel}","templated":true}]}}