{"id":505823,"date":"2023-05-19T13:25:27","date_gmt":"2023-05-19T11:25:27","guid":{"rendered":"https:\/\/lucacastelli.com\/prodotto\/stema-p-55-sc\/"},"modified":"2025-08-05T13:43:28","modified_gmt":"2025-08-05T11:43:28","slug":"stema-p-55-sc","status":"publish","type":"product","link":"https:\/\/lucacastelli.com\/fr\/produit\/stema-p-55-sc\/","title":{"rendered":"STEMA P 55 SC"},"content":{"rendered":"<p>Faucheuse \u00e0 disques \/ Faucheuse rotative<\/p>\n<p>Cette faucheuse \u00e0 disques compacte et puissante est facile \u00e0 entretenir et convient au fauchage des prairies fourrag\u00e8res.<br \/>\nprairies fourrag\u00e8res.<\/p>\n<p>Tondeuse rotative compacte et performante. Facile \u00e0 utiliser. Particuli\u00e8rement adapt\u00e9e aux prairies<br \/>\nquadrup\u00e8des.  <\/p>\n<p>Einsatzbereich \/ Utilisation hohes Gras bis 60 cm \/ herbes hautes jusqu&#8217; \u00e0 60 cm<br \/>\nMoteur B&amp;S 675 5.5 PS OHV \/ hp<br \/>\nEngrenages \/ Vitesses 1 + 1 Engrenages \/ vitesses<br \/>\nSpeed \/ Vitesse d&#8217;avancement 2,4 km\/h R 1,2 km\/h<br \/>\nBrake \/ Brake with automatic transmission \/ \u00e0 transmission automatique<br \/>\nEmbrayage \/ Embrayage independent pour roues et faucheuse \/ ind\u00e9pendant pour roues et faucheuse<br \/>\nMancorrenti \/ Mancheron adjustable in height, foldable \/ r\u00e9glable en hauteur, rabattable<br \/>\nPneus\/roues 13&#215;5.00-6, \u00d8 34 cm<br \/>\nMower \/ Cutting system 57 cm 4-blade disc \/ disque \u00e0 4 couteaux<br \/>\nVitesse \/ Vitesse de rotation 2750 tr\/min<br \/>\nWeight \/ Poids 82 kg<br \/>\nDimensions \/ Dimensions L 165 cm, L 63 cm, H 95 cm<\/p>\n","protected":false},"excerpt":{"rendered":"<p>Faucheuse \u00e0 disques \/ Faucheuse rotative Cette faucheuse \u00e0 disques compacte et puissante est facile \u00e0 entretenir et convient au<\/p>\n","protected":false},"featured_media":55487,"template":"","meta":{"_seopress_robots_primary_cat":"","_seopress_titles_title":"","_seopress_titles_desc":"","_seopress_robots_index":""},"product_brand":[4390],"product_cat":[29,514,544],"product_tag":[],"class_list":{"0":"post-505823","1":"product","2":"type-product","3":"status-publish","4":"has-post-thumbnail","6":"product_brand-stema","7":"product_cat-macchinari","8":"product_cat-altri-dispositivi","9":"product_cat-falciatrici","11":"first","12":"onbackorder","13":"shipping-taxable","14":"purchasable","15":"product-type-simple"},"_links":{"self":[{"href":"https:\/\/lucacastelli.com\/fr\/wp-json\/wp\/v2\/product\/505823","targetHints":{"allow":["GET"]}}],"collection":[{"href":"https:\/\/lucacastelli.com\/fr\/wp-json\/wp\/v2\/product"}],"about":[{"href":"https:\/\/lucacastelli.com\/fr\/wp-json\/wp\/v2\/types\/product"}],"wp:featuredmedia":[{"embeddable":true,"href":"https:\/\/lucacastelli.com\/fr\/wp-json\/wp\/v2\/media\/55487"}],"wp:attachment":[{"href":"https:\/\/lucacastelli.com\/fr\/wp-json\/wp\/v2\/media?parent=505823"}],"wp:term":[{"taxonomy":"product_brand","embeddable":true,"href":"https:\/\/lucacastelli.com\/fr\/wp-json\/wp\/v2\/product_brand?post=505823"},{"taxonomy":"product_cat","embeddable":true,"href":"https:\/\/lucacastelli.com\/fr\/wp-json\/wp\/v2\/product_cat?post=505823"},{"taxonomy":"product_tag","embeddable":true,"href":"https:\/\/lucacastelli.com\/fr\/wp-json\/wp\/v2\/product_tag?post=505823"}],"curies":[{"name":"wp","href":"https:\/\/api.w.org\/{rel}","templated":true}]}}