{"id":505806,"date":"2022-10-14T10:17:47","date_gmt":"2022-10-14T08:17:47","guid":{"rendered":"https:\/\/lucacastelli.com\/prodotto\/fennotex-tapio-expert-arbeitsjacke\/"},"modified":"2025-09-07T00:09:36","modified_gmt":"2025-09-06T22:09:36","slug":"fennotex-tapio-expert-arbeitsjacke","status":"publish","type":"product","link":"https:\/\/lucacastelli.com\/fr\/produit\/fennotex-tapio-expert-arbeitsjacke\/","title":{"rendered":"FENNOTEX Tapio Expert Arbeitsjacke"},"content":{"rendered":"<p>Cette veste de travail garantit une bonne visibilit\u00e9 et donc une s\u00e9curit\u00e9 en toute saison gr\u00e2ce \u00e0 la couleur rouge-jaune.<\/p>\n<p>Il est \u00e9galement tr\u00e8s agr\u00e9able \u00e0 porter gr\u00e2ce au tissu extensible dont il est fait. De plus, la veste de travail Tapio EXPERT est \u00e9quip\u00e9e d\u2019une doublure respirante et de bouches d\u2019a\u00e9ration sous les bras. <\/p>\n<p>&#8211; Couleur : HV jaune \/ rouge \/ convoi<br \/>\n&#8211; agr\u00e9able \u00e0 porter gr\u00e2ce au tissu extensible<br \/>\n&#8211; il a un tissu imperm\u00e9able TopTex sur les aisselles est renforc\u00e9 avec du Kevlar\u00ae sur les coudes<br \/>\n&#8211; 2 poches poitrine et 2 poches lat\u00e9rales avec fermeture \u00e9clair<br \/>\n&#8211; Doublure respirante<br \/>\n&#8211; A\u00e9ration sous les bras<\/p>\n","protected":false},"excerpt":{"rendered":"<p>Cette veste de travail garantit une bonne visibilit\u00e9 et donc une s\u00e9curit\u00e9 en toute saison gr\u00e2ce \u00e0 la couleur rouge-jaune.<\/p>\n","protected":false},"featured_media":43495,"template":"","meta":{"_seopress_robots_primary_cat":"","_seopress_titles_title":"","_seopress_titles_desc":"","_seopress_robots_index":""},"product_brand":[4705],"product_cat":[81,1381],"product_tag":[5805],"class_list":{"0":"post-505806","1":"product","2":"type-product","3":"status-publish","4":"has-post-thumbnail","6":"product_brand-tapio-fr","7":"product_cat-vetements","8":"product_cat-vetements-de-travail","9":"product_tag-lucerne2025","10":"sws-gruppo-abb-libero-fr","11":"sws-conto-ricavi-merci-rivendita-abbigliamento-fr","12":"sws-gruppo-iva-iva81-fr","14":"first","15":"onbackorder","16":"shipping-taxable","17":"purchasable","18":"product-type-variable"},"_links":{"self":[{"href":"https:\/\/lucacastelli.com\/fr\/wp-json\/wp\/v2\/product\/505806","targetHints":{"allow":["GET"]}}],"collection":[{"href":"https:\/\/lucacastelli.com\/fr\/wp-json\/wp\/v2\/product"}],"about":[{"href":"https:\/\/lucacastelli.com\/fr\/wp-json\/wp\/v2\/types\/product"}],"wp:featuredmedia":[{"embeddable":true,"href":"https:\/\/lucacastelli.com\/fr\/wp-json\/wp\/v2\/media\/43495"}],"wp:attachment":[{"href":"https:\/\/lucacastelli.com\/fr\/wp-json\/wp\/v2\/media?parent=505806"}],"wp:term":[{"taxonomy":"product_brand","embeddable":true,"href":"https:\/\/lucacastelli.com\/fr\/wp-json\/wp\/v2\/product_brand?post=505806"},{"taxonomy":"product_cat","embeddable":true,"href":"https:\/\/lucacastelli.com\/fr\/wp-json\/wp\/v2\/product_cat?post=505806"},{"taxonomy":"product_tag","embeddable":true,"href":"https:\/\/lucacastelli.com\/fr\/wp-json\/wp\/v2\/product_tag?post=505806"}],"curies":[{"name":"wp","href":"https:\/\/api.w.org\/{rel}","templated":true}]}}