{"id":505790,"date":"2023-05-20T09:13:11","date_gmt":"2023-05-20T07:13:11","guid":{"rendered":"https:\/\/lucacastelli.com\/prodotto\/stema-p-70\/"},"modified":"2025-08-05T13:47:51","modified_gmt":"2025-08-05T11:47:51","slug":"stema-p-70","status":"publish","type":"product","link":"https:\/\/lucacastelli.com\/fr\/produit\/stema-p-70\/","title":{"rendered":"STEMA P 70"},"content":{"rendered":"<p>Une machine polyvalente pour le fauchage ou le broyage des pentes raides. L&#8217;oscillation maintient le moteur<br \/>\n\u00e0 l&#8217;horizontale jusqu&#8217;\u00e0 une pente de 40\u00b0. Les roues antid\u00e9rapantes en acier \u00e9vitent de glisser.  <\/p>\n<p>Une machine polyvalente pour faucher ou d\u00e9broussailler les pentes raides. Gr\u00e2ce \u00e0 un syst\u00e8me d&#8217;oscillation, le moteur reste horizontal jusqu&#8217;\u00e0 une pente de 40\u00b0.<br \/>\nLe moteur reste horizontal jusqu&#8217;\u00e0 une inclinaison de 40\u00b0. Les roulettes avec m\u00e2choires en acier emp\u00eachent la machine de glisser.<br \/>\nslip. <\/p>\n<p>Engine \/ B&amp; EngineS 850E 6,5 PS OHV \/ cv<br \/>\nGears \/ Vitesses 3 forwards and 2 backwards \/ 3 marches avant et 2 marches arri\u00e8re<br \/>\nSpeed \/ Vitesse d&#8217;avancement V 1,08\/2,5\/3,4 &#8211; R 1,08\/2,1 km\/h<br \/>\nGetriebe \/ Gearbox oil-bath \/ par engrenages \u00e0 bain d&#8217;huile<br \/>\nKupplung \/ Embrayage unabh\u00e4ngig f\u00fcr Fahr- u. M\u00e4hwerk \/ ind\u00e9pendant p. l&#8217;entra\u00eenement des roues et de l&#8217;outil<br \/>\nBrake \/ Frein Brake de transmission \/ sur la transmission<br \/>\nTyres \/ Wheels 15&#215;6.00 &#8211; 6<br \/>\nAxle \/ Axe Freilaufnabe lockbar \/ moyeu roue libre \u00e9quip\u00e9 d&#8217;un verrouilleur<br \/>\nHandholmen \/ Mancheron height- und seitenversbar, wendbar um 180\u00b0 \/ r\u00e9glable en hauteur et lat\u00e9ralment,<br \/>\n reversible<br \/>\nCutting height \/ Hauteur de coupe adjustable \/ reversible<br \/>\nMulching housing \/ Carter with rear discharge \/ \u00e0 \u00e9jection arri\u00e8re<br \/>\nCutting width \/ Largeur de coupe 65 cm<br \/>\nWeight \/ Poids ca. 88 kg \/ environ<br \/>\nDimensions \/ Dimensions L 200 cm, W 67 cm, H 100 cm <\/p>\n","protected":false},"excerpt":{"rendered":"<p>Une machine polyvalente pour le fauchage ou le broyage des pentes raides. L&#8217;oscillation maintient le moteur \u00e0 l&#8217;horizontale jusqu&#8217;\u00e0 une<\/p>\n","protected":false},"featured_media":55547,"template":"","meta":{"_seopress_robots_primary_cat":"","_seopress_titles_title":"","_seopress_titles_desc":"","_seopress_robots_index":""},"product_brand":[4390],"product_cat":[29,514,547],"product_tag":[],"class_list":{"0":"post-505790","1":"product","2":"type-product","3":"status-publish","4":"has-post-thumbnail","6":"product_brand-stema","7":"product_cat-macchinari","8":"product_cat-altri-dispositivi","9":"product_cat-macchine-polivalenti","11":"first","12":"onbackorder","13":"shipping-taxable","14":"purchasable","15":"product-type-simple"},"_links":{"self":[{"href":"https:\/\/lucacastelli.com\/fr\/wp-json\/wp\/v2\/product\/505790","targetHints":{"allow":["GET"]}}],"collection":[{"href":"https:\/\/lucacastelli.com\/fr\/wp-json\/wp\/v2\/product"}],"about":[{"href":"https:\/\/lucacastelli.com\/fr\/wp-json\/wp\/v2\/types\/product"}],"wp:featuredmedia":[{"embeddable":true,"href":"https:\/\/lucacastelli.com\/fr\/wp-json\/wp\/v2\/media\/55547"}],"wp:attachment":[{"href":"https:\/\/lucacastelli.com\/fr\/wp-json\/wp\/v2\/media?parent=505790"}],"wp:term":[{"taxonomy":"product_brand","embeddable":true,"href":"https:\/\/lucacastelli.com\/fr\/wp-json\/wp\/v2\/product_brand?post=505790"},{"taxonomy":"product_cat","embeddable":true,"href":"https:\/\/lucacastelli.com\/fr\/wp-json\/wp\/v2\/product_cat?post=505790"},{"taxonomy":"product_tag","embeddable":true,"href":"https:\/\/lucacastelli.com\/fr\/wp-json\/wp\/v2\/product_tag?post=505790"}],"curies":[{"name":"wp","href":"https:\/\/api.w.org\/{rel}","templated":true}]}}