{"id":505784,"date":"2023-05-20T08:42:16","date_gmt":"2023-05-20T06:42:16","guid":{"rendered":"https:\/\/lucacastelli.com\/prodotto\/stema-m-58\/"},"modified":"2025-08-05T13:47:58","modified_gmt":"2025-08-05T11:47:58","slug":"stema-m-58","status":"publish","type":"product","link":"https:\/\/lucacastelli.com\/fr\/produit\/stema-m-58\/","title":{"rendered":"STEMA M 58"},"content":{"rendered":"<p>Semoir automoteur \/<br \/>\nSemoir automoteur<\/p>\n<p>Semoir de pr\u00e9cision pour l&#8217;ensemencement des pelouses. La quantit\u00e9 de semences est dos\u00e9e avec pr\u00e9cision \u00e0 l&#8217;aide du levier manuel et de<br \/>\net incorpor\u00e9e par le rouleau \u00e0 pointes. Le rouleau de guidage divis\u00e9 facilite la conduite du semoir.  <\/p>\n<p>Semoir de pr\u00e9cision pour le semis de gazon. La quantit\u00e9 de semences est dos\u00e9e avec pr\u00e9cision gr\u00e2ce \u00e0 la balance principale<br \/>\net incorpor\u00e9e gr\u00e2ce au cylindre \u00e0 pointes. Avec le cylindre d&#8217;alimentation s\u00e9par\u00e9, la semence est facile \u00e0 diriger.<br \/>\nfacile \u00e0 diriger.  <\/p>\n<p>Engine \/ Moteur HONDA GX100 2,8 HP \/ cv<br \/>\nGearbox \/ Transmission 1 forward gear \/ 1 forward gear<br \/>\nParking brake \/ Frein de stationnement Ja \/ Oui<br \/>\nSteering \/ Direction by separate rolls \/ par des rouleaux s\u00e9par\u00e9s<br \/>\nTransmission roller \/ Rouleau d&#8217;entra\u00eenement autopulente \/ autonettoyant<br \/>\nWidth of work \/ Largeur de travail 58 cm<br \/>\nSeed hopper \/ R\u00e9cipient \u00e0 graines 40 litres \/ litres<br \/>\nMixing \/ M\u00e9lange avec un balais perlon \/ avec un balais perlon<br \/>\nDosage \/ Dosage with hand lever \/ avec levier \u00e0 main<br \/>\nWeight \/ Poids 135 kg<br \/>\nAbmessung \/ Dimensions L 145, W 67, H 105 cm<\/p>\n","protected":false},"excerpt":{"rendered":"<p>Semoir automoteur \/ Semoir automoteur Semoir de pr\u00e9cision pour l&#8217;ensemencement des pelouses. La quantit\u00e9 de semences est dos\u00e9e avec pr\u00e9cision<\/p>\n","protected":false},"featured_media":55542,"template":"","meta":{"_seopress_robots_primary_cat":"","_seopress_titles_title":"","_seopress_titles_desc":"","_seopress_robots_index":""},"product_brand":[4390],"product_cat":[29,514,546],"product_tag":[],"class_list":{"0":"post-505784","1":"product","2":"type-product","3":"status-publish","4":"has-post-thumbnail","6":"product_brand-stema","7":"product_cat-macchinari","8":"product_cat-altri-dispositivi","9":"product_cat-seminatrici","11":"first","12":"onbackorder","13":"shipping-taxable","14":"purchasable","15":"product-type-simple"},"_links":{"self":[{"href":"https:\/\/lucacastelli.com\/fr\/wp-json\/wp\/v2\/product\/505784","targetHints":{"allow":["GET"]}}],"collection":[{"href":"https:\/\/lucacastelli.com\/fr\/wp-json\/wp\/v2\/product"}],"about":[{"href":"https:\/\/lucacastelli.com\/fr\/wp-json\/wp\/v2\/types\/product"}],"wp:featuredmedia":[{"embeddable":true,"href":"https:\/\/lucacastelli.com\/fr\/wp-json\/wp\/v2\/media\/55542"}],"wp:attachment":[{"href":"https:\/\/lucacastelli.com\/fr\/wp-json\/wp\/v2\/media?parent=505784"}],"wp:term":[{"taxonomy":"product_brand","embeddable":true,"href":"https:\/\/lucacastelli.com\/fr\/wp-json\/wp\/v2\/product_brand?post=505784"},{"taxonomy":"product_cat","embeddable":true,"href":"https:\/\/lucacastelli.com\/fr\/wp-json\/wp\/v2\/product_cat?post=505784"},{"taxonomy":"product_tag","embeddable":true,"href":"https:\/\/lucacastelli.com\/fr\/wp-json\/wp\/v2\/product_tag?post=505784"}],"curies":[{"name":"wp","href":"https:\/\/api.w.org\/{rel}","templated":true}]}}