{"id":505780,"date":"2023-05-19T19:45:49","date_gmt":"2023-05-19T17:45:49","guid":{"rendered":"https:\/\/lucacastelli.com\/prodotto\/stema-rotex-75\/"},"modified":"2025-08-05T13:43:43","modified_gmt":"2025-08-05T11:43:43","slug":"stema-rotex-75","status":"publish","type":"product","link":"https:\/\/lucacastelli.com\/fr\/produit\/stema-rotex-75\/","title":{"rendered":"STEMA ROTEX 75"},"content":{"rendered":"<p>Hochgrasmulcher \/ Mower  <\/p>\n<p>Cette tondeuse robuste peut \u00e9galement faucher avec la lame sp\u00e9ciale Hochgraswiesen et Wildwuchs m\u00fchelos<br \/>\net peut \u00eatre utilis\u00e9e dans toutes les zones de travail. Gr\u00e2ce \u00e0 la restructuration des points de connexion et \u00e0<br \/>\ngauche, la machine est l\u00e9g\u00e8rement rallong\u00e9e. La construction stable de la machine, les messagers et<br \/>\nAntriebes font de cette machine un v\u00e9ritable profit.  <\/p>\n<p>Cette tondeuse robuste, dot\u00e9e d&#8217;une lame sp\u00e9ciale, r\u00e9alise des coupes fines dans les herbes hautes et les broussailles, garantissant des r\u00e9sultats optimaux m\u00eame dans l&#8217;herbe mouill\u00e9e. Elle r\u00e9partit la mati\u00e8re coup\u00e9e sur toute la surface de travail.<br \/>\ntoute la surface de travail. Gr\u00e2ce au dispositif de d\u00e9connexion des roues droite et gauche, la machine peut \u00eatre conduite facilement sur<br \/>\n. La construction solide du carter et de l&#8217;unit\u00e9 de coupe, ainsi que la robustesse du moteur, en font une machine professionnelle.<br \/>\nprofessionnelle.   <\/p>\n<p>Moteur \/ Engine HONDA GXV390 13 PS OHV \/ hp<br \/>\nG\u00e4nge \/ Speed 2 Vor- und 1 R\u00fcckw\u00e4rtsgang \/ 2 forwardwards and 1 backwards<br \/>\nVitesse V 2,5 \/ 4,2 km\/h, R 1,5 km\/h<br \/>\nGetriebe \/ Transmission Zahnradgetriebe im Oelbad \/ with closed gears in oil bath<br \/>\nBremse \/ Brakes automatische Getriebebremse \/ with automatic transmission<br \/>\nKupplung \/ Clutch f\u00fcr Radantrieb und M\u00e4hwerk unabh\u00e4ngig \/ independent for wheels and cutting element<br \/>\nBereifung \/ Wheels 16&#215;6.50-8 Breitreifen \/ wide tyres<br \/>\nAchse \/ Differential on Handhebel schaltbar \/ switchable with hand lever<br \/>\nHandholmen \/ Mancheron h\u00f6hen- und seitenverstellbar, schwingungsged\u00e4mpft \/ height- and side-adjustable, equipped with anti-vibration device<br \/>\nMulchgeh\u00e4use \/ Carter mit Heckauswurf und freischwingenden Messern \/ with rear ejection and movable knives<br \/>\nM\u00e4hbreite \/ Cutting width 75 cm<br \/>\nGewicht \/ Weight approx. 120 kg \/ approx.<br \/>\nAbmessung \/ Dimensions L 175 cm, B 77 cm, H 95\/60 cm<\/p>\n","protected":false},"excerpt":{"rendered":"<p>Hochgrasmulcher \/ Mower Cette tondeuse robuste peut \u00e9galement faucher avec la lame sp\u00e9ciale Hochgraswiesen et Wildwuchs m\u00fchelos et peut \u00eatre<\/p>\n","protected":false},"featured_media":55537,"template":"","meta":{"_seopress_robots_primary_cat":"","_seopress_titles_title":"","_seopress_titles_desc":"","_seopress_robots_index":""},"product_brand":[4390],"product_cat":[29,514,544],"product_tag":[],"class_list":{"0":"post-505780","1":"product","2":"type-product","3":"status-publish","4":"has-post-thumbnail","6":"product_brand-stema","7":"product_cat-macchinari","8":"product_cat-altri-dispositivi","9":"product_cat-falciatrici","11":"first","12":"onbackorder","13":"shipping-taxable","14":"purchasable","15":"product-type-simple"},"_links":{"self":[{"href":"https:\/\/lucacastelli.com\/fr\/wp-json\/wp\/v2\/product\/505780","targetHints":{"allow":["GET"]}}],"collection":[{"href":"https:\/\/lucacastelli.com\/fr\/wp-json\/wp\/v2\/product"}],"about":[{"href":"https:\/\/lucacastelli.com\/fr\/wp-json\/wp\/v2\/types\/product"}],"wp:featuredmedia":[{"embeddable":true,"href":"https:\/\/lucacastelli.com\/fr\/wp-json\/wp\/v2\/media\/55537"}],"wp:attachment":[{"href":"https:\/\/lucacastelli.com\/fr\/wp-json\/wp\/v2\/media?parent=505780"}],"wp:term":[{"taxonomy":"product_brand","embeddable":true,"href":"https:\/\/lucacastelli.com\/fr\/wp-json\/wp\/v2\/product_brand?post=505780"},{"taxonomy":"product_cat","embeddable":true,"href":"https:\/\/lucacastelli.com\/fr\/wp-json\/wp\/v2\/product_cat?post=505780"},{"taxonomy":"product_tag","embeddable":true,"href":"https:\/\/lucacastelli.com\/fr\/wp-json\/wp\/v2\/product_tag?post=505780"}],"curies":[{"name":"wp","href":"https:\/\/api.w.org\/{rel}","templated":true}]}}