{"id":505776,"date":"2023-05-19T19:33:03","date_gmt":"2023-05-19T17:33:03","guid":{"rendered":"https:\/\/lucacastelli.com\/prodotto\/stema-rl-115\/"},"modified":"2025-08-05T13:43:47","modified_gmt":"2025-08-05T11:43:47","slug":"stema-rl-115","status":"publish","type":"product","link":"https:\/\/lucacastelli.com\/fr\/produit\/stema-rl-115\/","title":{"rendered":"STEMA RL 115"},"content":{"rendered":"<p>Broyeur d&#8217;herbes hautes\/ Faucheuse-broyeuses<\/p>\n<p>Cette tondeuse robuste broie l&#8217;herbe haute et la v\u00e9g\u00e9tation sauvage sans effort, m\u00eame lorsque la coupe est humide, et la r\u00e9partit sur toute la largeur de travail.<br \/>\nsur toute la largeur de travail. La machine est facile \u00e0 man\u0153uvrer gr\u00e2ce \u00e0 la roue libre verrouillable.<br \/>\nman\u0153uvrable. La construction robuste du corps de la tondeuse, du palier de lame et de la transmission en font une machine professionnelle.<br \/>\nmachine professionnelle.  <\/p>\n<p>Cette faucheuse-broyeuse robuste broie facilement herbes hautes et broussailles m\u00eame en cas d&#8217;herbe mouill\u00e9e. Elle<br \/>\nr\u00e9partit le produit de la coupe sur toute la surface de travail. Son syst\u00e8me de lames diff\u00e9rentes facilite la man\u0153uvre.<br \/>\nman\u0153uvre ais\u00e9e. Sa solidit\u00e9 et son design en font une machine destin\u00e9e \u00e0 un usage professionnel.   <\/p>\n<p>Moteur \/ Engine B&amp;S 850e 6 hp OHV \/ hp<br \/>\nGears \/ Vitesses forward stepless, 1 reverse gear \/ marche avant en continuum, 1 marche arri\u00e8re<br \/>\nSpeed \/ Vitesse l&#8217;avancement 1.7 &#8211; 3.8 km\/h<br \/>\nBrake \/ Frein yes \/ oui<br \/>\nClutch \/ Embrayage pour les roues et l&#8217;\u00e9l\u00e9ment de coupe independent \/ ind\u00e9pendant pour les roues et l&#8217;\u00e9l\u00e9ment de coupe<br \/>\nPneus\/roues 3.50 &#8211; 6<br \/>\nAxle \/ Diff\u00e9rentiel lFree-wheel hubs, lockable \/ syst\u00e8me \u00e0 taquets, blocable<br \/>\nHandholmen \/ Mancheron adjustable in height and foldable for Trandsport \/ r\u00e9glable en hauteur et rabattable<br \/>\nHeight of cut \/ Hauteur de coupe adjustable in 3 positions \/ 3 positions r\u00e9glables<br \/>\nMulching housing \/ Carter with rear discharge \/ avec \u00e9jection \u00e0 l&#8217;arri\u00e8re<br \/>\nCutting width \/ Largeur de coupe 55 cm<br \/>\nWeight \/ Poids ca. 94 kg \/ environ<br \/>\nAbmessung \/ Dimensions L 151 cm, L 60 cm, H 104\/70 cm<\/p>\n","protected":false},"excerpt":{"rendered":"<p>Broyeur d&#8217;herbes hautes\/ Faucheuse-broyeuses Cette tondeuse robuste broie l&#8217;herbe haute et la v\u00e9g\u00e9tation sauvage sans effort, m\u00eame lorsque la coupe<\/p>\n","protected":false},"featured_media":55527,"template":"","meta":{"_seopress_robots_primary_cat":"","_seopress_titles_title":"","_seopress_titles_desc":"","_seopress_robots_index":""},"product_brand":[4390],"product_cat":[29,514,544],"product_tag":[],"class_list":{"0":"post-505776","1":"product","2":"type-product","3":"status-publish","4":"has-post-thumbnail","6":"product_brand-stema","7":"product_cat-macchinari","8":"product_cat-altri-dispositivi","9":"product_cat-falciatrici","11":"first","12":"onbackorder","13":"shipping-taxable","14":"purchasable","15":"product-type-simple"},"_links":{"self":[{"href":"https:\/\/lucacastelli.com\/fr\/wp-json\/wp\/v2\/product\/505776","targetHints":{"allow":["GET"]}}],"collection":[{"href":"https:\/\/lucacastelli.com\/fr\/wp-json\/wp\/v2\/product"}],"about":[{"href":"https:\/\/lucacastelli.com\/fr\/wp-json\/wp\/v2\/types\/product"}],"wp:featuredmedia":[{"embeddable":true,"href":"https:\/\/lucacastelli.com\/fr\/wp-json\/wp\/v2\/media\/55527"}],"wp:attachment":[{"href":"https:\/\/lucacastelli.com\/fr\/wp-json\/wp\/v2\/media?parent=505776"}],"wp:term":[{"taxonomy":"product_brand","embeddable":true,"href":"https:\/\/lucacastelli.com\/fr\/wp-json\/wp\/v2\/product_brand?post=505776"},{"taxonomy":"product_cat","embeddable":true,"href":"https:\/\/lucacastelli.com\/fr\/wp-json\/wp\/v2\/product_cat?post=505776"},{"taxonomy":"product_tag","embeddable":true,"href":"https:\/\/lucacastelli.com\/fr\/wp-json\/wp\/v2\/product_tag?post=505776"}],"curies":[{"name":"wp","href":"https:\/\/api.w.org\/{rel}","templated":true}]}}