{"id":505772,"date":"2023-05-19T19:45:27","date_gmt":"2023-05-19T17:45:27","guid":{"rendered":"https:\/\/lucacastelli.com\/prodotto\/stema-rl-1400\/"},"modified":"2025-08-05T13:41:54","modified_gmt":"2025-08-05T11:41:54","slug":"stema-rl-1400","status":"publish","type":"product","link":"https:\/\/lucacastelli.com\/fr\/produit\/stema-rl-1400\/","title":{"rendered":"STEMA RL 1400"},"content":{"rendered":"<p>Broyeur d&#8217;herbes hautes \/ Broyeuses<\/p>\n<p>Broyeur puissant pour herbes hautes et broussailles pour tondre les pelouses non cultiv\u00e9es ou tondre les for\u00eats.<br \/>\ndans les bois. Le diff\u00e9rentiel int\u00e9gral facilite la rotation de la machine. La construction robuste de la machine<br \/>\nLa construction robuste du corps de la tondeuse et de la transmission en font une machine professionnelle.  <\/p>\n<p>Faucheuse puissante pour les herbes hautes et les feuilles, pour l&#8217;entretien des prairies non cultiv\u00e9es ou pour la coupe dans les for\u00eats.<br \/>\ndans les for\u00eats. Avec son diff\u00e9rentiel s\u00e9par\u00e9, la machine est facile \u00e0 manipuler. La construction solide du carter<br \/>\net la robustesse du moteur en font une machine professionnelle.  <\/p>\n<p>Moteur GXV 340 11 HP OHV \/ hp<br \/>\nGears \/ Vitesses 4 forward and 1 reverse \/ 4 marches avant et 1 marche arri\u00e8re<br \/>\nSpeed \/ Vitesse d&#8217;avancement 1.6 &#8211; 3.9 km\/h<br \/>\nBrake \/ Frein ja \/ oui<br \/>\nClutch \/ Embrayage pour les roues et l&#8217;\u00e9l\u00e9ment de coupe independent \/ ind\u00e9pendant pour les roues et l&#8217;\u00e9l\u00e9ment de coupe<br \/>\nTyres \/ Roues 16&#215;6.50 &#8211; 8 Wide tyres \/ pneus larges<br \/>\nDifferenziale \/ Diff\u00e9rentiel bloccabile \/ blocable<br \/>\nHandrail \/ Mancheron adjustable in height and foldable \/ r\u00e9glable en hauteur et rabattable<br \/>\nHeight of cut \/ Hauteur de coupe adjustable in 3 positions \/ 3 positions r\u00e9glables<br \/>\nMulching housing \/ Carter with rear discharge \/ avec \u00e9jection \u00e0 l&#8217;arri\u00e8re<br \/>\nCutting width \/ Largeur de coupe 63 cm<br \/>\nWeight \/ Poids ca. 120 kg \/ environ<br \/>\nDimensions \/ Dimension L 187 cm, L 68 cm, H 107\/80 cm<\/p>\n","protected":false},"excerpt":{"rendered":"<p>Broyeur d&#8217;herbes hautes \/ Broyeuses Broyeur puissant pour herbes hautes et broussailles pour tondre les pelouses non cultiv\u00e9es ou tondre<\/p>\n","protected":false},"featured_media":55532,"template":"","meta":{"_seopress_robots_primary_cat":"","_seopress_titles_title":"","_seopress_titles_desc":"","_seopress_robots_index":""},"product_brand":[4390],"product_cat":[29,514,544],"product_tag":[],"class_list":{"0":"post-505772","1":"product","2":"type-product","3":"status-publish","4":"has-post-thumbnail","6":"product_brand-stema","7":"product_cat-macchinari","8":"product_cat-altri-dispositivi","9":"product_cat-falciatrici","11":"first","12":"onbackorder","13":"shipping-taxable","14":"purchasable","15":"product-type-simple"},"_links":{"self":[{"href":"https:\/\/lucacastelli.com\/fr\/wp-json\/wp\/v2\/product\/505772","targetHints":{"allow":["GET"]}}],"collection":[{"href":"https:\/\/lucacastelli.com\/fr\/wp-json\/wp\/v2\/product"}],"about":[{"href":"https:\/\/lucacastelli.com\/fr\/wp-json\/wp\/v2\/types\/product"}],"wp:featuredmedia":[{"embeddable":true,"href":"https:\/\/lucacastelli.com\/fr\/wp-json\/wp\/v2\/media\/55532"}],"wp:attachment":[{"href":"https:\/\/lucacastelli.com\/fr\/wp-json\/wp\/v2\/media?parent=505772"}],"wp:term":[{"taxonomy":"product_brand","embeddable":true,"href":"https:\/\/lucacastelli.com\/fr\/wp-json\/wp\/v2\/product_brand?post=505772"},{"taxonomy":"product_cat","embeddable":true,"href":"https:\/\/lucacastelli.com\/fr\/wp-json\/wp\/v2\/product_cat?post=505772"},{"taxonomy":"product_tag","embeddable":true,"href":"https:\/\/lucacastelli.com\/fr\/wp-json\/wp\/v2\/product_tag?post=505772"}],"curies":[{"name":"wp","href":"https:\/\/api.w.org\/{rel}","templated":true}]}}