{"id":505771,"date":"2023-05-19T19:31:22","date_gmt":"2023-05-19T17:31:22","guid":{"rendered":"https:\/\/lucacastelli.com\/prodotto\/recato-systeme-60\/"},"modified":"2025-08-05T13:43:43","modified_gmt":"2025-08-05T11:43:43","slug":"recato-systeme-60","status":"publish","type":"product","link":"https:\/\/lucacastelli.com\/fr\/produit\/recato-systeme-60\/","title":{"rendered":"TIGE ENCASTR\u00c9E 60"},"content":{"rendered":"<p>Faucheuse-broyeuse \/ Sickle mower<\/p>\n<p>Puissant broyeur d&#8217;herbe haute jusqu&#8217;\u00e0 une surface de 6000 m2<br \/>\n. L&#8217;\u00e9jection arri\u00e8re est id\u00e9ale pour le fauchage des bords de route<br \/>\n, dans les cultures en ligne ou pour le fauchage des vignobles. Le pare-\u00e9claboussures avant autor\u00e9glable est<br \/>\nautomatiquement r\u00e9gl\u00e9 en fonction de la hauteur de l&#8217;herbe \u00e0 couper et emp\u00eache la tonte d&#8217;\u00eatre arros\u00e9e \u00e0 l&#8217;ext\u00e9rieur.<br \/>\ndes coupes r\u00e9duites. Les grandes roues motrices permettent de travailler sur des terrains irr\u00e9guliers et de franchir des pentes raides.<br \/>\net de franchir des pentes raides. Les deux roues avant pivotantes verrouillables emp\u00eachent la machine de<br \/>\nbasculer sur les terrains en pente.    <\/p>\n<p>Faucheuse-broyeuse puissante pour une surface jusqu&#8217;\u00e0 6000 m2<br \/>\n. L&#8217;\u00e9jection \u00e0 l&#8217;arriv\u00e9e est id\u00e9ale pour<br \/>\nles bords de route, les cultures en ligne ou les vignobles. La buse articul\u00e9e mont\u00e9e \u00e0 l&#8217;avant du caisson<br \/>\ns&#8217;adapte automatiquement \u00e0 la hauteur du sol et \u00e9vite les projections lors de la mise \u00e0 feu. Les grandes roues<br \/>\nLes grandes roues assurent une conduite optimale, m\u00eame sur les terrains accident\u00e9s ou en forte pente. Les<br \/>\ndeux roues pivotantes \u00e0 l&#8217;avant, verrouillables, emp\u00eachent le basculement de la machine.    <\/p>\n<p>Engine \/ Motore HONDA GXV340 11 PS OHV \/ cv<br \/>\nIngranaggi \/ Vitesses 3 marches avant et 1 marche arri\u00e8re \/ 3 marches avant et 1 marche arri\u00e8re<br \/>\nSpeed \/ Vitesse d&#8217;avancement 1,9 \/ 2,5 \/ 3,3 km\/h<br \/>\nGetriebe \/ Cambio a bagno d&#8217;olio \/ engrenages \u00e0 bain d&#8217;huile<br \/>\nKupplung \/ Embrayage f\u00fcr Rad- u. Messerantrieb \/ for wheel and hitch feed<br \/>\nPneus\/roues 4.00-8AS<br \/>\nAxle \/ Diff\u00e9rentiel mit umschaltbaren Freilaufnaben \/ syst\u00e8me \u00e0 taquets commutable<br \/>\nFront swivel castors \/ Roues pivotantes \u00e0 l&#8217;avant 2, lockable \/ 2, blocables<br \/>\nHandrail \/ Mancheron adjustable in height \/ r\u00e9glable en hauteur<br \/>\nCutting height \/ Hauteur de coupe adjustable in 4 positions \/ 4 positions<br \/>\nMulching housing \/ Carter with rear ejection and splash guard \/ \u00e9jection \u00e0 l&#8217;arri\u00e8re et capot de protection<br \/>\nCutting width \/ Largeur de coupe 60 cm<br \/>\nWeight \/ Poids ca. 120 kg \/ environ<br \/>\nDimensions \/ Dimensions L 176 cm, L 65 cm, H 98 cm<\/p>\n","protected":false},"excerpt":{"rendered":"<p>Faucheuse-broyeuse \/ Sickle mower Puissant broyeur d&#8217;herbe haute jusqu&#8217;\u00e0 une surface de 6000 m2 . L&#8217;\u00e9jection arri\u00e8re est id\u00e9ale pour<\/p>\n","protected":false},"featured_media":55522,"template":"","meta":{"_seopress_robots_primary_cat":"","_seopress_titles_title":"","_seopress_titles_desc":"","_seopress_robots_index":""},"product_brand":[4390],"product_cat":[29,514,544],"product_tag":[],"class_list":{"0":"post-505771","1":"product","2":"type-product","3":"status-publish","4":"has-post-thumbnail","6":"product_brand-stema","7":"product_cat-macchinari","8":"product_cat-altri-dispositivi","9":"product_cat-falciatrici","11":"first","12":"onbackorder","13":"shipping-taxable","14":"purchasable","15":"product-type-simple"},"_links":{"self":[{"href":"https:\/\/lucacastelli.com\/fr\/wp-json\/wp\/v2\/product\/505771","targetHints":{"allow":["GET"]}}],"collection":[{"href":"https:\/\/lucacastelli.com\/fr\/wp-json\/wp\/v2\/product"}],"about":[{"href":"https:\/\/lucacastelli.com\/fr\/wp-json\/wp\/v2\/types\/product"}],"wp:featuredmedia":[{"embeddable":true,"href":"https:\/\/lucacastelli.com\/fr\/wp-json\/wp\/v2\/media\/55522"}],"wp:attachment":[{"href":"https:\/\/lucacastelli.com\/fr\/wp-json\/wp\/v2\/media?parent=505771"}],"wp:term":[{"taxonomy":"product_brand","embeddable":true,"href":"https:\/\/lucacastelli.com\/fr\/wp-json\/wp\/v2\/product_brand?post=505771"},{"taxonomy":"product_cat","embeddable":true,"href":"https:\/\/lucacastelli.com\/fr\/wp-json\/wp\/v2\/product_cat?post=505771"},{"taxonomy":"product_tag","embeddable":true,"href":"https:\/\/lucacastelli.com\/fr\/wp-json\/wp\/v2\/product_tag?post=505771"}],"curies":[{"name":"wp","href":"https:\/\/api.w.org\/{rel}","templated":true}]}}