{"id":505765,"date":"2023-05-19T19:18:38","date_gmt":"2023-05-19T17:18:38","guid":{"rendered":"https:\/\/lucacastelli.com\/prodotto\/stema-rl-210\/"},"modified":"2025-08-05T13:47:55","modified_gmt":"2025-08-05T11:47:55","slug":"stema-rl-210","status":"publish","type":"product","link":"https:\/\/lucacastelli.com\/fr\/produit\/stema-rl-210\/","title":{"rendered":"STEMA RL 210"},"content":{"rendered":"<p>Faucheuse \/ Faucheuse-broyeuse<\/p>\n<p>La tondeuse pour les herbes hautes et les broussailles jusqu&#8217;\u00e0 une surface de 5000 m2<br \/>\n. Tondre et broyer \u00e0 volont\u00e9.<br \/>\nl&#8217;herbe coup\u00e9e. La transmission continue vous permet de r\u00e9gler la bonne vitesse sur n&#8217;importe quel terrain.<br \/>\nLe carter de mulching \u00e0 parois \u00e9paisses et le ch\u00e2ssis robuste garantissent une longue dur\u00e9e de vie.<br \/>\nlongue dur\u00e9e de vie.  <\/p>\n<p>Le broyeur d&#8217;herbe pour l&#8217;herbe haute et coup\u00e9e jusqu&#8217;\u00e0 une surface de 5000 m2<br \/>\n. Fauche ou broie<br \/>\nchoix de l&#8217;\u00e9l\u00e9ment d&#8217;\u00e9jection. La transmission r\u00e9glable en continu permet d&#8217;adapter la vitesse de travail \u00e0 tous les terrains.<br \/>\ntous les terrains. Le carter rembourr\u00e9 et le ch\u00e2ssis robuste garantissent une grande durabilit\u00e9 de la machine, m\u00eame lors de<br \/>\ntravaux r\u00e9p\u00e9titifs et difficiles.   <\/p>\n<p>Moteur \/ Engine B&amp;S 850E 6 hp OHV \/ hp<br \/>\nGears \/ Vitesses forward stepless, 1 reverse gear \/ marche avant en continuum, 1 marche arri\u00e8re<br \/>\nVitesse \/ Speed 1.7 &#8211; 3.8 km\/h<br \/>\nBrake \/ Frein ja \/ oui<br \/>\nClutch \/ Embrayage pour l&#8217;entra\u00eenement des roues \/ pour l&#8217;entra\u00eenement des roues<br \/>\nClutch \/ Embrayage pour l&#8217;entra\u00eenement de lame avec frein \/ pour l&#8217;entra\u00eenement de lame avec frein<br \/>\nPneus\/roues 3.50-6 AS<br \/>\nAxle \/ Diff\u00e9rentiel Freewheel hubs, lockable \/ syst\u00e8me \u00e0 taquets, blocable<br \/>\nFront swivel castors \/ Roues pivotantes avant lockable \/ blocables<br \/>\nHandrail \/ Mancheron with height adjustment and foldable for transport \/ r\u00e9glable en hauteur, rabattable<br \/>\nCutting height \/ Hauteur de coupe adjustable in 3 steps \/ 3 positions<br \/>\nMulching housing \/ Carter with side discharge and splash guard \/ avec \u00e9jection lat\u00e9rale et coupole de protection<br \/>\nCutting width \/ Largeur de coupe 53 cm<br \/>\nWeight \/ Poids ca. 80 kg \/ environ<br \/>\nDimensions \/ Dimensions L 176 cm, L 69 cm, H 101\/70 cm<\/p>\n","protected":false},"excerpt":{"rendered":"<p>Faucheuse \/ Faucheuse-broyeuse La tondeuse pour les herbes hautes et les broussailles jusqu&#8217;\u00e0 une surface de 5000 m2 . Tondre<\/p>\n","protected":false},"featured_media":55517,"template":"","meta":{"_seopress_robots_primary_cat":"","_seopress_titles_title":"","_seopress_titles_desc":"","_seopress_robots_index":""},"product_brand":[4390],"product_cat":[29,514,544],"product_tag":[],"class_list":{"0":"post-505765","1":"product","2":"type-product","3":"status-publish","4":"has-post-thumbnail","6":"product_brand-stema","7":"product_cat-macchinari","8":"product_cat-altri-dispositivi","9":"product_cat-falciatrici","11":"first","12":"onbackorder","13":"shipping-taxable","14":"purchasable","15":"product-type-simple"},"_links":{"self":[{"href":"https:\/\/lucacastelli.com\/fr\/wp-json\/wp\/v2\/product\/505765","targetHints":{"allow":["GET"]}}],"collection":[{"href":"https:\/\/lucacastelli.com\/fr\/wp-json\/wp\/v2\/product"}],"about":[{"href":"https:\/\/lucacastelli.com\/fr\/wp-json\/wp\/v2\/types\/product"}],"wp:featuredmedia":[{"embeddable":true,"href":"https:\/\/lucacastelli.com\/fr\/wp-json\/wp\/v2\/media\/55517"}],"wp:attachment":[{"href":"https:\/\/lucacastelli.com\/fr\/wp-json\/wp\/v2\/media?parent=505765"}],"wp:term":[{"taxonomy":"product_brand","embeddable":true,"href":"https:\/\/lucacastelli.com\/fr\/wp-json\/wp\/v2\/product_brand?post=505765"},{"taxonomy":"product_cat","embeddable":true,"href":"https:\/\/lucacastelli.com\/fr\/wp-json\/wp\/v2\/product_cat?post=505765"},{"taxonomy":"product_tag","embeddable":true,"href":"https:\/\/lucacastelli.com\/fr\/wp-json\/wp\/v2\/product_tag?post=505765"}],"curies":[{"name":"wp","href":"https:\/\/api.w.org\/{rel}","templated":true}]}}