{"id":505762,"date":"2023-05-19T14:39:29","date_gmt":"2023-05-19T12:39:29","guid":{"rendered":"https:\/\/lucacastelli.com\/prodotto\/systeme-minimax\/"},"modified":"2025-08-05T13:47:44","modified_gmt":"2025-08-05T11:47:44","slug":"systeme-minimax","status":"publish","type":"product","link":"https:\/\/lucacastelli.com\/fr\/produit\/systeme-minimax\/","title":{"rendered":"MINIMAX STEM"},"content":{"rendered":"<p>Un petit appareil de levage pour une surface de 1500 m2<br \/>\n. L&#8217;\u00e9tag\u00e8re est tr\u00e8s haute et<br \/>\nest tr\u00e8s difficile \u00e0 transporter. Les grandes barres d&#8217;armature \u00e0 l&#8217;avant et les deux barres d&#8217;armature en bloc \u00e0 l&#8217;arri\u00e8re (<br \/>\n) permettent \u00e9galement de travailler dans une m\u00eame zone de gel. Convient aux hommes d&#8217;une taille de 60 cm,<br \/>\nd&#8217;une \u00e9paisseur de 15 mm et d&#8217;une largeur de 15 mm.   <\/p>\n<p>Petite tondeuse-broyeuse maniable pour des surfaces allant jusqu&#8217;\u00e0 1500 m2<br \/>\n. Le mancheron est ajustable en<br \/>\nhauteur et d\u00e9montable pour le transport. Les grandes roues motrices \u00e0 l&#8217;arri\u00e8re ainsi que les deux roues pivotantes et blocables \u00e0 l&#8217;avant rendent cette machine id\u00e9ale pour les travaux sur terrains in\u00e9gaux. Pour le fauchage des prairies jusqu&#8217;\u00e0 60 cm de hauteur, des broussailles jusqu&#8217;\u00e0 15 mm de diam\u00e8tre et des pelouses.   <\/p>\n<p>Motor \/ Moteur SUBARU EA190 6,5 PS OHV \/ hp<br \/>\nGeschwindigkeit \/ Vitesse d&#8217;avancement 3,2 km\/h<br \/>\nKupplung \/ Embrayage f\u00fcr Radantrieb \/ pour les roues motrices<br \/>\nAntriebsr\u00e4der \/ Roues motrices mit Stahlfelgen \/ avec jantes d&#8217;acier 43 cm \u00d8<br \/>\nR\u00e4der vorne \/ roues avant 2 schwenk- und blockierbar \/ 2 pivotantes et blocables<br \/>\nMesserantrieb \/ Entra\u00eenement des couteaux direkt \/ direct<br \/>\nHandholmen \/ Mancheron h\u00f6henverstellbar und demontierbar \/ r\u00e9glable en hauteur et d\u00e9montable<br \/>\nSchnitth\u00f6he \/ Hauteur de coupe am Handholmen verstellbar \/ r\u00e9glable au mancheron<br \/>\nSchnittbreite \/ Largeur de coupe 51 cm<br \/>\nGewicht \/ Poids ca. 55 kg \/ environ<br \/>\nAbmessung \/ Dimensions L 146 cm, B 72 cm, H 100\/50 cm<\/p>\n","protected":false},"excerpt":{"rendered":"<p>Un petit appareil de levage pour une surface de 1500 m2 . L&#8217;\u00e9tag\u00e8re est tr\u00e8s haute et est tr\u00e8s difficile<\/p>\n","protected":false},"featured_media":55507,"template":"","meta":{"_seopress_robots_primary_cat":"","_seopress_titles_title":"","_seopress_titles_desc":"","_seopress_robots_index":""},"product_brand":[4390],"product_cat":[29,514,544],"product_tag":[],"class_list":{"0":"post-505762","1":"product","2":"type-product","3":"status-publish","4":"has-post-thumbnail","6":"product_brand-stema","7":"product_cat-macchinari","8":"product_cat-altri-dispositivi","9":"product_cat-falciatrici","11":"first","12":"onbackorder","13":"shipping-taxable","14":"purchasable","15":"product-type-simple"},"_links":{"self":[{"href":"https:\/\/lucacastelli.com\/fr\/wp-json\/wp\/v2\/product\/505762","targetHints":{"allow":["GET"]}}],"collection":[{"href":"https:\/\/lucacastelli.com\/fr\/wp-json\/wp\/v2\/product"}],"about":[{"href":"https:\/\/lucacastelli.com\/fr\/wp-json\/wp\/v2\/types\/product"}],"wp:featuredmedia":[{"embeddable":true,"href":"https:\/\/lucacastelli.com\/fr\/wp-json\/wp\/v2\/media\/55507"}],"wp:attachment":[{"href":"https:\/\/lucacastelli.com\/fr\/wp-json\/wp\/v2\/media?parent=505762"}],"wp:term":[{"taxonomy":"product_brand","embeddable":true,"href":"https:\/\/lucacastelli.com\/fr\/wp-json\/wp\/v2\/product_brand?post=505762"},{"taxonomy":"product_cat","embeddable":true,"href":"https:\/\/lucacastelli.com\/fr\/wp-json\/wp\/v2\/product_cat?post=505762"},{"taxonomy":"product_tag","embeddable":true,"href":"https:\/\/lucacastelli.com\/fr\/wp-json\/wp\/v2\/product_tag?post=505762"}],"curies":[{"name":"wp","href":"https:\/\/api.w.org\/{rel}","templated":true}]}}