{"id":505738,"date":"2024-08-31T13:25:13","date_gmt":"2024-08-31T11:25:13","guid":{"rendered":"https:\/\/lucacastelli.com\/prodotto\/eisbar-fenna-stb-009\/"},"modified":"2026-03-01T00:10:57","modified_gmt":"2026-02-28T23:10:57","slug":"eisbar-fenna-stb-009","status":"publish","type":"product","link":"https:\/\/lucacastelli.com\/fr\/produit\/eisbar-fenna-stb-009\/","title":{"rendered":"EISB\u00c4R Fenna STB 009"},"content":{"rendered":"<p>Le FENNA HEADBAND, d\u2019une hauteur de 12 cm, d\u2019une structure lisse et d\u2019une forme torsad\u00e9e, combine un style urbain moderne et \u00e0 la mode avec une sensation incroyablement confortable et moelleuse, gr\u00e2ce au m\u00e9lange de mat\u00e9riaux AIME.<br \/>\nAIME est un m\u00e9lange de mat\u00e9riaux hautement sp\u00e9cialis\u00e9s, compos\u00e9 de 51 % de laine m\u00e9rinos extra-fine et de 49 % de coton peign\u00e9. Il est produit \u00e0 l\u2019aide du proc\u00e9d\u00e9 innovant de \u00ab&nbsp;filage \u00e0 l\u2019air&nbsp;\u00bb. Ce proc\u00e9d\u00e9 pr\u00e9serve le volume naturel des fibres et r\u00e9duit le poids du fil. Le r\u00e9sultat est un mat\u00e9riau doux et l\u00e9ger avec une sensation incroyablement confortable. L\u2019air emprisonn\u00e9 rend ce fil particuli\u00e8rement chaud et agr\u00e9able \u00e0 porter, tout en b\u00e9n\u00e9ficiant des propri\u00e9t\u00e9s positives de la laine m\u00e9rinos. L\u2019ajout de coton conf\u00e8re au fil une plus grande durabilit\u00e9 sans compromettre le toucher doux.<br \/>\nLe FENNA HEADBAND sans plastique a re\u00e7u le label de durabilit\u00e9 BLUE BEAR d\u2019Eisb\u00e4r.<br \/>\nDans le cadre de la s\u00e9rie CAPSULE, LEIA OS, BASSO, METHILDE HOOD, FENNA LOOP et SOPHIA OS s\u2019accordent \u00e9galement avec le style.     <\/p>\n","protected":false},"excerpt":{"rendered":"<p>Le FENNA HEADBAND, d\u2019une hauteur de 12 cm, d\u2019une structure lisse et d\u2019une forme torsad\u00e9e, combine un style urbain moderne<\/p>\n","protected":false},"featured_media":97166,"template":"","meta":{"_seopress_robots_primary_cat":"","_seopress_titles_title":"","_seopress_titles_desc":"","_seopress_robots_index":""},"product_brand":[4397],"product_cat":[21,186],"product_tag":[],"class_list":{"0":"post-505738","1":"product","2":"type-product","3":"status-publish","4":"has-post-thumbnail","6":"product_brand-eisbar","7":"product_cat-abbigliamento","8":"product_cat-accessori-per-labbigliamento","10":"first","11":"instock","12":"shipping-taxable","13":"purchasable","14":"product-type-simple"},"_links":{"self":[{"href":"https:\/\/lucacastelli.com\/fr\/wp-json\/wp\/v2\/product\/505738","targetHints":{"allow":["GET"]}}],"collection":[{"href":"https:\/\/lucacastelli.com\/fr\/wp-json\/wp\/v2\/product"}],"about":[{"href":"https:\/\/lucacastelli.com\/fr\/wp-json\/wp\/v2\/types\/product"}],"wp:featuredmedia":[{"embeddable":true,"href":"https:\/\/lucacastelli.com\/fr\/wp-json\/wp\/v2\/media\/97166"}],"wp:attachment":[{"href":"https:\/\/lucacastelli.com\/fr\/wp-json\/wp\/v2\/media?parent=505738"}],"wp:term":[{"taxonomy":"product_brand","embeddable":true,"href":"https:\/\/lucacastelli.com\/fr\/wp-json\/wp\/v2\/product_brand?post=505738"},{"taxonomy":"product_cat","embeddable":true,"href":"https:\/\/lucacastelli.com\/fr\/wp-json\/wp\/v2\/product_cat?post=505738"},{"taxonomy":"product_tag","embeddable":true,"href":"https:\/\/lucacastelli.com\/fr\/wp-json\/wp\/v2\/product_tag?post=505738"}],"curies":[{"name":"wp","href":"https:\/\/api.w.org\/{rel}","templated":true}]}}