{"id":505726,"date":"2024-08-31T14:30:49","date_gmt":"2024-08-31T12:30:49","guid":{"rendered":"https:\/\/lucacastelli.com\/prodotto\/eisbar-cullen-os-mu-007\/"},"modified":"2026-03-01T00:10:56","modified_gmt":"2026-02-28T23:10:56","slug":"eisbar-cullen-os-mu-007","status":"publish","type":"product","link":"https:\/\/lucacastelli.com\/fr\/produit\/eisbar-cullen-os-mu-007\/","title":{"rendered":"EISB\u00c4R Cullen OS M\u00dc 007"},"content":{"rendered":"<p>Description<br \/>\nAvec deux boutons d\u00e9coratifs sur le c\u00f4t\u00e9, mon motif en tricot textur\u00e9 \u00e9l\u00e9gant dans une coupe surdimensionn\u00e9e n\u2019est pas diff\u00e9rent.<\/p>\n<p>L\u2019aptitude \u00e9prouv\u00e9e \u00e0 tous les temps gr\u00e2ce au m\u00e9lange de mat\u00e9riaux \u00e9prouv\u00e9 50\/50 : Avec un m\u00e9lange sans mulesing de laine m\u00e9rinos et de polyacrylique, j\u2019offre une excellente isolation \u00e0 basse temp\u00e9rature et \u00e9vacue efficacement l\u2019humidit\u00e9 gr\u00e2ce \u00e0 une grande respirabilit\u00e9. Gr\u00e2ce au bandeau int\u00e9rieur suppl\u00e9mentaire en polaire douillette, je garde mes oreilles au chaud m\u00eame pendant les journ\u00e9es d\u2019hiver les plus froides. <\/p>\n","protected":false},"excerpt":{"rendered":"<p>Description Avec deux boutons d\u00e9coratifs sur le c\u00f4t\u00e9, mon motif en tricot textur\u00e9 \u00e9l\u00e9gant dans une coupe surdimensionn\u00e9e n\u2019est pas<\/p>\n","protected":false},"featured_media":97171,"template":"","meta":{"_seopress_robots_primary_cat":"","_seopress_titles_title":"","_seopress_titles_desc":"","_seopress_robots_index":""},"product_brand":[4397],"product_cat":[21,186],"product_tag":[],"class_list":{"0":"post-505726","1":"product","2":"type-product","3":"status-publish","4":"has-post-thumbnail","6":"product_brand-eisbar","7":"product_cat-abbigliamento","8":"product_cat-accessori-per-labbigliamento","10":"first","11":"instock","12":"shipping-taxable","13":"purchasable","14":"product-type-simple"},"_links":{"self":[{"href":"https:\/\/lucacastelli.com\/fr\/wp-json\/wp\/v2\/product\/505726","targetHints":{"allow":["GET"]}}],"collection":[{"href":"https:\/\/lucacastelli.com\/fr\/wp-json\/wp\/v2\/product"}],"about":[{"href":"https:\/\/lucacastelli.com\/fr\/wp-json\/wp\/v2\/types\/product"}],"wp:featuredmedia":[{"embeddable":true,"href":"https:\/\/lucacastelli.com\/fr\/wp-json\/wp\/v2\/media\/97171"}],"wp:attachment":[{"href":"https:\/\/lucacastelli.com\/fr\/wp-json\/wp\/v2\/media?parent=505726"}],"wp:term":[{"taxonomy":"product_brand","embeddable":true,"href":"https:\/\/lucacastelli.com\/fr\/wp-json\/wp\/v2\/product_brand?post=505726"},{"taxonomy":"product_cat","embeddable":true,"href":"https:\/\/lucacastelli.com\/fr\/wp-json\/wp\/v2\/product_cat?post=505726"},{"taxonomy":"product_tag","embeddable":true,"href":"https:\/\/lucacastelli.com\/fr\/wp-json\/wp\/v2\/product_tag?post=505726"}],"curies":[{"name":"wp","href":"https:\/\/api.w.org\/{rel}","templated":true}]}}