{"id":505725,"date":"2023-09-19T10:46:51","date_gmt":"2023-09-19T08:46:51","guid":{"rendered":"https:\/\/lucacastelli.com\/prodotto\/eisbar-jay-pompon-enfant\/"},"modified":"2026-03-01T00:24:43","modified_gmt":"2026-02-28T23:24:43","slug":"eisbar-jay-pompon-enfant","status":"publish","type":"product","link":"https:\/\/lucacastelli.com\/fr\/produit\/eisbar-jay-pompon-enfant\/","title":{"rendered":"EISB\u00c4R Jay Pompon Enfant"},"content":{"rendered":"<p>DESCRIPTION<br \/>\nAvec un m\u00e9lange de couleurs bien choisi, le motif de l\u2019ours polaire brod\u00e9 \u00e0 la main se d\u00e9tache de la texture grossi\u00e8re du crochet et \u00e9gaye l\u2019ensemble avec un pompon en laine. En tant que chapeau pour enfants, il s\u2019adapte confortablement et en toute s\u00e9curit\u00e9, m\u00eame sur les plus petits tours de t\u00eate. <\/p>\n<p>Gr\u00e2ce au bandeau int\u00e9rieur suppl\u00e9mentaire en polaire douillette, je garantis des oreilles chaudes m\u00eame lors des journ\u00e9es d\u2019hiver les plus froides.<\/p>\n<p>MAT\u00c9RIAU<br \/>\n100&nbsp;% polyacrylique<br \/>\nMAT\u00c9RIAU INT\u00c9RIEUR<br \/>\n100&nbsp;% polyester<br \/>\nCOUPE<br \/>\ncoupe r\u00e9guli\u00e8re<br \/>\nTAILLE<br \/>\n55<\/p>\n","protected":false},"excerpt":{"rendered":"<p>DESCRIPTION Avec un m\u00e9lange de couleurs bien choisi, le motif de l\u2019ours polaire brod\u00e9 \u00e0 la main se d\u00e9tache de<\/p>\n","protected":false},"featured_media":97853,"template":"","meta":{"_seopress_robots_primary_cat":"","_seopress_titles_title":"","_seopress_titles_desc":"","_seopress_robots_index":""},"product_brand":[4676],"product_cat":[81,981,1384],"product_tag":[],"class_list":{"0":"post-505725","1":"product","2":"type-product","3":"status-publish","4":"has-post-thumbnail","6":"product_brand-eisbar-fr","7":"product_cat-vetements","8":"product_cat-vetements-de-loisirs","9":"product_cat-vetements-pour-enfants","11":"first","12":"instock","13":"shipping-taxable","14":"purchasable","15":"product-type-variable"},"_links":{"self":[{"href":"https:\/\/lucacastelli.com\/fr\/wp-json\/wp\/v2\/product\/505725","targetHints":{"allow":["GET"]}}],"collection":[{"href":"https:\/\/lucacastelli.com\/fr\/wp-json\/wp\/v2\/product"}],"about":[{"href":"https:\/\/lucacastelli.com\/fr\/wp-json\/wp\/v2\/types\/product"}],"wp:featuredmedia":[{"embeddable":true,"href":"https:\/\/lucacastelli.com\/fr\/wp-json\/wp\/v2\/media\/97853"}],"wp:attachment":[{"href":"https:\/\/lucacastelli.com\/fr\/wp-json\/wp\/v2\/media?parent=505725"}],"wp:term":[{"taxonomy":"product_brand","embeddable":true,"href":"https:\/\/lucacastelli.com\/fr\/wp-json\/wp\/v2\/product_brand?post=505725"},{"taxonomy":"product_cat","embeddable":true,"href":"https:\/\/lucacastelli.com\/fr\/wp-json\/wp\/v2\/product_cat?post=505725"},{"taxonomy":"product_tag","embeddable":true,"href":"https:\/\/lucacastelli.com\/fr\/wp-json\/wp\/v2\/product_tag?post=505725"}],"curies":[{"name":"wp","href":"https:\/\/api.w.org\/{rel}","templated":true}]}}