{"id":505717,"date":"2023-09-19T10:00:01","date_gmt":"2023-09-19T08:00:01","guid":{"rendered":"https:\/\/lucacastelli.com\/prodotto\/eisbar-mikata\/"},"modified":"2026-03-01T00:24:43","modified_gmt":"2026-02-28T23:24:43","slug":"eisbar-mikata","status":"publish","type":"product","link":"https:\/\/lucacastelli.com\/fr\/produit\/eisbar-mikata\/","title":{"rendered":"EISB\u00c4R Mikata"},"content":{"rendered":"<p>DESCRIPTION<br \/>\nUne s\u00e9quence altern\u00e9e de mailles tricot\u00e9es et ferm\u00e9es cr\u00e9e ma structure de vague \u00e9paisse sp\u00e9ciale avec un motif ludique dans un look Space Dye multicolore. Pas \u00e9tonnant que je sois l\u2019un des mod\u00e8les les plus populaires dans cette palette de couleurs. <\/p>\n<p>Je suis particuli\u00e8rement dou\u00e9e pour les jours glaciaux avec ma polaire chaude couvrant tout l\u2019int\u00e9rieur.<\/p>\n<p>Ils sont \u00e9galement disponibles en bonnet Mikata Pompom, Mikata Lux, Mikata Pompon Kids ou bandeau Mikata HB.<\/p>\n<p>MATI\u00c8RE<br \/>\n53&nbsp;% laine | 47&nbsp;% polyacrylique<\/p>\n<p>MAT\u00c9RIAU INT\u00c9RIEUR<br \/>\n100&nbsp;% polyester<\/p>\n<p>SP\u00c9CIALISATIONS fil multicolore<\/p>\n<p>COUPE coupe r\u00e9guli\u00e8re<\/p>\n<p>TAILLE<br \/>\nTaille unique<\/p>\n","protected":false},"excerpt":{"rendered":"<p>DESCRIPTION Une s\u00e9quence altern\u00e9e de mailles tricot\u00e9es et ferm\u00e9es cr\u00e9e ma structure de vague \u00e9paisse sp\u00e9ciale avec un motif ludique<\/p>\n","protected":false},"featured_media":96883,"template":"","meta":{"_seopress_robots_primary_cat":"","_seopress_titles_title":"","_seopress_titles_desc":"","_seopress_robots_index":""},"product_brand":[4676],"product_cat":[81,1390],"product_tag":[],"class_list":{"0":"post-505717","1":"product","2":"type-product","3":"status-publish","4":"has-post-thumbnail","6":"product_brand-eisbar-fr","7":"product_cat-vetements","8":"product_cat-accessoires-dhabillement","10":"first","11":"instock","12":"shipping-taxable","13":"purchasable","14":"product-type-variable"},"_links":{"self":[{"href":"https:\/\/lucacastelli.com\/fr\/wp-json\/wp\/v2\/product\/505717","targetHints":{"allow":["GET"]}}],"collection":[{"href":"https:\/\/lucacastelli.com\/fr\/wp-json\/wp\/v2\/product"}],"about":[{"href":"https:\/\/lucacastelli.com\/fr\/wp-json\/wp\/v2\/types\/product"}],"wp:featuredmedia":[{"embeddable":true,"href":"https:\/\/lucacastelli.com\/fr\/wp-json\/wp\/v2\/media\/96883"}],"wp:attachment":[{"href":"https:\/\/lucacastelli.com\/fr\/wp-json\/wp\/v2\/media?parent=505717"}],"wp:term":[{"taxonomy":"product_brand","embeddable":true,"href":"https:\/\/lucacastelli.com\/fr\/wp-json\/wp\/v2\/product_brand?post=505717"},{"taxonomy":"product_cat","embeddable":true,"href":"https:\/\/lucacastelli.com\/fr\/wp-json\/wp\/v2\/product_cat?post=505717"},{"taxonomy":"product_tag","embeddable":true,"href":"https:\/\/lucacastelli.com\/fr\/wp-json\/wp\/v2\/product_tag?post=505717"}],"curies":[{"name":"wp","href":"https:\/\/api.w.org\/{rel}","templated":true}]}}