{"id":505679,"date":"2023-09-19T08:45:58","date_gmt":"2023-09-19T06:45:58","guid":{"rendered":"https:\/\/lucacastelli.com\/prodotto\/eisbar-mikata-pompon\/"},"modified":"2026-04-18T00:00:25","modified_gmt":"2026-04-17T22:00:25","slug":"eisbar-mikata-pompon","status":"publish","type":"product","link":"https:\/\/lucacastelli.com\/fr\/produit\/eisbar-mikata-pompon\/","title":{"rendered":"EISB\u00c4R Mikata Pompon"},"content":{"rendered":"<p>DESCRIPTION<br \/>\nUne alternance de mailles \u00e0 l\u2019endroit et \u00e0 l\u2019envers cr\u00e9e ma structure sp\u00e9ciale \u00e0 grosses vagues avec un motif ludique dans un look Space Dye multicolore. Il n\u2019est pas \u00e9tonnant que je sois l\u2019un des mod\u00e8les les plus populaires dans cette combinaison de couleurs. <\/p>\n<p>Je suis particuli\u00e8rement adapt\u00e9 aux journ\u00e9es glaciales gr\u00e2ce \u00e0 ma polaire chaude qui recouvre tout l\u2019int\u00e9rieur.<\/p>\n<p>Je suis \u00e9galement disponible en bonnet Mikata Pompon, Mikata Lux, Mikata Pompon Kids ou en bandeau Mikata HB.<\/p>\n<p>MATI\u00c8RE<br \/>\n53 % laine | 47 % polyacrylique<\/p>\n<p>MATI\u00c8RE INT\u00c9RIEURE<br \/>\n100 % polyester<\/p>\n<p>SP\u00c9CIFICIT\u00c9S<br \/>\nfil multicolore<\/p>\n<p>COUPE<br \/>\ncoupe r\u00e9guli\u00e8re<\/p>\n<p>TAILLE<br \/>\nTaille unique<\/p>\n","protected":false},"excerpt":{"rendered":"<p>DESCRIPTION Une alternance de mailles \u00e0 l\u2019endroit et \u00e0 l\u2019envers cr\u00e9e ma structure sp\u00e9ciale \u00e0 grosses vagues avec un motif<\/p>\n","protected":false},"featured_media":96815,"template":"","meta":{"_seopress_robots_primary_cat":"none","_seopress_titles_title":"","_seopress_titles_desc":"","_seopress_robots_index":""},"product_brand":[4676],"product_cat":[81,1390],"product_tag":[],"class_list":{"0":"post-505679","1":"product","2":"type-product","3":"status-publish","4":"has-post-thumbnail","6":"product_brand-eisbar-fr","7":"product_cat-vetements","8":"product_cat-accessoires-dhabillement","10":"first","11":"instock","12":"shipping-taxable","13":"purchasable","14":"product-type-variable"},"_links":{"self":[{"href":"https:\/\/lucacastelli.com\/fr\/wp-json\/wp\/v2\/product\/505679","targetHints":{"allow":["GET"]}}],"collection":[{"href":"https:\/\/lucacastelli.com\/fr\/wp-json\/wp\/v2\/product"}],"about":[{"href":"https:\/\/lucacastelli.com\/fr\/wp-json\/wp\/v2\/types\/product"}],"wp:featuredmedia":[{"embeddable":true,"href":"https:\/\/lucacastelli.com\/fr\/wp-json\/wp\/v2\/media\/96815"}],"wp:attachment":[{"href":"https:\/\/lucacastelli.com\/fr\/wp-json\/wp\/v2\/media?parent=505679"}],"wp:term":[{"taxonomy":"product_brand","embeddable":true,"href":"https:\/\/lucacastelli.com\/fr\/wp-json\/wp\/v2\/product_brand?post=505679"},{"taxonomy":"product_cat","embeddable":true,"href":"https:\/\/lucacastelli.com\/fr\/wp-json\/wp\/v2\/product_cat?post=505679"},{"taxonomy":"product_tag","embeddable":true,"href":"https:\/\/lucacastelli.com\/fr\/wp-json\/wp\/v2\/product_tag?post=505679"}],"curies":[{"name":"wp","href":"https:\/\/api.w.org\/{rel}","templated":true}]}}