{"id":505670,"date":"2023-06-21T08:16:08","date_gmt":"2023-06-21T06:16:08","guid":{"rendered":"https:\/\/lucacastelli.com\/prodotto\/gm-tech-fallkeil-fk-20\/"},"modified":"2026-03-09T00:37:16","modified_gmt":"2026-03-08T23:37:16","slug":"gm-tech-fallkeil-fk-20","status":"publish","type":"product","link":"https:\/\/lucacastelli.com\/fr\/produit\/gm-tech-fallkeil-fk-20\/","title":{"rendered":"GM Tech Mechanical Coin de d\u00e9molition FK 20"},"content":{"rendered":"<p>Douille 1\/2 pouce dans le<br \/>\nmandrin Con\u00e7u pour les cl\u00e9s \u00e0 chocs jusqu\u2019\u00e0 800Nm<\/p>\n<p>Force de fuite \u00e9gale \u00e0 env. 20to<\/p>\n<p>Poids : 2,9 kg<\/p>\n<p>Longueur &#8211; largeur &#8211; hauteur : 435 mm &#8211; 69 mm &#8211; 78 mm<\/p>\n<p>Longueur du bras : 100 mm<\/p>\n","protected":false},"excerpt":{"rendered":"<p>Douille 1\/2 pouce dans le mandrin Con\u00e7u pour les cl\u00e9s \u00e0 chocs jusqu\u2019\u00e0 800Nm Force de fuite \u00e9gale \u00e0 env.<\/p>\n","protected":false},"featured_media":92278,"template":"","meta":{"_seopress_robots_primary_cat":"","_seopress_titles_title":"","_seopress_titles_desc":"","_seopress_robots_index":""},"product_brand":[4402],"product_cat":[29,484],"product_tag":[],"class_list":{"0":"post-505670","1":"product","2":"type-product","3":"status-publish","4":"has-post-thumbnail","6":"product_brand-gm-tech","7":"product_cat-macchinari","8":"product_cat-utensili-e-accessori-forestali","9":"sws-gruppo-attrezz","10":"sws-categoria-sito","11":"sws-conto-ricavi-merci-rivendita-macchinari","12":"sws-gruppo-iva-iva81","14":"first","15":"instock","16":"shipping-taxable","17":"purchasable","18":"product-type-simple"},"_links":{"self":[{"href":"https:\/\/lucacastelli.com\/fr\/wp-json\/wp\/v2\/product\/505670","targetHints":{"allow":["GET"]}}],"collection":[{"href":"https:\/\/lucacastelli.com\/fr\/wp-json\/wp\/v2\/product"}],"about":[{"href":"https:\/\/lucacastelli.com\/fr\/wp-json\/wp\/v2\/types\/product"}],"wp:featuredmedia":[{"embeddable":true,"href":"https:\/\/lucacastelli.com\/fr\/wp-json\/wp\/v2\/media\/92278"}],"wp:attachment":[{"href":"https:\/\/lucacastelli.com\/fr\/wp-json\/wp\/v2\/media?parent=505670"}],"wp:term":[{"taxonomy":"product_brand","embeddable":true,"href":"https:\/\/lucacastelli.com\/fr\/wp-json\/wp\/v2\/product_brand?post=505670"},{"taxonomy":"product_cat","embeddable":true,"href":"https:\/\/lucacastelli.com\/fr\/wp-json\/wp\/v2\/product_cat?post=505670"},{"taxonomy":"product_tag","embeddable":true,"href":"https:\/\/lucacastelli.com\/fr\/wp-json\/wp\/v2\/product_tag?post=505670"}],"curies":[{"name":"wp","href":"https:\/\/api.w.org\/{rel}","templated":true}]}}