{"id":505627,"date":"2023-04-03T13:27:00","date_gmt":"2023-04-03T11:27:00","guid":{"rendered":"https:\/\/lucacastelli.com\/prodotto\/cmp-t-shirt-enfant-jersey-flamme\/"},"modified":"2023-04-03T13:27:00","modified_gmt":"2023-04-03T11:27:00","slug":"cmp-t-shirt-enfant-jersey-flamme","status":"publish","type":"product","link":"https:\/\/lucacastelli.com\/fr\/produit\/cmp-t-shirt-enfant-jersey-flamme\/","title":{"rendered":"CMP T-Shirt Enfant Jersey Flamm\u00e9"},"content":{"rendered":"<p>T-shirt en jersey flamm\u00e9 avec imprim\u00e9 sur le devant, pour vous immerger au mieux dans l\u2019\u00e9t\u00e9. Un tissu doux et une coupe confortable pour ce t-shirt qui deviendra parfait pour le temps de jeu et le temps libre de votre enfant. <\/p>\n","protected":false},"excerpt":{"rendered":"<p>T-shirt en jersey flamm\u00e9 avec imprim\u00e9 sur le devant, pour vous immerger au mieux dans l\u2019\u00e9t\u00e9. Un tissu doux et<\/p>\n","protected":false},"featured_media":88653,"template":"","meta":{"_seopress_robots_primary_cat":"","_seopress_titles_title":"","_seopress_titles_desc":"","_seopress_robots_index":""},"product_brand":[4500],"product_cat":[81,981,1384],"product_tag":[],"class_list":{"0":"post-505627","1":"product","2":"type-product","3":"status-publish","4":"has-post-thumbnail","6":"product_brand-cmp-fr","7":"product_cat-vetements","8":"product_cat-vetements-de-loisirs","9":"product_cat-vetements-pour-enfants","11":"first","12":"instock","13":"shipping-taxable","14":"purchasable","15":"product-type-variable"},"_links":{"self":[{"href":"https:\/\/lucacastelli.com\/fr\/wp-json\/wp\/v2\/product\/505627","targetHints":{"allow":["GET"]}}],"collection":[{"href":"https:\/\/lucacastelli.com\/fr\/wp-json\/wp\/v2\/product"}],"about":[{"href":"https:\/\/lucacastelli.com\/fr\/wp-json\/wp\/v2\/types\/product"}],"wp:featuredmedia":[{"embeddable":true,"href":"https:\/\/lucacastelli.com\/fr\/wp-json\/wp\/v2\/media\/88653"}],"wp:attachment":[{"href":"https:\/\/lucacastelli.com\/fr\/wp-json\/wp\/v2\/media?parent=505627"}],"wp:term":[{"taxonomy":"product_brand","embeddable":true,"href":"https:\/\/lucacastelli.com\/fr\/wp-json\/wp\/v2\/product_brand?post=505627"},{"taxonomy":"product_cat","embeddable":true,"href":"https:\/\/lucacastelli.com\/fr\/wp-json\/wp\/v2\/product_cat?post=505627"},{"taxonomy":"product_tag","embeddable":true,"href":"https:\/\/lucacastelli.com\/fr\/wp-json\/wp\/v2\/product_tag?post=505627"}],"curies":[{"name":"wp","href":"https:\/\/api.w.org\/{rel}","templated":true}]}}