{"id":505607,"date":"2023-04-03T13:58:28","date_gmt":"2023-04-03T11:58:28","guid":{"rendered":"https:\/\/lucacastelli.com\/prodotto\/cmp-pantalon-long-enfant-montee-legere\/"},"modified":"2023-04-03T13:58:28","modified_gmt":"2023-04-03T11:58:28","slug":"cmp-pantalon-long-enfant-montee-legere","status":"publish","type":"product","link":"https:\/\/lucacastelli.com\/fr\/produit\/cmp-pantalon-long-enfant-montee-legere\/","title":{"rendered":"CMP Pantalon Long Enfant Mont\u00e9e L\u00e9g\u00e8re"},"content":{"rendered":"<p>Pantalon pour gar\u00e7on en tissu \u00e9lastique tr\u00e8s l\u00e9ger et respirant, avec un traitement qui prot\u00e8ge des rayons du soleil. La coupe s\u00e8che, les genoux pr\u00e9form\u00e9s, l\u2019\u00e9lastique sur le bas et les d\u00e9tails de couleur contrast\u00e9e donnent un look sportif et augmentent le confort. <\/p>\n","protected":false},"excerpt":{"rendered":"<p>Pantalon pour gar\u00e7on en tissu \u00e9lastique tr\u00e8s l\u00e9ger et respirant, avec un traitement qui prot\u00e8ge des rayons du soleil. La<\/p>\n","protected":false},"featured_media":88705,"template":"","meta":{"_seopress_robots_primary_cat":"","_seopress_titles_title":"","_seopress_titles_desc":"","_seopress_robots_index":""},"product_brand":[4500],"product_cat":[81,981,1384],"product_tag":[],"class_list":{"0":"post-505607","1":"product","2":"type-product","3":"status-publish","4":"has-post-thumbnail","6":"product_brand-cmp-fr","7":"product_cat-vetements","8":"product_cat-vetements-de-loisirs","9":"product_cat-vetements-pour-enfants","11":"first","12":"instock","13":"shipping-taxable","14":"purchasable","15":"product-type-variable"},"_links":{"self":[{"href":"https:\/\/lucacastelli.com\/fr\/wp-json\/wp\/v2\/product\/505607","targetHints":{"allow":["GET"]}}],"collection":[{"href":"https:\/\/lucacastelli.com\/fr\/wp-json\/wp\/v2\/product"}],"about":[{"href":"https:\/\/lucacastelli.com\/fr\/wp-json\/wp\/v2\/types\/product"}],"wp:featuredmedia":[{"embeddable":true,"href":"https:\/\/lucacastelli.com\/fr\/wp-json\/wp\/v2\/media\/88705"}],"wp:attachment":[{"href":"https:\/\/lucacastelli.com\/fr\/wp-json\/wp\/v2\/media?parent=505607"}],"wp:term":[{"taxonomy":"product_brand","embeddable":true,"href":"https:\/\/lucacastelli.com\/fr\/wp-json\/wp\/v2\/product_brand?post=505607"},{"taxonomy":"product_cat","embeddable":true,"href":"https:\/\/lucacastelli.com\/fr\/wp-json\/wp\/v2\/product_cat?post=505607"},{"taxonomy":"product_tag","embeddable":true,"href":"https:\/\/lucacastelli.com\/fr\/wp-json\/wp\/v2\/product_tag?post=505607"}],"curies":[{"name":"wp","href":"https:\/\/api.w.org\/{rel}","templated":true}]}}