{"id":505601,"date":"2023-04-03T12:14:39","date_gmt":"2023-04-03T10:14:39","guid":{"rendered":"https:\/\/lucacastelli.com\/prodotto\/cmp-kid-pantalon-zippe\/"},"modified":"2023-04-03T12:14:39","modified_gmt":"2023-04-03T10:14:39","slug":"cmp-kid-pantalon-zippe","status":"publish","type":"product","link":"https:\/\/lucacastelli.com\/fr\/produit\/cmp-kid-pantalon-zippe\/","title":{"rendered":"CMP Kid Pantalon zipp\u00e9"},"content":{"rendered":"<p>Pantalon de randonn\u00e9e mod\u00e8le cargo avec fermeture \u00e9clair au-dessus des genoux, pour le transformer facilement en bermuda lors des randonn\u00e9es estivales o\u00f9 le temps peut changer soudainement. La technologie Dry Function facilite la transpiration de l\u2019humidit\u00e9 et la thermor\u00e9gulation normale du corps qui, combin\u00e9e au tissu extensible qui peut \u00e9galement prot\u00e9ger des rayons du soleil, garantira confort et bien-\u00eatre m\u00eame lors des sorties les plus intenses. Les nombreuses poches, telles que les poches lat\u00e9rales zipp\u00e9es et les poches profondes au-dessus des genoux, vous permettent de transporter tout ce dont vous avez besoin.  <\/p>\n","protected":false},"excerpt":{"rendered":"<p>Pantalon de randonn\u00e9e mod\u00e8le cargo avec fermeture \u00e9clair au-dessus des genoux, pour le transformer facilement en bermuda lors des randonn\u00e9es<\/p>\n","protected":false},"featured_media":88481,"template":"","meta":{"_seopress_robots_primary_cat":"","_seopress_titles_title":"","_seopress_titles_desc":"","_seopress_robots_index":""},"product_brand":[4500],"product_cat":[81,981,1384],"product_tag":[],"class_list":{"0":"post-505601","1":"product","2":"type-product","3":"status-publish","4":"has-post-thumbnail","6":"product_brand-cmp-fr","7":"product_cat-vetements","8":"product_cat-vetements-de-loisirs","9":"product_cat-vetements-pour-enfants","11":"first","12":"instock","13":"shipping-taxable","14":"purchasable","15":"product-type-variable"},"_links":{"self":[{"href":"https:\/\/lucacastelli.com\/fr\/wp-json\/wp\/v2\/product\/505601","targetHints":{"allow":["GET"]}}],"collection":[{"href":"https:\/\/lucacastelli.com\/fr\/wp-json\/wp\/v2\/product"}],"about":[{"href":"https:\/\/lucacastelli.com\/fr\/wp-json\/wp\/v2\/types\/product"}],"wp:featuredmedia":[{"embeddable":true,"href":"https:\/\/lucacastelli.com\/fr\/wp-json\/wp\/v2\/media\/88481"}],"wp:attachment":[{"href":"https:\/\/lucacastelli.com\/fr\/wp-json\/wp\/v2\/media?parent=505601"}],"wp:term":[{"taxonomy":"product_brand","embeddable":true,"href":"https:\/\/lucacastelli.com\/fr\/wp-json\/wp\/v2\/product_brand?post=505601"},{"taxonomy":"product_cat","embeddable":true,"href":"https:\/\/lucacastelli.com\/fr\/wp-json\/wp\/v2\/product_cat?post=505601"},{"taxonomy":"product_tag","embeddable":true,"href":"https:\/\/lucacastelli.com\/fr\/wp-json\/wp\/v2\/product_tag?post=505601"}],"curies":[{"name":"wp","href":"https:\/\/api.w.org\/{rel}","templated":true}]}}