{"id":505597,"date":"2023-04-03T09:40:30","date_gmt":"2023-04-03T07:40:30","guid":{"rendered":"https:\/\/lucacastelli.com\/prodotto\/cmp-pantalon-de-trekking-enfant\/"},"modified":"2023-04-03T09:40:30","modified_gmt":"2023-04-03T07:40:30","slug":"cmp-pantalon-de-trekking-enfant","status":"publish","type":"product","link":"https:\/\/lucacastelli.com\/fr\/produit\/cmp-pantalon-de-trekking-enfant\/","title":{"rendered":"CMP Pantalon De Trekking Enfant"},"content":{"rendered":"<p>Le pantalon id\u00e9al pour les petits amateurs de plein air, alliant confort et performance. Fabriqu\u00e9 en tissu technique extensible dans les quatre sens et tr\u00e8s respirant gr\u00e2ce \u00e0 la technologie Dry Function. \u00c9quip\u00e9 de deux poches lat\u00e9rales avec fermeture \u00e9clair \u00e0 hauteur de cuisse.  <\/p>\n","protected":false},"excerpt":{"rendered":"<p>Le pantalon id\u00e9al pour les petits amateurs de plein air, alliant confort et performance. Fabriqu\u00e9 en tissu technique extensible dans<\/p>\n","protected":false},"featured_media":88425,"template":"","meta":{"_seopress_robots_primary_cat":"","_seopress_titles_title":"","_seopress_titles_desc":"","_seopress_robots_index":""},"product_brand":[4500],"product_cat":[81,981,1384],"product_tag":[],"class_list":{"0":"post-505597","1":"product","2":"type-product","3":"status-publish","4":"has-post-thumbnail","6":"product_brand-cmp-fr","7":"product_cat-vetements","8":"product_cat-vetements-de-loisirs","9":"product_cat-vetements-pour-enfants","11":"first","12":"instock","13":"shipping-taxable","14":"purchasable","15":"product-type-variable"},"_links":{"self":[{"href":"https:\/\/lucacastelli.com\/fr\/wp-json\/wp\/v2\/product\/505597","targetHints":{"allow":["GET"]}}],"collection":[{"href":"https:\/\/lucacastelli.com\/fr\/wp-json\/wp\/v2\/product"}],"about":[{"href":"https:\/\/lucacastelli.com\/fr\/wp-json\/wp\/v2\/types\/product"}],"wp:featuredmedia":[{"embeddable":true,"href":"https:\/\/lucacastelli.com\/fr\/wp-json\/wp\/v2\/media\/88425"}],"wp:attachment":[{"href":"https:\/\/lucacastelli.com\/fr\/wp-json\/wp\/v2\/media?parent=505597"}],"wp:term":[{"taxonomy":"product_brand","embeddable":true,"href":"https:\/\/lucacastelli.com\/fr\/wp-json\/wp\/v2\/product_brand?post=505597"},{"taxonomy":"product_cat","embeddable":true,"href":"https:\/\/lucacastelli.com\/fr\/wp-json\/wp\/v2\/product_cat?post=505597"},{"taxonomy":"product_tag","embeddable":true,"href":"https:\/\/lucacastelli.com\/fr\/wp-json\/wp\/v2\/product_tag?post=505597"}],"curies":[{"name":"wp","href":"https:\/\/api.w.org\/{rel}","templated":true}]}}