{"id":505573,"date":"2023-04-03T09:46:42","date_gmt":"2023-04-03T07:46:42","guid":{"rendered":"https:\/\/lucacastelli.com\/prodotto\/cmp-t-shirt-enfant-en-coton\/"},"modified":"2023-04-03T09:46:42","modified_gmt":"2023-04-03T07:46:42","slug":"cmp-t-shirt-enfant-en-coton","status":"publish","type":"product","link":"https:\/\/lucacastelli.com\/fr\/produit\/cmp-t-shirt-enfant-en-coton\/","title":{"rendered":"CMP T-shirt enfant en coton"},"content":{"rendered":"<p>T-shirt \u00e0 col rond en 100&nbsp;% coton, confortable, frais et plein de d\u00e9tails inspir\u00e9s de la saison estivale.<\/p>\n","protected":false},"excerpt":{"rendered":"<p>T-shirt \u00e0 col rond en 100&nbsp;% coton, confortable, frais et plein de d\u00e9tails inspir\u00e9s de la saison estivale.<\/p>\n","protected":false},"featured_media":88443,"template":"","meta":{"_seopress_robots_primary_cat":"","_seopress_titles_title":"","_seopress_titles_desc":"","_seopress_robots_index":""},"product_brand":[4500],"product_cat":[81,981,1384],"product_tag":[],"class_list":{"0":"post-505573","1":"product","2":"type-product","3":"status-publish","4":"has-post-thumbnail","6":"product_brand-cmp-fr","7":"product_cat-vetements","8":"product_cat-vetements-de-loisirs","9":"product_cat-vetements-pour-enfants","11":"first","12":"instock","13":"shipping-taxable","14":"purchasable","15":"product-type-variable"},"_links":{"self":[{"href":"https:\/\/lucacastelli.com\/fr\/wp-json\/wp\/v2\/product\/505573","targetHints":{"allow":["GET"]}}],"collection":[{"href":"https:\/\/lucacastelli.com\/fr\/wp-json\/wp\/v2\/product"}],"about":[{"href":"https:\/\/lucacastelli.com\/fr\/wp-json\/wp\/v2\/types\/product"}],"wp:featuredmedia":[{"embeddable":true,"href":"https:\/\/lucacastelli.com\/fr\/wp-json\/wp\/v2\/media\/88443"}],"wp:attachment":[{"href":"https:\/\/lucacastelli.com\/fr\/wp-json\/wp\/v2\/media?parent=505573"}],"wp:term":[{"taxonomy":"product_brand","embeddable":true,"href":"https:\/\/lucacastelli.com\/fr\/wp-json\/wp\/v2\/product_brand?post=505573"},{"taxonomy":"product_cat","embeddable":true,"href":"https:\/\/lucacastelli.com\/fr\/wp-json\/wp\/v2\/product_cat?post=505573"},{"taxonomy":"product_tag","embeddable":true,"href":"https:\/\/lucacastelli.com\/fr\/wp-json\/wp\/v2\/product_tag?post=505573"}],"curies":[{"name":"wp","href":"https:\/\/api.w.org\/{rel}","templated":true}]}}