{"id":505557,"date":"2023-04-03T08:46:56","date_gmt":"2023-04-03T06:46:56","guid":{"rendered":"https:\/\/lucacastelli.com\/prodotto\/cmp-t-shirt-en-jersey-enfant\/"},"modified":"2023-04-03T08:46:56","modified_gmt":"2023-04-03T06:46:56","slug":"cmp-t-shirt-en-jersey-enfant","status":"publish","type":"product","link":"https:\/\/lucacastelli.com\/fr\/produit\/cmp-t-shirt-en-jersey-enfant\/","title":{"rendered":"CMP T-shirt en jersey enfant"},"content":{"rendered":"<p>T-shirt chin\u00e9 en jersey polyester, frais et l\u00e9ger. Le traitement qui inhibe la formation de mauvaises odeurs et la technologie dry function garantissent une sensation de bien-\u00eatre m\u00eame dans les activit\u00e9s sportives les plus intenses. <\/p>\n","protected":false},"excerpt":{"rendered":"<p>T-shirt chin\u00e9 en jersey polyester, frais et l\u00e9ger. Le traitement qui inhibe la formation de mauvaises odeurs et la technologie<\/p>\n","protected":false},"featured_media":88335,"template":"","meta":{"_seopress_robots_primary_cat":"","_seopress_titles_title":"","_seopress_titles_desc":"","_seopress_robots_index":""},"product_brand":[4500],"product_cat":[81,981,1384],"product_tag":[],"class_list":{"0":"post-505557","1":"product","2":"type-product","3":"status-publish","4":"has-post-thumbnail","6":"product_brand-cmp-fr","7":"product_cat-vetements","8":"product_cat-vetements-de-loisirs","9":"product_cat-vetements-pour-enfants","11":"first","12":"instock","13":"shipping-taxable","14":"purchasable","15":"product-type-variable"},"_links":{"self":[{"href":"https:\/\/lucacastelli.com\/fr\/wp-json\/wp\/v2\/product\/505557","targetHints":{"allow":["GET"]}}],"collection":[{"href":"https:\/\/lucacastelli.com\/fr\/wp-json\/wp\/v2\/product"}],"about":[{"href":"https:\/\/lucacastelli.com\/fr\/wp-json\/wp\/v2\/types\/product"}],"wp:featuredmedia":[{"embeddable":true,"href":"https:\/\/lucacastelli.com\/fr\/wp-json\/wp\/v2\/media\/88335"}],"wp:attachment":[{"href":"https:\/\/lucacastelli.com\/fr\/wp-json\/wp\/v2\/media?parent=505557"}],"wp:term":[{"taxonomy":"product_brand","embeddable":true,"href":"https:\/\/lucacastelli.com\/fr\/wp-json\/wp\/v2\/product_brand?post=505557"},{"taxonomy":"product_cat","embeddable":true,"href":"https:\/\/lucacastelli.com\/fr\/wp-json\/wp\/v2\/product_cat?post=505557"},{"taxonomy":"product_tag","embeddable":true,"href":"https:\/\/lucacastelli.com\/fr\/wp-json\/wp\/v2\/product_tag?post=505557"}],"curies":[{"name":"wp","href":"https:\/\/api.w.org\/{rel}","templated":true}]}}