{"id":505542,"date":"2023-03-23T11:06:43","date_gmt":"2023-03-23T10:06:43","guid":{"rendered":"https:\/\/lucacastelli.com\/prodotto\/cmp-kid-hybrid-gilet-fix-hood\/"},"modified":"2023-03-23T11:06:43","modified_gmt":"2023-03-23T10:06:43","slug":"cmp-kid-hybrid-gilet-fix-hood","status":"publish","type":"product","link":"https:\/\/lucacastelli.com\/fr\/produit\/cmp-kid-hybrid-gilet-fix-hood\/","title":{"rendered":"CMP Kid Hybrid Gilet Fix Hood"},"content":{"rendered":"<p>Gilet hybride avec capuche fixe. Le tissu ripstop extral\u00e9ger combin\u00e9 au rembourrage Feel Warm Flat offre une protection contre les intemp\u00e9ries et de la chaleur. Le traitement ext\u00e9rieur hydrofuge est totalement exempt de PFC. Le gilet est compl\u00e9t\u00e9 par la fermeture \u00e9clair frontale avec rabat coupe-vent et anti-frottement, une capuche et un bas \u00e9lastiqu\u00e9s, deux poches zipp\u00e9es.   <\/p>\n","protected":false},"excerpt":{"rendered":"<p>Gilet hybride avec capuche fixe. Le tissu ripstop extral\u00e9ger combin\u00e9 au rembourrage Feel Warm Flat offre une protection contre les<\/p>\n","protected":false},"featured_media":87791,"template":"","meta":{"_seopress_robots_primary_cat":"","_seopress_titles_title":"","_seopress_titles_desc":"","_seopress_robots_index":""},"product_brand":[4500],"product_cat":[81,981,1384],"product_tag":[],"class_list":{"0":"post-505542","1":"product","2":"type-product","3":"status-publish","4":"has-post-thumbnail","6":"product_brand-cmp-fr","7":"product_cat-vetements","8":"product_cat-vetements-de-loisirs","9":"product_cat-vetements-pour-enfants","11":"first","12":"instock","13":"shipping-taxable","14":"purchasable","15":"product-type-variable"},"_links":{"self":[{"href":"https:\/\/lucacastelli.com\/fr\/wp-json\/wp\/v2\/product\/505542","targetHints":{"allow":["GET"]}}],"collection":[{"href":"https:\/\/lucacastelli.com\/fr\/wp-json\/wp\/v2\/product"}],"about":[{"href":"https:\/\/lucacastelli.com\/fr\/wp-json\/wp\/v2\/types\/product"}],"wp:featuredmedia":[{"embeddable":true,"href":"https:\/\/lucacastelli.com\/fr\/wp-json\/wp\/v2\/media\/87791"}],"wp:attachment":[{"href":"https:\/\/lucacastelli.com\/fr\/wp-json\/wp\/v2\/media?parent=505542"}],"wp:term":[{"taxonomy":"product_brand","embeddable":true,"href":"https:\/\/lucacastelli.com\/fr\/wp-json\/wp\/v2\/product_brand?post=505542"},{"taxonomy":"product_cat","embeddable":true,"href":"https:\/\/lucacastelli.com\/fr\/wp-json\/wp\/v2\/product_cat?post=505542"},{"taxonomy":"product_tag","embeddable":true,"href":"https:\/\/lucacastelli.com\/fr\/wp-json\/wp\/v2\/product_tag?post=505542"}],"curies":[{"name":"wp","href":"https:\/\/api.w.org\/{rel}","templated":true}]}}