{"id":505523,"date":"2023-04-03T08:29:30","date_gmt":"2023-04-03T06:29:30","guid":{"rendered":"https:\/\/lucacastelli.com\/prodotto\/cmp-kid-bermuda\/"},"modified":"2023-04-03T08:29:30","modified_gmt":"2023-04-03T06:29:30","slug":"cmp-kid-bermuda","status":"publish","type":"product","link":"https:\/\/lucacastelli.com\/fr\/produit\/cmp-kid-bermuda\/","title":{"rendered":"CMP Kid Bermuda"},"content":{"rendered":"<p>Short cargo de trekking avec poches plaqu\u00e9es. La technologie Dry Function facilite la transpiration de l\u2019humidit\u00e9 et la thermor\u00e9gulation normale du corps qui, combin\u00e9e au tissu extensible qui peut \u00e9galement prot\u00e9ger des rayons du soleil, garantira confort et bien-\u00eatre m\u00eame lors des sorties les plus intenses. Les nombreuses poches, telles que les poches lat\u00e9rales zipp\u00e9es et les poches profondes au-dessus des genoux, vous permettent de transporter tout ce dont vous avez besoin.  <\/p>\n","protected":false},"excerpt":{"rendered":"<p>Short cargo de trekking avec poches plaqu\u00e9es. La technologie Dry Function facilite la transpiration de l\u2019humidit\u00e9 et la thermor\u00e9gulation normale<\/p>\n","protected":false},"featured_media":88312,"template":"","meta":{"_seopress_robots_primary_cat":"","_seopress_titles_title":"","_seopress_titles_desc":"","_seopress_robots_index":""},"product_brand":[4500],"product_cat":[81,981,1384],"product_tag":[],"class_list":{"0":"post-505523","1":"product","2":"type-product","3":"status-publish","4":"has-post-thumbnail","6":"product_brand-cmp-fr","7":"product_cat-vetements","8":"product_cat-vetements-de-loisirs","9":"product_cat-vetements-pour-enfants","11":"first","12":"instock","13":"shipping-taxable","14":"purchasable","15":"product-type-variable"},"_links":{"self":[{"href":"https:\/\/lucacastelli.com\/fr\/wp-json\/wp\/v2\/product\/505523","targetHints":{"allow":["GET"]}}],"collection":[{"href":"https:\/\/lucacastelli.com\/fr\/wp-json\/wp\/v2\/product"}],"about":[{"href":"https:\/\/lucacastelli.com\/fr\/wp-json\/wp\/v2\/types\/product"}],"wp:featuredmedia":[{"embeddable":true,"href":"https:\/\/lucacastelli.com\/fr\/wp-json\/wp\/v2\/media\/88312"}],"wp:attachment":[{"href":"https:\/\/lucacastelli.com\/fr\/wp-json\/wp\/v2\/media?parent=505523"}],"wp:term":[{"taxonomy":"product_brand","embeddable":true,"href":"https:\/\/lucacastelli.com\/fr\/wp-json\/wp\/v2\/product_brand?post=505523"},{"taxonomy":"product_cat","embeddable":true,"href":"https:\/\/lucacastelli.com\/fr\/wp-json\/wp\/v2\/product_cat?post=505523"},{"taxonomy":"product_tag","embeddable":true,"href":"https:\/\/lucacastelli.com\/fr\/wp-json\/wp\/v2\/product_tag?post=505523"}],"curies":[{"name":"wp","href":"https:\/\/api.w.org\/{rel}","templated":true}]}}