{"id":505490,"date":"2023-03-21T12:46:18","date_gmt":"2023-03-21T11:46:18","guid":{"rendered":"https:\/\/lucacastelli.com\/prodotto\/polaire-extensible-cmp-kid-grid-tech\/"},"modified":"2023-03-21T12:46:18","modified_gmt":"2023-03-21T11:46:18","slug":"polaire-extensible-cmp-kid-grid-tech","status":"publish","type":"product","link":"https:\/\/lucacastelli.com\/fr\/produit\/polaire-extensible-cmp-kid-grid-tech\/","title":{"rendered":"Polaire extensible CMP Kid Grid Tech"},"content":{"rendered":"<p>Veste en polaire grid tech, une mati\u00e8re l\u00e9g\u00e8re, isolante et respirante gr\u00e2ce \u00e0 sa structure quadrill\u00e9e particuli\u00e8re. Un v\u00eatement parfait pour toute activit\u00e9 de plein air enrichi par le color blocking, deux poches lat\u00e9rales, un bas et des poignets \u00e9lastiqu\u00e9s <\/p>\n","protected":false},"excerpt":{"rendered":"<p>Veste en polaire grid tech, une mati\u00e8re l\u00e9g\u00e8re, isolante et respirante gr\u00e2ce \u00e0 sa structure quadrill\u00e9e particuli\u00e8re. Un v\u00eatement parfait<\/p>\n","protected":false},"featured_media":87634,"template":"","meta":{"_seopress_robots_primary_cat":"","_seopress_titles_title":"","_seopress_titles_desc":"","_seopress_robots_index":""},"product_brand":[4388],"product_cat":[21,189,685],"product_tag":[],"class_list":{"0":"post-505490","1":"product","2":"type-product","3":"status-publish","4":"has-post-thumbnail","6":"product_brand-cmp","7":"product_cat-abbigliamento","8":"product_cat-abbigliamento-per-il-tempo-libero","9":"product_cat-abbigliamento-da-bambino","11":"first","12":"instock","13":"shipping-taxable","14":"purchasable","15":"product-type-variable"},"_links":{"self":[{"href":"https:\/\/lucacastelli.com\/fr\/wp-json\/wp\/v2\/product\/505490","targetHints":{"allow":["GET"]}}],"collection":[{"href":"https:\/\/lucacastelli.com\/fr\/wp-json\/wp\/v2\/product"}],"about":[{"href":"https:\/\/lucacastelli.com\/fr\/wp-json\/wp\/v2\/types\/product"}],"wp:featuredmedia":[{"embeddable":true,"href":"https:\/\/lucacastelli.com\/fr\/wp-json\/wp\/v2\/media\/87634"}],"wp:attachment":[{"href":"https:\/\/lucacastelli.com\/fr\/wp-json\/wp\/v2\/media?parent=505490"}],"wp:term":[{"taxonomy":"product_brand","embeddable":true,"href":"https:\/\/lucacastelli.com\/fr\/wp-json\/wp\/v2\/product_brand?post=505490"},{"taxonomy":"product_cat","embeddable":true,"href":"https:\/\/lucacastelli.com\/fr\/wp-json\/wp\/v2\/product_cat?post=505490"},{"taxonomy":"product_tag","embeddable":true,"href":"https:\/\/lucacastelli.com\/fr\/wp-json\/wp\/v2\/product_tag?post=505490"}],"curies":[{"name":"wp","href":"https:\/\/api.w.org\/{rel}","templated":true}]}}