{"id":505483,"date":"2023-03-21T10:49:14","date_gmt":"2023-03-21T09:49:14","guid":{"rendered":"https:\/\/lucacastelli.com\/prodotto\/sweat-shirt-a-capuche-enfant-cmp-en-polaire-knit-tech\/"},"modified":"2023-03-21T10:49:14","modified_gmt":"2023-03-21T09:49:14","slug":"sweat-shirt-a-capuche-enfant-cmp-en-polaire-knit-tech","status":"publish","type":"product","link":"https:\/\/lucacastelli.com\/fr\/produit\/sweat-shirt-a-capuche-enfant-cmp-en-polaire-knit-tech\/","title":{"rendered":"Sweat-shirt \u00e0 capuche enfant CMP en polaire Knit-Tech"},"content":{"rendered":"<p>Un look technique pour cette veste \u00e0 capuche molletonn\u00e9e m\u00e8lange, con\u00e7ue pour les petits amoureux du plein air. Construit avec un m\u00e9lange sp\u00e9cial de tissus qui donnent un effet m\u00e8lange, c\u2019est un v\u00eatement l\u00e9ger et respirant, avec une coupe ergonomique, qui peut \u00eatre utilis\u00e9 comme couche interm\u00e9diaire ou ext\u00e9rieure au printemps et en \u00e9t\u00e9. Il est dot\u00e9 d\u2019une capuche pratique et de deux grandes poches sur le devant.  <\/p>\n","protected":false},"excerpt":{"rendered":"<p>Un look technique pour cette veste \u00e0 capuche molletonn\u00e9e m\u00e8lange, con\u00e7ue pour les petits amoureux du plein air. Construit avec<\/p>\n","protected":false},"featured_media":87565,"template":"","meta":{"_seopress_robots_primary_cat":"","_seopress_titles_title":"","_seopress_titles_desc":"","_seopress_robots_index":""},"product_brand":[4500],"product_cat":[81,981,1384],"product_tag":[],"class_list":{"0":"post-505483","1":"product","2":"type-product","3":"status-publish","4":"has-post-thumbnail","6":"product_brand-cmp-fr","7":"product_cat-vetements","8":"product_cat-vetements-de-loisirs","9":"product_cat-vetements-pour-enfants","11":"first","12":"instock","13":"shipping-taxable","14":"purchasable","15":"product-type-variable"},"_links":{"self":[{"href":"https:\/\/lucacastelli.com\/fr\/wp-json\/wp\/v2\/product\/505483","targetHints":{"allow":["GET"]}}],"collection":[{"href":"https:\/\/lucacastelli.com\/fr\/wp-json\/wp\/v2\/product"}],"about":[{"href":"https:\/\/lucacastelli.com\/fr\/wp-json\/wp\/v2\/types\/product"}],"wp:featuredmedia":[{"embeddable":true,"href":"https:\/\/lucacastelli.com\/fr\/wp-json\/wp\/v2\/media\/87565"}],"wp:attachment":[{"href":"https:\/\/lucacastelli.com\/fr\/wp-json\/wp\/v2\/media?parent=505483"}],"wp:term":[{"taxonomy":"product_brand","embeddable":true,"href":"https:\/\/lucacastelli.com\/fr\/wp-json\/wp\/v2\/product_brand?post=505483"},{"taxonomy":"product_cat","embeddable":true,"href":"https:\/\/lucacastelli.com\/fr\/wp-json\/wp\/v2\/product_cat?post=505483"},{"taxonomy":"product_tag","embeddable":true,"href":"https:\/\/lucacastelli.com\/fr\/wp-json\/wp\/v2\/product_tag?post=505483"}],"curies":[{"name":"wp","href":"https:\/\/api.w.org\/{rel}","templated":true}]}}