{"id":505464,"date":"2023-03-21T11:17:18","date_gmt":"2023-03-21T10:17:18","guid":{"rendered":"https:\/\/lucacastelli.com\/prodotto\/veste-cmp-kid-g-hybrid-en-stretch-performance\/"},"modified":"2023-03-21T11:17:18","modified_gmt":"2023-03-21T10:17:18","slug":"veste-cmp-kid-g-hybrid-en-stretch-performance","status":"publish","type":"product","link":"https:\/\/lucacastelli.com\/fr\/produit\/veste-cmp-kid-g-hybrid-en-stretch-performance\/","title":{"rendered":"Veste CMP Kid G Hybrid en Stretch Performance"},"content":{"rendered":"<p>Veste hybride en performance Stretch avec rembourrage sur le devant et capuche en Feel Warm Flat, un mat\u00e9riau fritt\u00e9 r\u00e9sistant \u00e0 l\u2019eau. La fermeture \u00e9clair frontale est \u00e9quip\u00e9e d\u2019un rabat coupe-vent et anti-frottement. Le v\u00eatement est compl\u00e9t\u00e9 par deux poches lat\u00e9rales, des poignets, un ourlet et une capuche \u00e9lastiqu\u00e9s pour un meilleur ajustement au corps. Un v\u00eatement parfait pour les activit\u00e9s de plein air, en premi\u00e8re couche ou en deuxi\u00e8me couche sous une coquille lorsque les temp\u00e9ratures sont plus basses.   <\/p>\n","protected":false},"excerpt":{"rendered":"<p>Veste hybride en performance Stretch avec rembourrage sur le devant et capuche en Feel Warm Flat, un mat\u00e9riau fritt\u00e9 r\u00e9sistant<\/p>\n","protected":false},"featured_media":87601,"template":"","meta":{"_seopress_robots_primary_cat":"","_seopress_titles_title":"","_seopress_titles_desc":"","_seopress_robots_index":""},"product_brand":[4500],"product_cat":[81,981,1384],"product_tag":[],"class_list":{"0":"post-505464","1":"product","2":"type-product","3":"status-publish","4":"has-post-thumbnail","6":"product_brand-cmp-fr","7":"product_cat-vetements","8":"product_cat-vetements-de-loisirs","9":"product_cat-vetements-pour-enfants","10":"sws-gruppo-abb-libero","11":"sws-categoria-sito","12":"sws-conto-ricavi-merci-rivendita-abbigliamento","13":"sws-gruppo-iva-iva81","15":"first","16":"instock","17":"shipping-taxable","18":"purchasable","19":"product-type-variable"},"_links":{"self":[{"href":"https:\/\/lucacastelli.com\/fr\/wp-json\/wp\/v2\/product\/505464","targetHints":{"allow":["GET"]}}],"collection":[{"href":"https:\/\/lucacastelli.com\/fr\/wp-json\/wp\/v2\/product"}],"about":[{"href":"https:\/\/lucacastelli.com\/fr\/wp-json\/wp\/v2\/types\/product"}],"wp:featuredmedia":[{"embeddable":true,"href":"https:\/\/lucacastelli.com\/fr\/wp-json\/wp\/v2\/media\/87601"}],"wp:attachment":[{"href":"https:\/\/lucacastelli.com\/fr\/wp-json\/wp\/v2\/media?parent=505464"}],"wp:term":[{"taxonomy":"product_brand","embeddable":true,"href":"https:\/\/lucacastelli.com\/fr\/wp-json\/wp\/v2\/product_brand?post=505464"},{"taxonomy":"product_cat","embeddable":true,"href":"https:\/\/lucacastelli.com\/fr\/wp-json\/wp\/v2\/product_cat?post=505464"},{"taxonomy":"product_tag","embeddable":true,"href":"https:\/\/lucacastelli.com\/fr\/wp-json\/wp\/v2\/product_tag?post=505464"}],"curies":[{"name":"wp","href":"https:\/\/api.w.org\/{rel}","templated":true}]}}