{"id":505458,"date":"2022-12-01T10:01:38","date_gmt":"2022-12-01T09:01:38","guid":{"rendered":"https:\/\/lucacastelli.com\/prodotto\/cmp-kid-sweat-fix-hood\/"},"modified":"2026-01-31T00:02:37","modified_gmt":"2026-01-30T23:02:37","slug":"cmp-kid-sweat-fix-hood","status":"publish","type":"product","link":"https:\/\/lucacastelli.com\/fr\/produit\/cmp-kid-sweat-fix-hood\/","title":{"rendered":"CMP Kid Sweat Fix Hood"},"content":{"rendered":"<p>Sweat-shirt en tissu Stretch Performance, l\u00e9ger, isolant et capable d\u2019accompagner m\u00eame les mouvements les plus difficiles du corps. Un v\u00eatement essentiel, enrichi de graphismes inspir\u00e9s de l\u2019ext\u00e9rieur sur le devant, et \u00e9quip\u00e9 de d\u00e9tails qui am\u00e9liorent le confort et la fonctionnalit\u00e9, tels que les deux cordons de serrage pour ajuster la capuche et l\u2019ourlet \u00e9lastique sur les poignets et le bas. Ce v\u00eatement est enti\u00e8rement produit dans nos propres usines, et est certifi\u00e9 Oeko-Tex\u00ae Standard 100 car il garantit la plus grande attention \u00e0 l\u2019utilisation de mat\u00e9riaux et de teintures non polluants pour l\u2019environnement et toxiques pour l\u2019homme.  <\/p>\n","protected":false},"excerpt":{"rendered":"<p>Sweat-shirt en tissu Stretch Performance, l\u00e9ger, isolant et capable d\u2019accompagner m\u00eame les mouvements les plus difficiles du corps. Un v\u00eatement<\/p>\n","protected":false},"featured_media":84716,"template":"","meta":{"_seopress_robots_primary_cat":"","_seopress_titles_title":"","_seopress_titles_desc":"","_seopress_robots_index":""},"product_brand":[4500],"product_cat":[81,981,1384],"product_tag":[],"class_list":{"0":"post-505458","1":"product","2":"type-product","3":"status-publish","4":"has-post-thumbnail","6":"product_brand-cmp-fr","7":"product_cat-vetements","8":"product_cat-vetements-de-loisirs","9":"product_cat-vetements-pour-enfants","11":"first","12":"instock","13":"shipping-taxable","14":"purchasable","15":"product-type-variable"},"_links":{"self":[{"href":"https:\/\/lucacastelli.com\/fr\/wp-json\/wp\/v2\/product\/505458","targetHints":{"allow":["GET"]}}],"collection":[{"href":"https:\/\/lucacastelli.com\/fr\/wp-json\/wp\/v2\/product"}],"about":[{"href":"https:\/\/lucacastelli.com\/fr\/wp-json\/wp\/v2\/types\/product"}],"wp:featuredmedia":[{"embeddable":true,"href":"https:\/\/lucacastelli.com\/fr\/wp-json\/wp\/v2\/media\/84716"}],"wp:attachment":[{"href":"https:\/\/lucacastelli.com\/fr\/wp-json\/wp\/v2\/media?parent=505458"}],"wp:term":[{"taxonomy":"product_brand","embeddable":true,"href":"https:\/\/lucacastelli.com\/fr\/wp-json\/wp\/v2\/product_brand?post=505458"},{"taxonomy":"product_cat","embeddable":true,"href":"https:\/\/lucacastelli.com\/fr\/wp-json\/wp\/v2\/product_cat?post=505458"},{"taxonomy":"product_tag","embeddable":true,"href":"https:\/\/lucacastelli.com\/fr\/wp-json\/wp\/v2\/product_tag?post=505458"}],"curies":[{"name":"wp","href":"https:\/\/api.w.org\/{rel}","templated":true}]}}