{"id":505446,"date":"2022-09-27T13:06:04","date_gmt":"2022-09-27T11:06:04","guid":{"rendered":"https:\/\/lucacastelli.com\/prodotto\/cmp-cache-cou-pour-enfants\/"},"modified":"2022-09-27T13:06:04","modified_gmt":"2022-09-27T11:06:04","slug":"cmp-cache-cou-pour-enfants","status":"publish","type":"product","link":"https:\/\/lucacastelli.com\/fr\/produit\/cmp-cache-cou-pour-enfants\/","title":{"rendered":"CMP Cache-cou pour enfants"},"content":{"rendered":"<p>Tour de cou b\u00e9b\u00e9 bleu fuchsia en polaire chaude. Mat\u00e9riau : 100 % polyester <\/p>\n","protected":false},"excerpt":{"rendered":"<p>Tour de cou b\u00e9b\u00e9 bleu fuchsia en polaire chaude. Mat\u00e9riau : 100 % polyester<\/p>\n","protected":false},"featured_media":82483,"template":"","meta":{"_seopress_robots_primary_cat":"","_seopress_titles_title":"","_seopress_titles_desc":"","_seopress_robots_index":""},"product_brand":[4500],"product_cat":[81,981,1384],"product_tag":[],"class_list":{"0":"post-505446","1":"product","2":"type-product","3":"status-publish","4":"has-post-thumbnail","6":"product_brand-cmp-fr","7":"product_cat-vetements","8":"product_cat-vetements-de-loisirs","9":"product_cat-vetements-pour-enfants","11":"first","12":"instock","13":"shipping-taxable","14":"purchasable","15":"product-type-variable"},"_links":{"self":[{"href":"https:\/\/lucacastelli.com\/fr\/wp-json\/wp\/v2\/product\/505446","targetHints":{"allow":["GET"]}}],"collection":[{"href":"https:\/\/lucacastelli.com\/fr\/wp-json\/wp\/v2\/product"}],"about":[{"href":"https:\/\/lucacastelli.com\/fr\/wp-json\/wp\/v2\/types\/product"}],"wp:featuredmedia":[{"embeddable":true,"href":"https:\/\/lucacastelli.com\/fr\/wp-json\/wp\/v2\/media\/82483"}],"wp:attachment":[{"href":"https:\/\/lucacastelli.com\/fr\/wp-json\/wp\/v2\/media?parent=505446"}],"wp:term":[{"taxonomy":"product_brand","embeddable":true,"href":"https:\/\/lucacastelli.com\/fr\/wp-json\/wp\/v2\/product_brand?post=505446"},{"taxonomy":"product_cat","embeddable":true,"href":"https:\/\/lucacastelli.com\/fr\/wp-json\/wp\/v2\/product_cat?post=505446"},{"taxonomy":"product_tag","embeddable":true,"href":"https:\/\/lucacastelli.com\/fr\/wp-json\/wp\/v2\/product_tag?post=505446"}],"curies":[{"name":"wp","href":"https:\/\/api.w.org\/{rel}","templated":true}]}}