{"id":505437,"date":"2022-11-08T08:41:36","date_gmt":"2022-11-08T07:41:36","guid":{"rendered":"https:\/\/lucacastelli.com\/prodotto\/cmp-kid-g-pantalon-long\/"},"modified":"2026-01-31T00:02:37","modified_gmt":"2026-01-30T23:02:37","slug":"cmp-kid-g-pantalon-long","status":"publish","type":"product","link":"https:\/\/lucacastelli.com\/fr\/produit\/cmp-kid-g-pantalon-long\/","title":{"rendered":"CMP Kid G Pantalon Long"},"content":{"rendered":"<p>Le pantalon con\u00e7u pour les randonn\u00e9es et les promenades hivernales de votre petite fille, o\u00f9 la membrane Clima Protect prot\u00e8ge des \u00e9l\u00e9ments, sans compromettre la respirabilit\u00e9 (Waterproof 7 000, MVP 1 000). Le brossage interne donnera une sensation agr\u00e9able au contact de la peau. Il y a deux poches lat\u00e9rales o\u00f9 vous pouvez ranger tous les objets utiles pour les aventures de votre petit !  <\/p>\n","protected":false},"excerpt":{"rendered":"<p>Le pantalon con\u00e7u pour les randonn\u00e9es et les promenades hivernales de votre petite fille, o\u00f9 la membrane Clima Protect prot\u00e8ge<\/p>\n","protected":false},"featured_media":83550,"template":"","meta":{"_seopress_robots_primary_cat":"","_seopress_titles_title":"","_seopress_titles_desc":"","_seopress_robots_index":""},"product_brand":[4500],"product_cat":[81,981,1384],"product_tag":[],"class_list":{"0":"post-505437","1":"product","2":"type-product","3":"status-publish","4":"has-post-thumbnail","6":"product_brand-cmp-fr","7":"product_cat-vetements","8":"product_cat-vetements-de-loisirs","9":"product_cat-vetements-pour-enfants","11":"first","12":"instock","13":"shipping-taxable","14":"purchasable","15":"product-type-variable"},"_links":{"self":[{"href":"https:\/\/lucacastelli.com\/fr\/wp-json\/wp\/v2\/product\/505437","targetHints":{"allow":["GET"]}}],"collection":[{"href":"https:\/\/lucacastelli.com\/fr\/wp-json\/wp\/v2\/product"}],"about":[{"href":"https:\/\/lucacastelli.com\/fr\/wp-json\/wp\/v2\/types\/product"}],"wp:featuredmedia":[{"embeddable":true,"href":"https:\/\/lucacastelli.com\/fr\/wp-json\/wp\/v2\/media\/83550"}],"wp:attachment":[{"href":"https:\/\/lucacastelli.com\/fr\/wp-json\/wp\/v2\/media?parent=505437"}],"wp:term":[{"taxonomy":"product_brand","embeddable":true,"href":"https:\/\/lucacastelli.com\/fr\/wp-json\/wp\/v2\/product_brand?post=505437"},{"taxonomy":"product_cat","embeddable":true,"href":"https:\/\/lucacastelli.com\/fr\/wp-json\/wp\/v2\/product_cat?post=505437"},{"taxonomy":"product_tag","embeddable":true,"href":"https:\/\/lucacastelli.com\/fr\/wp-json\/wp\/v2\/product_tag?post=505437"}],"curies":[{"name":"wp","href":"https:\/\/api.w.org\/{rel}","templated":true}]}}