{"id":505430,"date":"2025-02-20T13:45:22","date_gmt":"2025-02-20T12:45:22","guid":{"rendered":"https:\/\/lucacastelli.com\/prodotto\/courant-cross-pro-54-l\/"},"modified":"2025-02-20T13:45:22","modified_gmt":"2025-02-20T12:45:22","slug":"courant-cross-pro-54-l","status":"publish","type":"product","link":"https:\/\/lucacastelli.com\/fr\/produit\/courant-cross-pro-54-l\/","title":{"rendered":"Courant Cross Pro 54 l"},"content":{"rendered":"<p>Sac \u00e0 outils d\u2019arboriculture avec de nombreuses boucles et compartiments. Acc\u00e8s facile \u00e0 l\u2019\u00e9quipement. Bretelles rembourr\u00e9es. Poids 1,5 kg.   <\/p>\n<p>Le Courant Cross Pro L 54 l est un sac \u00e0 outils spacieux pour les arboriculteurs. Il s\u2019ouvre compl\u00e8tement et gr\u00e2ce aux nombreux compartiments et boucles qu\u2019il offre, il range l\u2019\u00e9quipement de mani\u00e8re claire et ordonn\u00e9e. Gr\u00e2ce aux bretelles rembourr\u00e9es, le poids est r\u00e9parti uniform\u00e9ment pendant le transport.  <\/p>\n<ul>\n<li>Sac d\u2019\u00e9lagage<\/li>\n<li>Capacit\u00e9 54 litres<\/li>\n<li>Nombreuses boucles et compartiments<\/li>\n<li>Acc\u00e8s facile \u00e0 l\u2019\u00e9quipement<\/li>\n<li>avec bretelles rembourr\u00e9es<\/li>\n<li>Dimensions 76 x 32 x 25 cm<\/li>\n<li>Poids 1,5 kg<\/li>\n<\/ul>\n","protected":false},"excerpt":{"rendered":"<p>Sac \u00e0 outils d\u2019arboriculture avec de nombreuses boucles et compartiments. Acc\u00e8s facile \u00e0 l\u2019\u00e9quipement. Bretelles rembourr\u00e9es. Poids 1,5 kg. Le<\/p>\n","protected":false},"featured_media":92684,"template":"","meta":{"_seopress_robots_primary_cat":"","_seopress_titles_title":"","_seopress_titles_desc":"","_seopress_robots_index":""},"product_brand":[4493],"product_cat":[1496,144,1397],"product_tag":[],"class_list":{"0":"post-505430","1":"product","2":"type-product","3":"status-publish","4":"has-post-thumbnail","6":"product_brand-courant-fr","7":"product_cat-autres-equipements-de-travail","8":"product_cat-equipement","9":"product_cat-equipement-de-travail","10":"sws-gruppo-attrezz","11":"sws-conto-ricavi-merci-rivendita-abbigliamento","12":"sws-gruppo-iva-iva81","14":"first","15":"instock","16":"shipping-taxable","17":"purchasable","18":"product-type-simple"},"_links":{"self":[{"href":"https:\/\/lucacastelli.com\/fr\/wp-json\/wp\/v2\/product\/505430","targetHints":{"allow":["GET"]}}],"collection":[{"href":"https:\/\/lucacastelli.com\/fr\/wp-json\/wp\/v2\/product"}],"about":[{"href":"https:\/\/lucacastelli.com\/fr\/wp-json\/wp\/v2\/types\/product"}],"wp:featuredmedia":[{"embeddable":true,"href":"https:\/\/lucacastelli.com\/fr\/wp-json\/wp\/v2\/media\/92684"}],"wp:attachment":[{"href":"https:\/\/lucacastelli.com\/fr\/wp-json\/wp\/v2\/media?parent=505430"}],"wp:term":[{"taxonomy":"product_brand","embeddable":true,"href":"https:\/\/lucacastelli.com\/fr\/wp-json\/wp\/v2\/product_brand?post=505430"},{"taxonomy":"product_cat","embeddable":true,"href":"https:\/\/lucacastelli.com\/fr\/wp-json\/wp\/v2\/product_cat?post=505430"},{"taxonomy":"product_tag","embeddable":true,"href":"https:\/\/lucacastelli.com\/fr\/wp-json\/wp\/v2\/product_tag?post=505430"}],"curies":[{"name":"wp","href":"https:\/\/api.w.org\/{rel}","templated":true}]}}