{"id":505405,"date":"2025-02-11T13:31:48","date_gmt":"2025-02-11T12:31:48","guid":{"rendered":"https:\/\/lucacastelli.com\/prodotto\/husqvarna-schnittschutzbeinlinge-fonctionnel\/"},"modified":"2025-02-11T13:31:48","modified_gmt":"2025-02-11T12:31:48","slug":"husqvarna-schnittschutzbeinlinge-fonctionnel","status":"publish","type":"product","link":"https:\/\/lucacastelli.com\/fr\/produit\/husqvarna-schnittschutzbeinlinge-fonctionnel\/","title":{"rendered":"Husqvarna Schnittschutzbeinlinge Fonctionnel"},"content":{"rendered":"<p>Jambi\u00e8res fonctionnelles<br \/>\nJambi\u00e8res confortables et r\u00e9sistantes aux coupures pour un travail occasionnel avec la tron\u00e7onneuse. Facile \u00e0 enfiler et \u00e0 porter par-dessus un pantalon de travail. La coupe \u00e0 la taille et aux jambes peut \u00eatre facilement ajust\u00e9e \u00e0 l\u2019aide de sangles et de boucles et d\u2019une fermeture velcro sur les mollets. Les renforts en Cordura sur les genoux et les chevilles offrent une\u00ae durabilit\u00e9 accrue. La face avant orange vif avec logo r\u00e9fl\u00e9chissant assure une bonne visibilit\u00e9. Conforme \u00e0 la norme EN ISO 11393-2:2019 Classe 1 (20 m\/s).     <\/p>\n","protected":false},"excerpt":{"rendered":"<p>Jambi\u00e8res fonctionnelles Jambi\u00e8res confortables et r\u00e9sistantes aux coupures pour un travail occasionnel avec la tron\u00e7onneuse. Facile \u00e0 enfiler et \u00e0<\/p>\n","protected":false},"featured_media":96631,"template":"","meta":{"_seopress_robots_primary_cat":"","_seopress_titles_title":"","_seopress_titles_desc":"","_seopress_robots_index":""},"product_brand":[4371],"product_cat":[81,1381],"product_tag":[],"class_list":{"0":"post-505405","1":"product","2":"type-product","3":"status-publish","4":"has-post-thumbnail","6":"product_brand-husqvarna-fr","7":"product_cat-vetements","8":"product_cat-vetements-de-travail","9":"sws-gruppo-abb-libero-fr","10":"sws-conto-ricavi-merci-rivendita-abbigliamento-fr","11":"sws-gruppo-iva-iva81-fr","13":"first","14":"instock","15":"shipping-taxable","16":"purchasable","17":"product-type-variable"},"_links":{"self":[{"href":"https:\/\/lucacastelli.com\/fr\/wp-json\/wp\/v2\/product\/505405","targetHints":{"allow":["GET"]}}],"collection":[{"href":"https:\/\/lucacastelli.com\/fr\/wp-json\/wp\/v2\/product"}],"about":[{"href":"https:\/\/lucacastelli.com\/fr\/wp-json\/wp\/v2\/types\/product"}],"wp:featuredmedia":[{"embeddable":true,"href":"https:\/\/lucacastelli.com\/fr\/wp-json\/wp\/v2\/media\/96631"}],"wp:attachment":[{"href":"https:\/\/lucacastelli.com\/fr\/wp-json\/wp\/v2\/media?parent=505405"}],"wp:term":[{"taxonomy":"product_brand","embeddable":true,"href":"https:\/\/lucacastelli.com\/fr\/wp-json\/wp\/v2\/product_brand?post=505405"},{"taxonomy":"product_cat","embeddable":true,"href":"https:\/\/lucacastelli.com\/fr\/wp-json\/wp\/v2\/product_cat?post=505405"},{"taxonomy":"product_tag","embeddable":true,"href":"https:\/\/lucacastelli.com\/fr\/wp-json\/wp\/v2\/product_tag?post=505405"}],"curies":[{"name":"wp","href":"https:\/\/api.w.org\/{rel}","templated":true}]}}