{"id":505400,"date":"2023-10-12T13:08:40","date_gmt":"2023-10-12T11:08:40","guid":{"rendered":"https:\/\/lucacastelli.com\/prodotto\/husqvarna-gehoerschutz-h300-technique\/"},"modified":"2023-10-12T13:08:40","modified_gmt":"2023-10-12T11:08:40","slug":"husqvarna-gehoerschutz-h300-technique","status":"publish","type":"product","link":"https:\/\/lucacastelli.com\/fr\/produit\/husqvarna-gehoerschutz-h300-technique\/","title":{"rendered":"Husqvarna Geh\u00f6rschutz H300 Technique"},"content":{"rendered":"<p>Protection auditive Husqvarna H300<br \/>\nCette protection auditive a \u00e9t\u00e9 con\u00e7ue pour assurer une ergonomie optimale et une longue dur\u00e9e de vie. Il est dot\u00e9 d\u2019un insert unique en polyur\u00e9thane qui offre un espace maximal pour les oreilles. Le meilleur choix en termes de confort et de pr\u00e9f\u00e9rences individuelles.  <\/p>\n<p>Convient aux casques forestiers.<\/p>\n","protected":false},"excerpt":{"rendered":"<p>Protection auditive Husqvarna H300 Cette protection auditive a \u00e9t\u00e9 con\u00e7ue pour assurer une ergonomie optimale et une longue dur\u00e9e de<\/p>\n","protected":false},"featured_media":94661,"template":"","meta":{"_seopress_robots_primary_cat":"","_seopress_titles_title":"","_seopress_titles_desc":"","_seopress_robots_index":""},"product_brand":[4368],"product_cat":[33,537,815,816],"product_tag":[],"class_list":{"0":"post-505400","1":"product","2":"type-product","3":"status-publish","4":"has-post-thumbnail","6":"product_brand-husqvarna","7":"product_cat-attrezzature","8":"product_cat-attrezzatura-da-lavoro","9":"product_cat-caschi","10":"product_cat-visiere-e-occhiali-protettivi","11":"sws-gruppo-abb-libero-de","12":"sws-conto-ricavi-merci-rivendita-abbigliamento","13":"sws-gruppo-iva-iva81-fr","15":"first","16":"instock","17":"shipping-taxable","18":"purchasable","19":"product-type-simple"},"_links":{"self":[{"href":"https:\/\/lucacastelli.com\/fr\/wp-json\/wp\/v2\/product\/505400","targetHints":{"allow":["GET"]}}],"collection":[{"href":"https:\/\/lucacastelli.com\/fr\/wp-json\/wp\/v2\/product"}],"about":[{"href":"https:\/\/lucacastelli.com\/fr\/wp-json\/wp\/v2\/types\/product"}],"wp:featuredmedia":[{"embeddable":true,"href":"https:\/\/lucacastelli.com\/fr\/wp-json\/wp\/v2\/media\/94661"}],"wp:attachment":[{"href":"https:\/\/lucacastelli.com\/fr\/wp-json\/wp\/v2\/media?parent=505400"}],"wp:term":[{"taxonomy":"product_brand","embeddable":true,"href":"https:\/\/lucacastelli.com\/fr\/wp-json\/wp\/v2\/product_brand?post=505400"},{"taxonomy":"product_cat","embeddable":true,"href":"https:\/\/lucacastelli.com\/fr\/wp-json\/wp\/v2\/product_cat?post=505400"},{"taxonomy":"product_tag","embeddable":true,"href":"https:\/\/lucacastelli.com\/fr\/wp-json\/wp\/v2\/product_tag?post=505400"}],"curies":[{"name":"wp","href":"https:\/\/api.w.org\/{rel}","templated":true}]}}